{"id":752676,"date":"2025-08-28T05:22:10","date_gmt":"2025-08-28T02:22:10","guid":{"rendered":"https:\/\/roveyayinevi.com.tr\/index.php\/urun\/yikimin-cocuklari\/"},"modified":"2026-04-16T03:06:00","modified_gmt":"2026-04-16T00:06:00","slug":"yikimin-cocuklari","status":"publish","type":"product","link":"https:\/\/roveyayinevi.com.tr\/index.php\/urun\/yikimin-cocuklari\/","title":{"rendered":"Y\u0131k\u0131m\u0131n \u00c7ocuklar\u0131"},"content":{"rendered":"<p>Adrian Tchaikovsky, Arthur C. Clarke \u00f6d\u00fcll\u00fc roman\u0131 Zaman\u0131n \u00c7ocuklar\u0131\u2019n\u0131n bu devam kitab\u0131nda bizleri heyecan dolu ve destans\u0131 bir maceraya daha \u00e7\u0131kar\u0131yor.   Binlerce y\u0131l \u00f6nce insanl\u0131k, uzay\u0131n dehlizlerinde yeni d\u00fcnyalar in\u015fa etmeye \u00e7al\u0131\u015f\u0131yordu. Derken beklenmedik bir geli\u015fme ya\u015fand\u0131, ya\u015famla \u00e7a\u011flay\u0131p g\u00fcrleyen bir gezegen ke\u015ffedildi. Ancak kimse fark etmese de orada ba\u015fka bir \u015fey daha vard\u0131; sinsi, tehlikeli ve kabu\u011fundan s\u0131yr\u0131l\u0131p t\u00fcm evrene n\u00fcfuz etmeyi d\u00fc\u015fleyen bir \u015fey\u2026 \u0130nsanlar ve Portia \u00d6r\u00fcmcekleri, binlerce y\u0131l sonra ald\u0131klar\u0131 radyo sinyalinin kayna\u011f\u0131na do\u011fru belirsiz bir yolculu\u011fa \u00e7\u0131karlar. T\u0131pk\u0131 mum \u0131\u015f\u0131\u011f\u0131n\u0131n b\u00fcy\u00fcs\u00fcne kap\u0131lm\u0131\u015f bir g\u00fcve misali.   Do\u011fan\u0131n karma\u015fas\u0131na dair zihin a\u00e7\u0131c\u0131 kavramlarla dolup ta\u015fan Y\u0131k\u0131m\u0131n \u00c7ocuklar\u0131, sert bilimkurgudan ve s\u00fcr\u00fckleyici uzay operalar\u0131ndan ho\u015flananlar\u0131 hayal g\u00fcc\u00fc y\u00fcksek bir yolculu\u011fa daha davet ediyor\u2026 <\/p>\n","protected":false},"excerpt":{"rendered":"<p>Adrian Tchaikovsky, Arthur C. Clarke \u00f6d\u00fcll\u00fc roman\u0131 Zaman\u0131n \u00c7ocuklar\u0131\u2019n\u0131n bu devam kitab\u0131nda bizleri heyecan dolu ve destans\u0131 bir maceraya daha \u00e7\u0131kar\u0131yor. Binlerce y\u0131l \u00f6nce insanl\u0131k, uzay\u0131n<span class=\"excerpt-hellip\"> [\u2026]<\/span><\/p>\n","protected":false},"featured_media":0,"template":"","meta":{"_monsterinsights_skip_tracking":false,"_monsterinsights_sitenote_active":false,"_monsterinsights_sitenote_note":"","_monsterinsights_sitenote_category":0},"product_brand":[],"product_cat":[12540,12291],"product_tag":[],"class_list":{"0":"post-752676","1":"product","2":"type-product","3":"status-publish","5":"product_cat-bilim-kurgu","6":"product_cat-edebiyat","7":"pa_cilt-ciltsiz","8":"pa_tur-kitap","9":"pa_yayinevi-eksik-parca-yayinlari","10":"pa_yazar-adrian-tchaikovsky","12":"first","13":"instock","14":"sale","15":"shipping-taxable","16":"purchasable","17":"product-type-simple"},"_links":{"self":[{"href":"https:\/\/roveyayinevi.com.tr\/index.php\/wp-json\/wp\/v2\/product\/752676","targetHints":{"allow":["GET"]}}],"collection":[{"href":"https:\/\/roveyayinevi.com.tr\/index.php\/wp-json\/wp\/v2\/product"}],"about":[{"href":"https:\/\/roveyayinevi.com.tr\/index.php\/wp-json\/wp\/v2\/types\/product"}],"wp:attachment":[{"href":"https:\/\/roveyayinevi.com.tr\/index.php\/wp-json\/wp\/v2\/media?parent=752676"}],"wp:term":[{"taxonomy":"product_brand","embeddable":true,"href":"https:\/\/roveyayinevi.com.tr\/index.php\/wp-json\/wp\/v2\/product_brand?post=752676"},{"taxonomy":"product_cat","embeddable":true,"href":"https:\/\/roveyayinevi.com.tr\/index.php\/wp-json\/wp\/v2\/product_cat?post=752676"},{"taxonomy":"product_tag","embeddable":true,"href":"https:\/\/roveyayinevi.com.tr\/index.php\/wp-json\/wp\/v2\/product_tag?post=752676"}],"curies":[{"name":"wp","href":"https:\/\/api.w.org\/{rel}","templated":true}]}}