{"id":752675,"date":"2025-08-28T05:22:09","date_gmt":"2025-08-28T02:22:09","guid":{"rendered":"https:\/\/roveyayinevi.com.tr\/index.php\/urun\/cikartmali-boyama-sportmen-cocuklar-futbo\/"},"modified":"2026-04-16T03:06:00","modified_gmt":"2026-04-16T00:06:00","slug":"cikartmali-boyama-sportmen-cocuklar-futbo","status":"publish","type":"product","link":"https:\/\/roveyayinevi.com.tr\/index.php\/urun\/cikartmali-boyama-sportmen-cocuklar-futbo\/","title":{"rendered":"\u00c7\u0131kartmal\u0131 Boyama &#8211; Sportmen \u00c7ocuklar &#8211; Futbo"},"content":{"rendered":"<p>Okul \u00f6ncesi e\u011fitimde \u00e7oklu zek\u00e2n\u0131n t\u00fcm t\u00fcrlerine hitap eden \u00e7al\u0131\u015fmalar yap\u0131lmal\u0131. \u00c7\u0131kartmal\u0131 boyamalar \u00e7ocu\u011fun g\u00f6rsel, dokunsal zek\u00e2 t\u00fcrlerine do\u011frudan hitap eder. Kalem tutma becerisinin artmas\u0131 yan\u0131nda \u00e7\u0131kartmalarla yap\u0131lan e\u015fle\u015ftirmeler mant\u0131ksal zek\u00e2 geli\u015fimi ve k\u00fc\u00e7\u00fck motor kas geli\u015fimi i\u00e7in \u00f6nemlidir. Futbol, t\u00fcm d\u00fcnyada en \u00e7ok fanati\u011fi olan spor. Haydi, renklerini sen belirle. Bu futbol d\u00fcnyas\u0131 senin eserin olacak, \u00e7\u0131kartmalar\u0131 ile birlikte&#8230;<\/p>\n","protected":false},"excerpt":{"rendered":"<p>Okul \u00f6ncesi e\u011fitimde \u00e7oklu zek\u00e2n\u0131n t\u00fcm t\u00fcrlerine hitap eden \u00e7al\u0131\u015fmalar yap\u0131lmal\u0131. \u00c7\u0131kartmal\u0131 boyamalar \u00e7ocu\u011fun g\u00f6rsel, dokunsal zek\u00e2 t\u00fcrlerine do\u011frudan hitap eder. Kalem tutma becerisinin artmas\u0131 yan\u0131nda<span class=\"excerpt-hellip\"> [\u2026]<\/span><\/p>\n","protected":false},"featured_media":0,"template":"","meta":{"_monsterinsights_skip_tracking":false,"_monsterinsights_sitenote_active":false,"_monsterinsights_sitenote_note":"","_monsterinsights_sitenote_category":0},"product_brand":[],"product_cat":[12644,12274],"product_tag":[],"class_list":{"0":"post-752675","1":"product","2":"type-product","3":"status-publish","5":"product_cat-boyama-kitaplari","6":"product_cat-cocuk-ve-genclik-kitaplari","7":"pa_cilt-ciltsiz","8":"pa_tur-kitap","9":"pa_yayinevi-yagmur-cocuk-yayinlari","10":"pa_yazar-kolektif","12":"first","13":"instock","14":"sale","15":"shipping-taxable","16":"purchasable","17":"product-type-simple"},"_links":{"self":[{"href":"https:\/\/roveyayinevi.com.tr\/index.php\/wp-json\/wp\/v2\/product\/752675","targetHints":{"allow":["GET"]}}],"collection":[{"href":"https:\/\/roveyayinevi.com.tr\/index.php\/wp-json\/wp\/v2\/product"}],"about":[{"href":"https:\/\/roveyayinevi.com.tr\/index.php\/wp-json\/wp\/v2\/types\/product"}],"wp:attachment":[{"href":"https:\/\/roveyayinevi.com.tr\/index.php\/wp-json\/wp\/v2\/media?parent=752675"}],"wp:term":[{"taxonomy":"product_brand","embeddable":true,"href":"https:\/\/roveyayinevi.com.tr\/index.php\/wp-json\/wp\/v2\/product_brand?post=752675"},{"taxonomy":"product_cat","embeddable":true,"href":"https:\/\/roveyayinevi.com.tr\/index.php\/wp-json\/wp\/v2\/product_cat?post=752675"},{"taxonomy":"product_tag","embeddable":true,"href":"https:\/\/roveyayinevi.com.tr\/index.php\/wp-json\/wp\/v2\/product_tag?post=752675"}],"curies":[{"name":"wp","href":"https:\/\/api.w.org\/{rel}","templated":true}]}}