{"id":752668,"date":"2025-08-28T05:21:59","date_gmt":"2025-08-28T02:21:59","guid":{"rendered":"https:\/\/roveyayinevi.com.tr\/index.php\/urun\/disleksi-ustunlugu\/"},"modified":"2025-12-30T11:11:59","modified_gmt":"2025-12-30T08:11:59","slug":"disleksi-ustunlugu","status":"publish","type":"product","link":"https:\/\/roveyayinevi.com.tr\/index.php\/urun\/disleksi-ustunlugu\/","title":{"rendered":"Disleksi \u00dcst\u00fcnl\u00fc\u011f\u00fc"},"content":{"rendered":"<p>Disleksisi olan veya dislektik kis\u0327ilerle yas\u0327ayan herkes, bunun c\u0327ok c\u0327ileli bir durum olabileceg\u0306ini bilir. Geleneksel olarak okuma yazma ve dig\u0306er akademik becerilerde o\u0308g\u0306renme gu\u0308c\u0327lu\u0308g\u0306u\u0308 olarak tan\u0131mlanan bu profil, bu\u0308yu\u0308k o\u0308lc\u0327u\u0308de bir kusur olarak alg\u0131lan\u0131r. Gerc\u0327ekte ise, son derece o\u0308zel bir bilis\u0327sel yap\u0131ya is\u0327aret eder ve pek bilinmese de birc\u0327ok beceri ic\u0327erir. Bas\u0327ar\u0131l\u0131 insanlar\u0131n c\u0327ocukken belli alanlarda zorlanm\u0131s\u0327 olabileceg\u0306i pek akla gelmese de, pek c\u0327ok mimar, mu\u0308hendis, avukat, hatta edebiyatc\u0327\u0131 okul y\u0131llar\u0131nda okuma yazma o\u0308g\u0306renmede gu\u0308c\u0327lu\u0308k yas\u0327am\u0131s\u0327t\u0131r. Bu kis\u0327ilerin nas\u0131l bir ortak o\u0308zellig\u0306i vard\u0131r? Dislektik kis\u0327iler basit kabul edilen akademik becerilerde to\u0308kezlerken nas\u0131l uzamsal muhakeme, mekanik kabiliyet, o\u0308ru\u0308ntu\u0308leri alg\u0131lama, soyut bilgileri kavrama gibi konularda akranlar\u0131ndan ayr\u0131l\u0131rlar? Disleksi kal\u0131t\u0131msal m\u0131d\u0131r? Ebeveynler, ne tu\u0308r ipuc\u0327lar\u0131n\u0131 takip ederek c\u0327ocuklar\u0131n\u0131n dislektik oldug\u0306unu anlayabilirler? Okulun en tuhaf o\u0308g\u0306rencileri c\u0327og\u0306unlukla neden ayn\u0131 zamanda okulun en zekileri olurlar? Kitap okumaktan hos\u0327lanmayan c\u0327ocuklar gerc\u0327ekte okumakta zorlan\u0131yor olabilirler mi? O\u0308g\u0306retmenler dislektik o\u0308g\u0306rencilere destekleyici bir eg\u0306itim ortam\u0131 sag\u0306lamak ic\u0327in ne yapabilir? Dislektik kis\u0327iler, okulda ve is\u0327 hayat\u0131nda bas\u0327ar\u0131l\u0131 olmak ic\u0327in ne tu\u0308r arac\u0327 ve kaynaklardan destek almal\u0131d\u0131r? Sinirbilimin yan\u0131 s\u0131ra eg\u0306itim alan\u0131ndaki go\u0308zlem ve tecru\u0308belerinden ilham alan Dr. Fernette ve Brock Eide, toplumun yaklas\u0327\u0131k bes\u0327te biri gibi genis\u0327 bir kesimini etkileyen disleksiye yeni bir tan\u0131m getiriyorlar: Onu bir eksiklik ya da engel olarak go\u0308rmek yerine, bir tu\u0308r \u201cu\u0308stu\u0308nlu\u0308k patolojisi\u201d olarak ele al\u0131nmas\u0131n\u0131 sag\u0306layacak bir paradigma deg\u0306is\u0327imi o\u0308neriyorlar. Dislektik bireyler, ebeveynler ve eg\u0306itimciler ic\u0327in yepyeni kap\u0131lar ac\u0327an ve onlara bas\u0327ar\u0131ya ulas\u0327ma yolunda cesaret as\u0327\u0131layan bir kaynak. <\/p>\n","protected":false},"excerpt":{"rendered":"<p>Disleksisi olan veya dislektik kis\u0327ilerle yas\u0327ayan herkes, bunun c\u0327ok c\u0327ileli bir durum olabileceg\u0306ini bilir. Geleneksel olarak okuma yazma ve dig\u0306er akademik becerilerde o\u0308g\u0306renme gu\u0308c\u0327lu\u0308g\u0306u\u0308 olarak tan\u0131mlanan<span class=\"excerpt-hellip\"> [\u2026]<\/span><\/p>\n","protected":false},"featured_media":0,"template":"","meta":{"_monsterinsights_skip_tracking":false,"_monsterinsights_sitenote_active":false,"_monsterinsights_sitenote_note":"","_monsterinsights_sitenote_category":0},"product_brand":[],"product_cat":[12357],"product_tag":[],"class_list":{"0":"post-752668","1":"product","2":"type-product","3":"status-publish","5":"product_cat-psikoloji","6":"pa_cilt-ciltsiz","7":"pa_tur-kitap","8":"pa_yayinevi-iletisim-yayinlari","9":"pa_yazar-brock-l-eide-fernette-f-eide","11":"first","12":"instock","13":"sale","14":"shipping-taxable","15":"purchasable","16":"product-type-simple"},"_links":{"self":[{"href":"https:\/\/roveyayinevi.com.tr\/index.php\/wp-json\/wp\/v2\/product\/752668","targetHints":{"allow":["GET"]}}],"collection":[{"href":"https:\/\/roveyayinevi.com.tr\/index.php\/wp-json\/wp\/v2\/product"}],"about":[{"href":"https:\/\/roveyayinevi.com.tr\/index.php\/wp-json\/wp\/v2\/types\/product"}],"wp:attachment":[{"href":"https:\/\/roveyayinevi.com.tr\/index.php\/wp-json\/wp\/v2\/media?parent=752668"}],"wp:term":[{"taxonomy":"product_brand","embeddable":true,"href":"https:\/\/roveyayinevi.com.tr\/index.php\/wp-json\/wp\/v2\/product_brand?post=752668"},{"taxonomy":"product_cat","embeddable":true,"href":"https:\/\/roveyayinevi.com.tr\/index.php\/wp-json\/wp\/v2\/product_cat?post=752668"},{"taxonomy":"product_tag","embeddable":true,"href":"https:\/\/roveyayinevi.com.tr\/index.php\/wp-json\/wp\/v2\/product_tag?post=752668"}],"curies":[{"name":"wp","href":"https:\/\/api.w.org\/{rel}","templated":true}]}}