{"id":752667,"date":"2025-08-28T05:21:58","date_gmt":"2025-08-28T02:21:58","guid":{"rendered":"https:\/\/roveyayinevi.com.tr\/index.php\/urun\/erken-modern-osmanlida-deliler-ve-delilik\/"},"modified":"2026-04-16T03:06:00","modified_gmt":"2026-04-16T00:06:00","slug":"erken-modern-osmanlida-deliler-ve-delilik","status":"publish","type":"product","link":"https:\/\/roveyayinevi.com.tr\/index.php\/urun\/erken-modern-osmanlida-deliler-ve-delilik\/","title":{"rendered":"Erken Modern Osmanl\u0131\u2019da Deliler ve Delilik"},"content":{"rendered":"<p>Hem merak hem korku uyand\u0131ran, psikiyatriden c\u0327es\u0327itli sanat dallar\u0131na genis\u0327 bir yelpazenin konusu olmus\u0327 delilik ve delileri Ru\u0308ya K\u0131l\u0131c\u0327, erken modern do\u0308nem Osmanl\u0131\u2019da inceliyor. Delilerin tes\u0327his edilmesi, delilik alametleri, tedavi yo\u0308ntemleri gibi t\u0131bb\u0131n konuya yaklas\u0327\u0131m\u0131n\u0131n yan\u0131 s\u0131ra toplumun delilere bak\u0131s\u0327 ac\u0327\u0131s\u0131n\u0131 da ihmal etmiyor. Osmanl\u0131\u2019da dinin, delilere muameledeki etkisini de siyasi iktidar\u0131n delilere olan tavr\u0131n\u0131 da dikkate al\u0131yor. Modern psikiyatri o\u0308ncesiyle gu\u0308nu\u0308mu\u0308zdeki delilik \u201ctan\u0131mlar\u0131n\u0131n\u201d farkl\u0131l\u0131g\u0306\u0131n\u0131 da mercek alt\u0131na alan Erken Modern Do\u0308nem Osmanl\u0131\u2019da Delilik ve Deliler, yazar\u0131n\u0131n deyimiyle \u201cbir sessizlig\u0306i\u201d deliyor, ilgi duyulan ancak u\u0308zerine c\u0327ok c\u0327al\u0131s\u0327\u0131lmam\u0131s\u0327 bir alana \u0131s\u0327\u0131k tutuyor. \u201c[&#8230;] delilik bir kis\u0327i ic\u0327in su\u0308rgu\u0308n gerekc\u0327esi daha sonra ayn\u0131 kis\u0327i hakk\u0131nda merhamet talebiyle affedilme gerekc\u0327esi olarak kars\u0327\u0131m\u0131za c\u0327\u0131kabiliyor. Kald\u0131 ki s\u0131kl\u0131kla vurgulanan merhamet s\u0131n\u0131rs\u0131z ve kars\u0327\u0131l\u0131ks\u0131z deg\u0306ildi. K\u0131saca ifade edecek olursak, yap\u0131lan, sadece Osmanl\u0131\u2019da deliler ve delilikle ilgili yu\u0308zeysel ve genelleyici yarg\u0131lara varmak yerine bunlar\u0131 anlamaya ve anlatmaya yo\u0308nelik s\u0131n\u0131rl\u0131 bir c\u0327abadan ibarettir.\u201d RU\u0308YA KILIC\u0327 <\/p>\n","protected":false},"excerpt":{"rendered":"<p>Hem merak hem korku uyand\u0131ran, psikiyatriden c\u0327es\u0327itli sanat dallar\u0131na genis\u0327 bir yelpazenin konusu olmus\u0327 delilik ve delileri Ru\u0308ya K\u0131l\u0131c\u0327, erken modern do\u0308nem Osmanl\u0131\u2019da inceliyor. Delilerin tes\u0327his<span class=\"excerpt-hellip\"> [\u2026]<\/span><\/p>\n","protected":false},"featured_media":0,"template":"","meta":{"_monsterinsights_skip_tracking":false,"_monsterinsights_sitenote_active":false,"_monsterinsights_sitenote_note":"","_monsterinsights_sitenote_category":0},"product_brand":[],"product_cat":[12304],"product_tag":[],"class_list":{"0":"post-752667","1":"product","2":"type-product","3":"status-publish","5":"product_cat-tarih","6":"pa_cilt-ciltsiz","7":"pa_tur-kitap","8":"pa_yayinevi-iletisim-yayinlari","9":"pa_yazar-ruya-kilic","11":"first","12":"instock","13":"sale","14":"shipping-taxable","15":"purchasable","16":"product-type-simple"},"_links":{"self":[{"href":"https:\/\/roveyayinevi.com.tr\/index.php\/wp-json\/wp\/v2\/product\/752667","targetHints":{"allow":["GET"]}}],"collection":[{"href":"https:\/\/roveyayinevi.com.tr\/index.php\/wp-json\/wp\/v2\/product"}],"about":[{"href":"https:\/\/roveyayinevi.com.tr\/index.php\/wp-json\/wp\/v2\/types\/product"}],"wp:attachment":[{"href":"https:\/\/roveyayinevi.com.tr\/index.php\/wp-json\/wp\/v2\/media?parent=752667"}],"wp:term":[{"taxonomy":"product_brand","embeddable":true,"href":"https:\/\/roveyayinevi.com.tr\/index.php\/wp-json\/wp\/v2\/product_brand?post=752667"},{"taxonomy":"product_cat","embeddable":true,"href":"https:\/\/roveyayinevi.com.tr\/index.php\/wp-json\/wp\/v2\/product_cat?post=752667"},{"taxonomy":"product_tag","embeddable":true,"href":"https:\/\/roveyayinevi.com.tr\/index.php\/wp-json\/wp\/v2\/product_tag?post=752667"}],"curies":[{"name":"wp","href":"https:\/\/api.w.org\/{rel}","templated":true}]}}