{"id":752665,"date":"2025-08-28T05:21:55","date_gmt":"2025-08-28T02:21:55","guid":{"rendered":"https:\/\/roveyayinevi.com.tr\/index.php\/urun\/bitmeyen-cehalet\/"},"modified":"2026-04-16T03:06:00","modified_gmt":"2026-04-16T00:06:00","slug":"bitmeyen-cehalet","status":"publish","type":"product","link":"https:\/\/roveyayinevi.com.tr\/index.php\/urun\/bitmeyen-cehalet\/","title":{"rendered":"Bitmeyen Cehalet"},"content":{"rendered":"<p>Ayd\u0131nlanma sava\u015f\u00e7\u0131s\u0131 Prof. Dr. \u0130lhan Arsel\u2019in gazete ve dergi sayfalar\u0131nda kalan veya kendi \u00f6zel ar\u015fivinde bulunup da hi\u00e7 yay\u0131mlanmam\u0131\u015f olan makaleleri Arzu Toker taraf\u0131ndan derlendi. Cehaletin \u0130ktidar\u0131\u2019n\u0131n ilk cildi 2017\u2019de yay\u0131mlanm\u0131\u015ft\u0131. Bu ikinci ciltte Bitmeyen Cehalet ad\u0131 alt\u0131nda okuyaca\u011f\u0131n\u0131z yaz\u0131lar\u0131n i\u00e7eri\u011fi g\u00fcncel politikada \u00f6nemli olan pek \u00e7ok soruya cevap verme niteli\u011fi ta\u015f\u0131d\u0131\u011f\u0131 i\u00e7in yaz\u0131l\u0131\u015f tarihi ve s\u0131ralar\u0131 g\u00f6zetilmeden se\u00e7ildi. Arsel, bu makalelerinde g\u00fcncel politikadaki \u00f6nemli pek \u00e7ok soruyu yan\u0131tl\u0131yor. Bir anayasa hukuk\u00e7usu g\u00f6z\u00fcyle \u0130slamiyet\u2019te kad\u0131n\u0131n yerini, din ve devlet ili\u015fkisini, demokrasimizin kar\u015f\u0131layabilece\u011fi sorunlar\u0131 irdeliyor.   Kitapta yer alan baz\u0131 konu ba\u015fl\u0131klar\u0131 \u015funlard\u0131r:   \u2022 Atat\u00fcrk, Tanr\u0131 \u201cFikri\u201d ve Bilirki\u015fi Raporu \u2022 Toplumu \u0130lkel Tanr\u0131 Anlay\u0131\u015f\u0131ndan Kurtarmayan Ayd\u0131n \u2022 \u201cTakiye\u201d Yoluyla Laik Cumhuriyeti Y\u0131kmak \u2022 \u0130slamda \u201cYap\u0131\u015f\u0131k Karde\u015fler\u201d: Din ve Devlet \u2022 \u015eeriat\u00e7\u0131n\u0131n Arap\u00e7a Yaz\u0131l\u0131 Bayraklarla Yeni Marifetleri \u2022 Diyanet Ba\u015fkan\u0131n\u0131n \u201cFetva\u201ds\u0131 Vesilesiyle! \u2022 Yery\u00fcz\u00fc Cehennemi Olmayaca\u011f\u0131z \u2022 Arapla\u015fan T\u00fcrk \u2022 Y\u00fcksek Tahsilli Gericiler \u2022 Diyanet Hurafe Sat\u0131yor \u2022 Gericili\u011fin T\u00fcrkiye\u2019yi Getirdi\u011fi Nokta \u2022 \u201cDin Adam\u0131\u201d Meselesi \u2022 \u201cT\u00fcrk\u201dl\u00fck ve \u201c\u0130slamc\u0131\u201dl\u0131k <\/p>\n","protected":false},"excerpt":{"rendered":"<p>Ayd\u0131nlanma sava\u015f\u00e7\u0131s\u0131 Prof. Dr. \u0130lhan Arsel\u2019in gazete ve dergi sayfalar\u0131nda kalan veya kendi \u00f6zel ar\u015fivinde bulunup da hi\u00e7 yay\u0131mlanmam\u0131\u015f olan makaleleri Arzu Toker taraf\u0131ndan derlendi. Cehaletin<span class=\"excerpt-hellip\"> [\u2026]<\/span><\/p>\n","protected":false},"featured_media":0,"template":"","meta":{"_monsterinsights_skip_tracking":false,"_monsterinsights_sitenote_active":false,"_monsterinsights_sitenote_note":"","_monsterinsights_sitenote_category":0},"product_brand":[],"product_cat":[12718],"product_tag":[],"class_list":{"0":"post-752665","1":"product","2":"type-product","3":"status-publish","5":"product_cat-din","6":"pa_cilt-ciltsiz","7":"pa_tur-kitap","8":"pa_yayinevi-kaynak-yayinlari","9":"pa_yazar-ilhan-arsel","11":"first","12":"instock","13":"sale","14":"shipping-taxable","15":"purchasable","16":"product-type-simple"},"_links":{"self":[{"href":"https:\/\/roveyayinevi.com.tr\/index.php\/wp-json\/wp\/v2\/product\/752665","targetHints":{"allow":["GET"]}}],"collection":[{"href":"https:\/\/roveyayinevi.com.tr\/index.php\/wp-json\/wp\/v2\/product"}],"about":[{"href":"https:\/\/roveyayinevi.com.tr\/index.php\/wp-json\/wp\/v2\/types\/product"}],"wp:attachment":[{"href":"https:\/\/roveyayinevi.com.tr\/index.php\/wp-json\/wp\/v2\/media?parent=752665"}],"wp:term":[{"taxonomy":"product_brand","embeddable":true,"href":"https:\/\/roveyayinevi.com.tr\/index.php\/wp-json\/wp\/v2\/product_brand?post=752665"},{"taxonomy":"product_cat","embeddable":true,"href":"https:\/\/roveyayinevi.com.tr\/index.php\/wp-json\/wp\/v2\/product_cat?post=752665"},{"taxonomy":"product_tag","embeddable":true,"href":"https:\/\/roveyayinevi.com.tr\/index.php\/wp-json\/wp\/v2\/product_tag?post=752665"}],"curies":[{"name":"wp","href":"https:\/\/api.w.org\/{rel}","templated":true}]}}