{"id":752664,"date":"2025-08-28T05:21:53","date_gmt":"2025-08-28T02:21:53","guid":{"rendered":"https:\/\/roveyayinevi.com.tr\/index.php\/urun\/93-devrimi\/"},"modified":"2025-11-21T09:26:05","modified_gmt":"2025-11-21T06:26:05","slug":"93-devrimi","status":"publish","type":"product","link":"https:\/\/roveyayinevi.com.tr\/index.php\/urun\/93-devrimi\/","title":{"rendered":"93 Devrimi"},"content":{"rendered":"<p>\u0130ki y\u0131lda Cumhuriyet pek \u00e7ok \u015feye tan\u0131kl\u0131k etti: XVI. Louis\u2019nin idam\u0131, ter\u00f6r, Ulusal Konvansiyonun kurulmas\u0131 ve Vende\u00e9\u2019deki monar\u015fi yanl\u0131s\u0131 ayaklanma. Victor Hugo\u2019nun \u00fc\u00e7 kahraman\u0131, soylu ve ya\u015fl\u0131 Lanenac, Devrimin romantik vizyonunu \u00f6z\u00fcmsemi\u015f ye\u011feni Gauvain ve Gauvain\u2019in \u00f6z babas\u0131 gibi g\u00f6rd\u00fc\u011f\u00fc halk adam\u0131 Cimourdain bu tarihsel arka planda bir araya geliyor. 93 Devrimi, kendini kan\u0131tlam\u0131\u015f,   \u00fcn\u00fcn\u00fcn zirvesinde bir yazar\u0131n son romanlar\u0131ndan biridir. \u0130yi ile k\u00f6t\u00fc aras\u0131ndaki amans\u0131z m\u00fccadele, \u00f6l\u00fcms\u00fczl\u00fck fikri ve toplumsal endi\u015feler \u00fczerine okuru d\u00fc\u015f\u00fcnmeye te\u015fvik eder. <\/p>\n","protected":false},"excerpt":{"rendered":"<p>\u0130ki y\u0131lda Cumhuriyet pek \u00e7ok \u015feye tan\u0131kl\u0131k etti: XVI. Louis\u2019nin idam\u0131, ter\u00f6r, Ulusal Konvansiyonun kurulmas\u0131 ve Vende\u00e9\u2019deki monar\u015fi yanl\u0131s\u0131 ayaklanma. Victor Hugo\u2019nun \u00fc\u00e7 kahraman\u0131, soylu ve<span class=\"excerpt-hellip\"> [\u2026]<\/span><\/p>\n","protected":false},"featured_media":0,"template":"","meta":{"_monsterinsights_skip_tracking":false,"_monsterinsights_sitenote_active":false,"_monsterinsights_sitenote_note":"","_monsterinsights_sitenote_category":0},"product_brand":[],"product_cat":[12291,13872],"product_tag":[],"class_list":{"0":"post-752664","1":"product","2":"type-product","3":"status-publish","5":"product_cat-edebiyat","6":"product_cat-klasikler","7":"pa_cilt-ciltsiz","8":"pa_tur-kitap","9":"pa_yayinevi-alfa-yayinlari","10":"pa_yazar-victor-hugo","12":"first","13":"instock","14":"sale","15":"shipping-taxable","16":"purchasable","17":"product-type-simple"},"_links":{"self":[{"href":"https:\/\/roveyayinevi.com.tr\/index.php\/wp-json\/wp\/v2\/product\/752664","targetHints":{"allow":["GET"]}}],"collection":[{"href":"https:\/\/roveyayinevi.com.tr\/index.php\/wp-json\/wp\/v2\/product"}],"about":[{"href":"https:\/\/roveyayinevi.com.tr\/index.php\/wp-json\/wp\/v2\/types\/product"}],"wp:attachment":[{"href":"https:\/\/roveyayinevi.com.tr\/index.php\/wp-json\/wp\/v2\/media?parent=752664"}],"wp:term":[{"taxonomy":"product_brand","embeddable":true,"href":"https:\/\/roveyayinevi.com.tr\/index.php\/wp-json\/wp\/v2\/product_brand?post=752664"},{"taxonomy":"product_cat","embeddable":true,"href":"https:\/\/roveyayinevi.com.tr\/index.php\/wp-json\/wp\/v2\/product_cat?post=752664"},{"taxonomy":"product_tag","embeddable":true,"href":"https:\/\/roveyayinevi.com.tr\/index.php\/wp-json\/wp\/v2\/product_tag?post=752664"}],"curies":[{"name":"wp","href":"https:\/\/api.w.org\/{rel}","templated":true}]}}