{"id":752662,"date":"2025-08-28T05:21:50","date_gmt":"2025-08-28T02:21:50","guid":{"rendered":"https:\/\/roveyayinevi.com.tr\/index.php\/urun\/hayatinin-sefi-ol\/"},"modified":"2026-04-16T03:06:00","modified_gmt":"2026-04-16T00:06:00","slug":"hayatinin-sefi-ol","status":"publish","type":"product","link":"https:\/\/roveyayinevi.com.tr\/index.php\/urun\/hayatinin-sefi-ol\/","title":{"rendered":"Hayat\u0131n\u0131n \u015eefi Ol"},"content":{"rendered":"<p>Bu d\u00fcnyadan g\u00f6\u00e7\u00fcp gitmeden \u00f6nce, \u00f6\u011frendiklerimi ve hazmettiklerimi ba\u015fka insanlara fayda sa\u011flayacak kal\u0131c\u0131 bir imza olarak b\u0131rakma niyetiyle yaz\u0131lm\u0131\u015f bir kitap okuyacaks\u0131n\u0131z. \u00c7\u00fcnk\u00fc benim i\u00e7in hayattaki ger\u00e7ek ba\u015far\u0131, bir ba\u015fka insan\u0131n hayat\u0131na iyilikle katabildi\u011fim de\u011ferle \u00f6l\u00e7\u00fcl\u00fc. Benden sonra kalan sesim miras\u0131m olsun, i\u00e7inde iyilik, sevgi ve \u015fifa olan.   \u201c\u0130yili\u011fi kendinize \u00e7ekmenin en kesin yolu, ba\u015fkas\u0131 i\u00e7in iyilik yapmay\u0131 niyetiniz haline getirmektir.&#8221; Oprah WInfrey <\/p>\n","protected":false},"excerpt":{"rendered":"<p>Bu d\u00fcnyadan g\u00f6\u00e7\u00fcp gitmeden \u00f6nce, \u00f6\u011frendiklerimi ve hazmettiklerimi ba\u015fka insanlara fayda sa\u011flayacak kal\u0131c\u0131 bir imza olarak b\u0131rakma niyetiyle yaz\u0131lm\u0131\u015f bir kitap okuyacaks\u0131n\u0131z. \u00c7\u00fcnk\u00fc benim i\u00e7in hayattaki<span class=\"excerpt-hellip\"> [\u2026]<\/span><\/p>\n","protected":false},"featured_media":0,"template":"","meta":{"_monsterinsights_skip_tracking":false,"_monsterinsights_sitenote_active":false,"_monsterinsights_sitenote_note":"","_monsterinsights_sitenote_category":0},"product_brand":[],"product_cat":[12364],"product_tag":[],"class_list":{"0":"post-752662","1":"product","2":"type-product","3":"status-publish","5":"product_cat-genel-konular","6":"pa_cilt-ciltsiz","7":"pa_tur-kitap","8":"pa_yayinevi-mona-kitap","9":"pa_yazar-yesim-kaya","11":"first","12":"instock","13":"sale","14":"shipping-taxable","15":"purchasable","16":"product-type-simple"},"_links":{"self":[{"href":"https:\/\/roveyayinevi.com.tr\/index.php\/wp-json\/wp\/v2\/product\/752662","targetHints":{"allow":["GET"]}}],"collection":[{"href":"https:\/\/roveyayinevi.com.tr\/index.php\/wp-json\/wp\/v2\/product"}],"about":[{"href":"https:\/\/roveyayinevi.com.tr\/index.php\/wp-json\/wp\/v2\/types\/product"}],"wp:attachment":[{"href":"https:\/\/roveyayinevi.com.tr\/index.php\/wp-json\/wp\/v2\/media?parent=752662"}],"wp:term":[{"taxonomy":"product_brand","embeddable":true,"href":"https:\/\/roveyayinevi.com.tr\/index.php\/wp-json\/wp\/v2\/product_brand?post=752662"},{"taxonomy":"product_cat","embeddable":true,"href":"https:\/\/roveyayinevi.com.tr\/index.php\/wp-json\/wp\/v2\/product_cat?post=752662"},{"taxonomy":"product_tag","embeddable":true,"href":"https:\/\/roveyayinevi.com.tr\/index.php\/wp-json\/wp\/v2\/product_tag?post=752662"}],"curies":[{"name":"wp","href":"https:\/\/api.w.org\/{rel}","templated":true}]}}