{"id":752660,"date":"2025-08-28T05:21:49","date_gmt":"2025-08-28T02:21:49","guid":{"rendered":"https:\/\/roveyayinevi.com.tr\/index.php\/urun\/aydinlanma-felsefesi-2\/"},"modified":"2026-04-16T03:06:00","modified_gmt":"2026-04-16T00:06:00","slug":"aydinlanma-felsefesi-2","status":"publish","type":"product","link":"https:\/\/roveyayinevi.com.tr\/index.php\/urun\/aydinlanma-felsefesi-2\/","title":{"rendered":"Ayd\u0131nlanma Felsefesi"},"content":{"rendered":"<p>Beaumarchais \u2022 Bernardin de Saint-Pierre \u2022 Condorcet \u2022 Diderot \u2022 Dumarsais \u2022 F\u00e9nelon \u2022 Fontenelle \u2022 Kant \u2022 Laclos \u2022 Mendelssohn \u2022 Montesquieu \u2022 Madame Rolland \u2022 Rousseau \u2022 Sade \u2022 Voltaire D\u00fc\u015f\u00fcnce alan\u0131nda \u0131\u015f\u0131k \u201chakikat aray\u0131\u015f\u0131nda akl\u0131 ve ruhu ayd\u0131nlatan\u201d etmendir. Geli\u015fti\u011fi XVIII. y\u00fczy\u0131ldan ba\u011f\u0131ms\u0131z d\u00fc\u015f\u00fcn\u00fclemeyen Ayd\u0131nlanma, t\u00fcm Avrupa\u2019da, insan akl\u0131n\u0131n ve medeniyetinin ilerlemesine olan inanc\u0131 yayan engin bir entelekt\u00fcel ve felsefi ak\u0131m\u0131 kapsar. Fransa\u2019da Montesquieu, Diderot, Voltaire, Rousseau taraf\u0131ndan desteklenen akla adanan Ayd\u0131nlanma hareketi, Frans\u0131z Devrimi\u2019ne giden yolu a\u00e7an fikirler tarihinde radikal bir k\u0131r\u0131lmay\u0131 olu\u015fturur. Metinler ve belgeler bak\u0131m\u0131ndan geni\u015f bir se\u00e7enek sunan bu antoloji, sizi \u201cayd\u0131nlanm\u0131\u015f\u201d sanat\u00e7\u0131 ve yazarlar\u0131n \u00e7izdi\u011fi yollardan ge\u00e7meye davet ediyor. <\/p>\n","protected":false},"excerpt":{"rendered":"<p>Beaumarchais \u2022 Bernardin de Saint-Pierre \u2022 Condorcet \u2022 Diderot \u2022 Dumarsais \u2022 F\u00e9nelon \u2022 Fontenelle \u2022 Kant \u2022 Laclos \u2022 Mendelssohn \u2022 Montesquieu \u2022 Madame Rolland<span class=\"excerpt-hellip\"> [\u2026]<\/span><\/p>\n","protected":false},"featured_media":0,"template":"","meta":{"_monsterinsights_skip_tracking":false,"_monsterinsights_sitenote_active":false,"_monsterinsights_sitenote_note":"","_monsterinsights_sitenote_category":0},"product_brand":[],"product_cat":[20351,12388],"product_tag":[],"class_list":{"0":"post-752660","1":"product","2":"type-product","3":"status-publish","5":"product_cat-dusunce","6":"product_cat-felsefe","7":"pa_cilt-ciltsiz","8":"pa_tur-kitap","9":"pa_yayinevi-say-yayinlari","10":"pa_yazar-bertrand-darbeau","12":"first","13":"instock","14":"sale","15":"shipping-taxable","16":"purchasable","17":"product-type-simple"},"_links":{"self":[{"href":"https:\/\/roveyayinevi.com.tr\/index.php\/wp-json\/wp\/v2\/product\/752660","targetHints":{"allow":["GET"]}}],"collection":[{"href":"https:\/\/roveyayinevi.com.tr\/index.php\/wp-json\/wp\/v2\/product"}],"about":[{"href":"https:\/\/roveyayinevi.com.tr\/index.php\/wp-json\/wp\/v2\/types\/product"}],"wp:attachment":[{"href":"https:\/\/roveyayinevi.com.tr\/index.php\/wp-json\/wp\/v2\/media?parent=752660"}],"wp:term":[{"taxonomy":"product_brand","embeddable":true,"href":"https:\/\/roveyayinevi.com.tr\/index.php\/wp-json\/wp\/v2\/product_brand?post=752660"},{"taxonomy":"product_cat","embeddable":true,"href":"https:\/\/roveyayinevi.com.tr\/index.php\/wp-json\/wp\/v2\/product_cat?post=752660"},{"taxonomy":"product_tag","embeddable":true,"href":"https:\/\/roveyayinevi.com.tr\/index.php\/wp-json\/wp\/v2\/product_tag?post=752660"}],"curies":[{"name":"wp","href":"https:\/\/api.w.org\/{rel}","templated":true}]}}