{"id":752658,"date":"2025-08-28T05:21:46","date_gmt":"2025-08-28T02:21:46","guid":{"rendered":"https:\/\/roveyayinevi.com.tr\/index.php\/urun\/nedir-bu-nft\/"},"modified":"2026-04-16T03:05:59","modified_gmt":"2026-04-16T00:05:59","slug":"nedir-bu-nft","status":"publish","type":"product","link":"https:\/\/roveyayinevi.com.tr\/index.php\/urun\/nedir-bu-nft\/","title":{"rendered":"Nedir Bu NFT?"},"content":{"rendered":"<p>Pandemi, dijital teknolojik de\u011fi\u015fimleri bir gecede h\u0131zland\u0131rd\u0131 ve b\u00f6ylece NFT&#8217;ler ger\u00e7ek ticaretin i\u00e7inde me\u015fru bir i\u015f haline geldi. Peki bizler paras\u0131z ve bankas\u0131z bankac\u0131l\u0131k, kripto varl\u0131klar, token, blokzincir, sanal piyasa kavramlar\u0131n\u0131 ne kadar tan\u0131yoruz?Nedir Bu NFT?, teknik bir arka plana ihtiya\u00e7 duymadan misli olmayan token\u2019lerin nas\u0131l olu\u015fturulaca\u011f\u0131, sat\u0131laca\u011f\u0131 ve sat\u0131n al\u0131naca\u011f\u0131 konusunda ayr\u0131nt\u0131l\u0131 bir k\u0131lavuz. NFT&#8217;nin tam olarak ne oldu\u011funu, nas\u0131l geli\u015ftiklerini, neden de\u011ferli olduklar\u0131n\u0131, farkl\u0131 t\u00fcrlerini ve y\u00f6nlerini incelerken ayn\u0131 zamanda canl\u0131 \u00f6rnekler sunuyor.Dijital d\u00fcnyadaki uzun deneyimi ile Mesut Bing\u00fcl her seviyeden, ya\u015ftan ve ortamdan yarat\u0131c\u0131lar i\u00e7in kendi NFT projelerini nas\u0131l ba\u015flatabileceklerini anlat\u0131yor. Pahal\u0131 JPEG etraf\u0131ndaki aldatmacan\u0131n \u00f6tesine bak\u0131yor ve NFT, blokzincir ve dijital piyasan\u0131n temel kavramlar\u0131n\u0131 a\u00e7\u0131kl\u0131yor.Nedir Bu NFT? kitab\u0131 ile bir NFT projesi ba\u015flatman\u0131n temellerini \u00f6\u011frenecek, T\u00fcrkiye temelli NFT hik\u00e2yeleriyle de deneyiminizi peki\u015ftireceksiniz.- NFT nedir?- Blokzincir nedir?- \u0130lk NFT projemi nas\u0131l olu\u015fturabilirim?- NFT&#8217;lerimi satmak i\u00e7in hangi pazar yerlerini kullanmal\u0131y\u0131m?- En etkili pazarlama stratejisi nedir?- NFT&#8217;ler mevcut sanat prati\u011fime nas\u0131l uyuyor?Nedir Bu NFT?,  bu sorular\u0131n yan\u0131t\u0131n\u0131 teker teker verecek.<\/p>\n","protected":false},"excerpt":{"rendered":"<p>Pandemi, dijital teknolojik de\u011fi\u015fimleri bir gecede h\u0131zland\u0131rd\u0131 ve b\u00f6ylece NFT&#8217;ler ger\u00e7ek ticaretin i\u00e7inde me\u015fru bir i\u015f haline geldi. Peki bizler paras\u0131z ve bankas\u0131z bankac\u0131l\u0131k, kripto varl\u0131klar,<span class=\"excerpt-hellip\"> [\u2026]<\/span><\/p>\n","protected":false},"featured_media":0,"template":"","meta":{"_monsterinsights_skip_tracking":false,"_monsterinsights_sitenote_active":false,"_monsterinsights_sitenote_note":"","_monsterinsights_sitenote_category":0},"product_brand":[],"product_cat":[13005,13006],"product_tag":[],"class_list":{"0":"post-752658","1":"product","2":"type-product","3":"status-publish","5":"product_cat-bilim-muhendislik","6":"product_cat-populer-bilim","7":"pa_cilt-ciltsiz","8":"pa_tur-kitap","9":"pa_yayinevi-nemesis-kitap","10":"pa_yazar-mesut-bingul","12":"first","13":"instock","14":"sale","15":"shipping-taxable","16":"purchasable","17":"product-type-simple"},"_links":{"self":[{"href":"https:\/\/roveyayinevi.com.tr\/index.php\/wp-json\/wp\/v2\/product\/752658","targetHints":{"allow":["GET"]}}],"collection":[{"href":"https:\/\/roveyayinevi.com.tr\/index.php\/wp-json\/wp\/v2\/product"}],"about":[{"href":"https:\/\/roveyayinevi.com.tr\/index.php\/wp-json\/wp\/v2\/types\/product"}],"wp:attachment":[{"href":"https:\/\/roveyayinevi.com.tr\/index.php\/wp-json\/wp\/v2\/media?parent=752658"}],"wp:term":[{"taxonomy":"product_brand","embeddable":true,"href":"https:\/\/roveyayinevi.com.tr\/index.php\/wp-json\/wp\/v2\/product_brand?post=752658"},{"taxonomy":"product_cat","embeddable":true,"href":"https:\/\/roveyayinevi.com.tr\/index.php\/wp-json\/wp\/v2\/product_cat?post=752658"},{"taxonomy":"product_tag","embeddable":true,"href":"https:\/\/roveyayinevi.com.tr\/index.php\/wp-json\/wp\/v2\/product_tag?post=752658"}],"curies":[{"name":"wp","href":"https:\/\/api.w.org\/{rel}","templated":true}]}}