{"id":752657,"date":"2025-08-28T05:21:45","date_gmt":"2025-08-28T02:21:45","guid":{"rendered":"https:\/\/roveyayinevi.com.tr\/index.php\/urun\/iyilikler-uzerine\/"},"modified":"2026-04-16T03:05:59","modified_gmt":"2026-04-16T00:05:59","slug":"iyilikler-uzerine","status":"publish","type":"product","link":"https:\/\/roveyayinevi.com.tr\/index.php\/urun\/iyilikler-uzerine\/","title":{"rendered":"\u0130yilikler \u00dczerine"},"content":{"rendered":"<p>Stoa felsefesinin temel kavram ve \u00f6\u011fretilerinin en g\u00fczel \u00f6rne\u011finin sergilendi\u011fi \u00e7al\u0131\u015fmalar\u0131n ba\u015f\u0131nda Seneca\u2019n\u0131n \u0130yilikler \u00dczerine adl\u0131 kitab\u0131 gelir. \u0130yili\u011fin hakiki do\u011fas\u0131, yap\u0131lan iyili\u011fe iyilikle mukabele etme ve minnettarl\u0131\u011f\u0131n meziyetleri bireysel ve toplumsal ahl\u00e2ka d\u00f6n\u00fck y\u00f6nleriyle m\u00fckemmelen tart\u0131\u015f\u0131l\u0131r burada. Seneca, ger\u00e7ek mutluluk ile erdem, bilgelik ile \u00f6zg\u00fcrl\u00fck, sa\u011fduyu ile d\u00fczen, ak\u0131lc\u0131 olmama ile nank\u00f6rl\u00fck, sahip olma h\u0131rs\u0131 ile kaybetme korkusu, haz ile \u00f6l\u00e7\u00fcl\u00fcl\u00fck, ahl\u00e2ki do\u011fruluk ile g\u00fcnah, irade ile talih, tutku ile esaret, do\u011faya uygun ya\u015fama arzusuyla ger\u00e7ek zenginlik, \u00f6z\u00fc itibar\u0131yla iyi olan ile ka\u00e7\u0131n\u0131lmas\u0131 gerekenler aras\u0131ndaki ili\u015fki ve \u00e7eli\u015fkileri irdeler.   Nank\u00f6rl\u00fck konusuna da geni\u015f\u00e7e bir yer ayr\u0131l\u0131r. Nank\u00f6rl\u00fck olgusunun ne oldu\u011fu, bir kusur olarak ceza gerektirip gerektirmedi\u011fi, nank\u00f6r ki\u015finin esasen nas\u0131l biri oldu\u011fu, iyiliklerin neden unutulmaya a\u00e7\u0131k oldu\u011fu anlat\u0131l\u0131r ve nank\u00f6rl\u00fc\u011f\u00fcn bedeli ile insan ili\u015fkilerine verdi\u011fi zarar tart\u0131\u015f\u0131l\u0131r; tarihten ve siyasetten \u00f6rnekler verilir.   G\u00fczel s\u00f6z s\u00f6yleme sanat\u0131na kazand\u0131rd\u0131klar\u0131yla ad\u0131n\u0131 unutulmazlar aras\u0131na kaz\u0131yan Seneca, bu uzun eserinde dikkat \u00e7ekici, payla\u015fmaya de\u011fer ve ironisini cesurca sergileyen \u00f6zdeyi\u015flerin (sententia), a\u00e7\u0131k ve berrak tan\u0131mlar\u0131n nadide bir demetini hediye eder bizlere.   Seneca\u2019n\u0131n ya\u015fam\u0131n\u0131n son d\u00f6nemlerine ait bu eserin ilk d\u00f6rt kitab\u0131 a\u011f\u0131rl\u0131kl\u0131 olarak \u00f6\u011fretici ve b\u00fct\u00fcnsel bir \u00f6zellik g\u00f6sterirken, son \u00fc\u00e7 kitap tamamlay\u0131c\u0131 nitelikte olup daha serbest bir i\u00e7eri\u011fe sahiptir. Yedi kitapl\u0131k \u201c\u0130yilikler \u00dczerine\u201d (De Beneficiis) Seneca\u2019n\u0131n ahl\u00e2k felsefesi \u00fcst\u00fcne yazd\u0131\u011f\u0131 denemelerden olup, dostu Aebutius Liberalis\u2019e ithaf etti\u011fi bir eserdir. Levent Keskin\u2019in yetkin \u00e7evirisiyle ilk defa Latinceden T\u00fcrk\u00e7eye tam metin olarak kazand\u0131r\u0131lm\u0131\u015ft\u0131r. <\/p>\n","protected":false},"excerpt":{"rendered":"<p>Stoa felsefesinin temel kavram ve \u00f6\u011fretilerinin en g\u00fczel \u00f6rne\u011finin sergilendi\u011fi \u00e7al\u0131\u015fmalar\u0131n ba\u015f\u0131nda Seneca\u2019n\u0131n \u0130yilikler \u00dczerine adl\u0131 kitab\u0131 gelir. \u0130yili\u011fin hakiki do\u011fas\u0131, yap\u0131lan iyili\u011fe iyilikle mukabele etme<span class=\"excerpt-hellip\"> [\u2026]<\/span><\/p>\n","protected":false},"featured_media":0,"template":"","meta":{"_monsterinsights_skip_tracking":false,"_monsterinsights_sitenote_active":false,"_monsterinsights_sitenote_note":"","_monsterinsights_sitenote_category":0},"product_brand":[],"product_cat":[12388],"product_tag":[],"class_list":{"0":"post-752657","1":"product","2":"type-product","3":"status-publish","5":"product_cat-felsefe","6":"pa_cilt-ciltsiz","7":"pa_tur-kitap","8":"pa_yayinevi-dogu-bati-yayinlari","9":"pa_yazar-lucius-annaeus-seneca","11":"first","12":"instock","13":"sale","14":"shipping-taxable","15":"purchasable","16":"product-type-simple"},"_links":{"self":[{"href":"https:\/\/roveyayinevi.com.tr\/index.php\/wp-json\/wp\/v2\/product\/752657","targetHints":{"allow":["GET"]}}],"collection":[{"href":"https:\/\/roveyayinevi.com.tr\/index.php\/wp-json\/wp\/v2\/product"}],"about":[{"href":"https:\/\/roveyayinevi.com.tr\/index.php\/wp-json\/wp\/v2\/types\/product"}],"wp:attachment":[{"href":"https:\/\/roveyayinevi.com.tr\/index.php\/wp-json\/wp\/v2\/media?parent=752657"}],"wp:term":[{"taxonomy":"product_brand","embeddable":true,"href":"https:\/\/roveyayinevi.com.tr\/index.php\/wp-json\/wp\/v2\/product_brand?post=752657"},{"taxonomy":"product_cat","embeddable":true,"href":"https:\/\/roveyayinevi.com.tr\/index.php\/wp-json\/wp\/v2\/product_cat?post=752657"},{"taxonomy":"product_tag","embeddable":true,"href":"https:\/\/roveyayinevi.com.tr\/index.php\/wp-json\/wp\/v2\/product_tag?post=752657"}],"curies":[{"name":"wp","href":"https:\/\/api.w.org\/{rel}","templated":true}]}}