{"id":752656,"date":"2025-08-28T05:21:43","date_gmt":"2025-08-28T02:21:43","guid":{"rendered":"https:\/\/roveyayinevi.com.tr\/index.php\/urun\/percy-jackson-ve-olimposlular-simsek-hirsizi\/"},"modified":"2026-04-16T03:05:59","modified_gmt":"2026-04-16T00:05:59","slug":"percy-jackson-ve-olimposlular-simsek-hirsizi","status":"publish","type":"product","link":"https:\/\/roveyayinevi.com.tr\/index.php\/urun\/percy-jackson-ve-olimposlular-simsek-hirsizi\/","title":{"rendered":"Percy Jackson ve Olimposlular &#8211; \u015eim\u015fek H\u0131rs\u0131z\u0131"},"content":{"rendered":"<p>Kitab\u0131 okudunuz, filmi izlediniz. \u015eimdi s\u0131ra, renkli, her sayfas\u0131 aksiyon dolu olan bu \u00e7izgi romanda! Mitolojik yarat\u0131klar ve Olimposlu tanr\u0131lar, Percy Jackson\u2019\u0131n hayat\u0131n\u0131 yerle bir ediyorlar. \u0130\u015fin daha da k\u00f6t\u00fcs\u00fc, Percy birka\u00e7 tanesinin damar\u0131na bast\u0131 bile. Zeus\u2019un \u015fim\u015fe\u011fi \u00e7al\u0131nd\u0131 ve tek \u015f\u00fcpheli Percy. \u015eimdi Percy, Annabeth ve K\u0131v\u0131rc\u0131k\u2019\u0131n, on g\u00fcni\u00e7erisinde Zeus\u2019un \u00e7al\u0131nan \u015fim\u015fe\u011fini bulup sava\u015f meydan\u0131na d\u00f6nm\u00fc\u015f olan Olimpos\u2019a geri g\u00f6t\u00fcrmesi gerek.    D\u00fcnya \u00e7ap\u0131nda milyonlarca okura ula\u015fm\u0131\u015f ve art\u0131k \u00e7a\u011fda\u015f bir efsane haline gelmi\u015f Percy Jackson ve Olimposlular serisinin yarat\u0131c\u0131s\u0131 Rick Riordan, \u00e7izgi roman d\u00fcnyas\u0131n\u0131n en g\u00fc\u00e7l\u00fc isimleriyle bir araya geliyor.   Tanr\u0131lardan bile daha g\u00fc\u00e7l\u00fc bir \u015feyin pe\u015fine d\u00fc\u015fen o unutulmaz karakterin, Percy Jackson\u2019\u0131n hikayesini bir kez daha okuyacaks\u0131n\u0131z. <\/p>\n","protected":false},"excerpt":{"rendered":"<p>Kitab\u0131 okudunuz, filmi izlediniz. \u015eimdi s\u0131ra, renkli, her sayfas\u0131 aksiyon dolu olan bu \u00e7izgi romanda! Mitolojik yarat\u0131klar ve Olimposlu tanr\u0131lar, Percy Jackson\u2019\u0131n hayat\u0131n\u0131 yerle bir ediyorlar.<span class=\"excerpt-hellip\"> [\u2026]<\/span><\/p>\n","protected":false},"featured_media":0,"template":"","meta":{"_monsterinsights_skip_tracking":false,"_monsterinsights_sitenote_active":false,"_monsterinsights_sitenote_note":"","_monsterinsights_sitenote_category":0},"product_brand":[],"product_cat":[12416,12291],"product_tag":[],"class_list":{"0":"post-752656","1":"product","2":"type-product","3":"status-publish","5":"product_cat-cizgi-roman","6":"product_cat-edebiyat","7":"pa_cilt-ciltsiz","8":"pa_tur-kitap","9":"pa_yayinevi-x-libris","10":"pa_yazar-rick-riordan","12":"first","13":"instock","14":"sale","15":"shipping-taxable","16":"purchasable","17":"product-type-simple"},"_links":{"self":[{"href":"https:\/\/roveyayinevi.com.tr\/index.php\/wp-json\/wp\/v2\/product\/752656","targetHints":{"allow":["GET"]}}],"collection":[{"href":"https:\/\/roveyayinevi.com.tr\/index.php\/wp-json\/wp\/v2\/product"}],"about":[{"href":"https:\/\/roveyayinevi.com.tr\/index.php\/wp-json\/wp\/v2\/types\/product"}],"wp:attachment":[{"href":"https:\/\/roveyayinevi.com.tr\/index.php\/wp-json\/wp\/v2\/media?parent=752656"}],"wp:term":[{"taxonomy":"product_brand","embeddable":true,"href":"https:\/\/roveyayinevi.com.tr\/index.php\/wp-json\/wp\/v2\/product_brand?post=752656"},{"taxonomy":"product_cat","embeddable":true,"href":"https:\/\/roveyayinevi.com.tr\/index.php\/wp-json\/wp\/v2\/product_cat?post=752656"},{"taxonomy":"product_tag","embeddable":true,"href":"https:\/\/roveyayinevi.com.tr\/index.php\/wp-json\/wp\/v2\/product_tag?post=752656"}],"curies":[{"name":"wp","href":"https:\/\/api.w.org\/{rel}","templated":true}]}}