{"id":752655,"date":"2025-08-28T05:21:41","date_gmt":"2025-08-28T02:21:41","guid":{"rendered":"https:\/\/roveyayinevi.com.tr\/index.php\/urun\/percy-jackson-ve-olimposlular-canavarlar-denizi\/"},"modified":"2026-04-16T03:05:59","modified_gmt":"2026-04-16T00:05:59","slug":"percy-jackson-ve-olimposlular-canavarlar-denizi","status":"publish","type":"product","link":"https:\/\/roveyayinevi.com.tr\/index.php\/urun\/percy-jackson-ve-olimposlular-canavarlar-denizi\/","title":{"rendered":"Percy Jackson ve Olimposlular &#8211; Canavarlar Denizi"},"content":{"rendered":"<p>Efsane seri Percy Jackson ve Olimposlular, serinin ikinci kitab\u0131ndan uyarlanan bu \u00e7izgi roman\u0131n heyecan dolu ve renkli sayfalar\u0131nda hayat bulmaya devam ediyor!   Percy art\u0131k her \u015feyin fark\u0131nda. Olimposlu tanr\u0131lar ve mitolojik yarat\u0131klar g\u00fcn gibi ger\u00e7ekler. Kendisinin de bir melez oldu\u011fu s\u0131r olmaktan \u00e7\u0131kt\u0131. Bu sene her ne kadar ge\u00e7en seneye g\u00f6re sakin ge\u00e7se de, bir yakantop oyunuyla herkesin huzuru ka\u00e7\u0131yor. Gizli bir d\u00fc\u015fman, zalim plan\u0131n\u0131 \u00e7oktan uygulamaya koydu.   Melez Kamp\u0131\u2019n\u0131n sihirli s\u0131n\u0131r\u0131 anbean g\u00fc\u00e7s\u00fczle\u015fiyor. Percy ve arkada\u015flar\u0131 bir an \u00f6nce yar\u0131 tanr\u0131lar\u0131n ya\u015fad\u0131\u011f\u0131 s\u0131\u011f\u0131naklar\u0131n\u0131 kurtarmal\u0131. Bunun i\u00e7in de Alt\u0131n Post\u2019u bulmak \u00fczere Canavarlar Denizi\u2019ne gitmeye karar veriyorlar. Upuzun ge\u00e7ecek olan yolculukta Percy, \u00e7ok zor bir m\u00fccadeleye ba\u015fkoyuyor!   Haf\u0131zalar\u0131n\u0131za kaz\u0131nan karakter Percy\u2019nin tuhaf maceras\u0131n\u0131 bir solukta okuyacaks\u0131n\u0131z. <\/p>\n","protected":false},"excerpt":{"rendered":"<p>Efsane seri Percy Jackson ve Olimposlular, serinin ikinci kitab\u0131ndan uyarlanan bu \u00e7izgi roman\u0131n heyecan dolu ve renkli sayfalar\u0131nda hayat bulmaya devam ediyor! Percy art\u0131k her \u015feyin<span class=\"excerpt-hellip\"> [\u2026]<\/span><\/p>\n","protected":false},"featured_media":0,"template":"","meta":{"_monsterinsights_skip_tracking":false,"_monsterinsights_sitenote_active":false,"_monsterinsights_sitenote_note":"","_monsterinsights_sitenote_category":0},"product_brand":[],"product_cat":[12416,12291],"product_tag":[],"class_list":{"0":"post-752655","1":"product","2":"type-product","3":"status-publish","5":"product_cat-cizgi-roman","6":"product_cat-edebiyat","7":"pa_cilt-ciltsiz","8":"pa_tur-kitap","9":"pa_yayinevi-x-libris","10":"pa_yazar-rick-riordan","12":"first","13":"instock","14":"sale","15":"shipping-taxable","16":"purchasable","17":"product-type-simple"},"_links":{"self":[{"href":"https:\/\/roveyayinevi.com.tr\/index.php\/wp-json\/wp\/v2\/product\/752655","targetHints":{"allow":["GET"]}}],"collection":[{"href":"https:\/\/roveyayinevi.com.tr\/index.php\/wp-json\/wp\/v2\/product"}],"about":[{"href":"https:\/\/roveyayinevi.com.tr\/index.php\/wp-json\/wp\/v2\/types\/product"}],"wp:attachment":[{"href":"https:\/\/roveyayinevi.com.tr\/index.php\/wp-json\/wp\/v2\/media?parent=752655"}],"wp:term":[{"taxonomy":"product_brand","embeddable":true,"href":"https:\/\/roveyayinevi.com.tr\/index.php\/wp-json\/wp\/v2\/product_brand?post=752655"},{"taxonomy":"product_cat","embeddable":true,"href":"https:\/\/roveyayinevi.com.tr\/index.php\/wp-json\/wp\/v2\/product_cat?post=752655"},{"taxonomy":"product_tag","embeddable":true,"href":"https:\/\/roveyayinevi.com.tr\/index.php\/wp-json\/wp\/v2\/product_tag?post=752655"}],"curies":[{"name":"wp","href":"https:\/\/api.w.org\/{rel}","templated":true}]}}