{"id":752654,"date":"2025-08-28T05:21:39","date_gmt":"2025-08-28T02:21:39","guid":{"rendered":"https:\/\/roveyayinevi.com.tr\/index.php\/urun\/percy-jackson-ve-olimposlular-titanin-laneti\/"},"modified":"2026-04-16T03:05:59","modified_gmt":"2026-04-16T00:05:59","slug":"percy-jackson-ve-olimposlular-titanin-laneti","status":"publish","type":"product","link":"https:\/\/roveyayinevi.com.tr\/index.php\/urun\/percy-jackson-ve-olimposlular-titanin-laneti\/","title":{"rendered":"Percy Jackson ve Olimposlular &#8211; Titan&#8217;\u0131n Laneti"},"content":{"rendered":"<p>Percy, K\u0131v\u0131rc\u0131k, Thalia ve Annabeth \u00e7ok g\u00fc\u00e7l\u00fc iki yeni melezi kurtaracakt\u0131 ama i\u015fler aniden kontrolden \u00e7\u0131kt\u0131. Bir mantikorla kar\u015f\u0131la\u015fmalar\u0131n\u0131n ard\u0131ndan Annabeth kay\u0131plara kar\u0131\u015ft\u0131. Titan lordu Kronos, \u00e7ok ac\u0131mas\u0131z bir tuzak kurmu\u015f durumda ve melezler ne yaz\u0131k ki bu tuza\u011fa d\u00fc\u015ft\u00fcler.   \u015eimdi Percy ve arkada\u015flar\u0131 \u00e7ok tehlikeli bir \u015feyle kar\u015f\u0131 kar\u015f\u0131ya: Titan\u2019\u0131n Laneti kehaneti. K\u0131\u015f g\u00fcnd\u00f6n\u00fcm\u00fcnden \u00f6nce Tanr\u0131\u00e7a Artemis\u2019i kurtarmalar\u0131 gerek. Yoksa her \u015feyi kaybedecekler, Annabeth dahil.   Rick Riordan\u2019\u0131n \u00e7oksatan Titan\u2019\u0131n Laneti adl\u0131 roman\u0131ndan uyarlanan bu \u00e7izgi romanla Percy Jackson ve Olimposlular efsanesi \u00e7izgilerle hayat bulmaya devam ediyor. <\/p>\n","protected":false},"excerpt":{"rendered":"<p>Percy, K\u0131v\u0131rc\u0131k, Thalia ve Annabeth \u00e7ok g\u00fc\u00e7l\u00fc iki yeni melezi kurtaracakt\u0131 ama i\u015fler aniden kontrolden \u00e7\u0131kt\u0131. Bir mantikorla kar\u015f\u0131la\u015fmalar\u0131n\u0131n ard\u0131ndan Annabeth kay\u0131plara kar\u0131\u015ft\u0131. Titan lordu Kronos,<span class=\"excerpt-hellip\"> [\u2026]<\/span><\/p>\n","protected":false},"featured_media":0,"template":"","meta":{"_monsterinsights_skip_tracking":false,"_monsterinsights_sitenote_active":false,"_monsterinsights_sitenote_note":"","_monsterinsights_sitenote_category":0},"product_brand":[],"product_cat":[12416,12291],"product_tag":[],"class_list":{"0":"post-752654","1":"product","2":"type-product","3":"status-publish","5":"product_cat-cizgi-roman","6":"product_cat-edebiyat","7":"pa_cilt-ciltsiz","8":"pa_tur-kitap","9":"pa_yayinevi-x-libris","10":"pa_yazar-rick-riordan","12":"first","13":"instock","14":"sale","15":"shipping-taxable","16":"purchasable","17":"product-type-simple"},"_links":{"self":[{"href":"https:\/\/roveyayinevi.com.tr\/index.php\/wp-json\/wp\/v2\/product\/752654","targetHints":{"allow":["GET"]}}],"collection":[{"href":"https:\/\/roveyayinevi.com.tr\/index.php\/wp-json\/wp\/v2\/product"}],"about":[{"href":"https:\/\/roveyayinevi.com.tr\/index.php\/wp-json\/wp\/v2\/types\/product"}],"wp:attachment":[{"href":"https:\/\/roveyayinevi.com.tr\/index.php\/wp-json\/wp\/v2\/media?parent=752654"}],"wp:term":[{"taxonomy":"product_brand","embeddable":true,"href":"https:\/\/roveyayinevi.com.tr\/index.php\/wp-json\/wp\/v2\/product_brand?post=752654"},{"taxonomy":"product_cat","embeddable":true,"href":"https:\/\/roveyayinevi.com.tr\/index.php\/wp-json\/wp\/v2\/product_cat?post=752654"},{"taxonomy":"product_tag","embeddable":true,"href":"https:\/\/roveyayinevi.com.tr\/index.php\/wp-json\/wp\/v2\/product_tag?post=752654"}],"curies":[{"name":"wp","href":"https:\/\/api.w.org\/{rel}","templated":true}]}}