{"id":752650,"date":"2025-08-28T05:21:33","date_gmt":"2025-08-28T02:21:33","guid":{"rendered":"https:\/\/roveyayinevi.com.tr\/index.php\/urun\/mba-isletmeler-icin-25-model\/"},"modified":"2026-04-16T03:05:59","modified_gmt":"2026-04-16T00:05:59","slug":"mba-isletmeler-icin-25-model","status":"publish","type":"product","link":"https:\/\/roveyayinevi.com.tr\/index.php\/urun\/mba-isletmeler-icin-25-model\/","title":{"rendered":"MBA &#8211; \u0130\u015fletmeler \u0130\u00e7in 25 Model"},"content":{"rendered":"<p>MBA \u2013 \u0130\u015fletmeler \u0130\u00e7in 25 Model, MBA programlar\u0131nda i\u015flenen en \u00f6nemli ve i\u015fe yarar model, ara\u00e7 ve kavramlar\u0131 herkesin anlayabilece\u011fi bir bi\u00e7imde a\u00e7\u0131kl\u0131yor.    Gereksiz mesleki terimleri ve akademik karma\u015fay\u0131 bir kenara kald\u0131r\u0131p t\u00fcm d\u00fcnyada i\u015flenen programlar aras\u0131ndan se\u00e7ilen 25 anahtar modeli sadelikle anlat\u0131yor: Nedir, ne zaman kullan\u0131l\u0131r, nas\u0131l kullan\u0131l\u0131r ve nelere dikkat etmek gerekir? Sorunlar\u0131 \u00e7\u00f6zmek i\u00e7in yeni bir bak\u0131\u015f a\u00e7\u0131s\u0131 m\u0131 laz\u0131m? H\u0131zl\u0131 ve do\u011fru kararlar alabilmeniz mi gerekiyor? Teorinin inceliklerini de\u011fil de pratik uygulama modellerini mi bilmeniz gerekli? Bu kitab\u0131n i\u00e7inde her t\u00fcrl\u00fc i\u015f f\u0131rsat\u0131n\u0131 de\u011ferlendirmeniz i\u00e7in neler yapabilece\u011finiz ve uzak durman\u0131z gerekenler mevcut. MBA hakk\u0131nda bilmeniz gerekenler bu kitab\u0131n i\u00e7inde.   \u201cBu kitap g\u00fcn\u00fcm\u00fczde i\u015fletme alan\u0131nda \u00e7al\u0131\u015fan herkese laz\u0131m. Geni\u015f \u00e7apl\u0131 kullan\u0131lan, \u00f6nemli i\u015fletme model ve tekniklerini sade bir dille a\u00e7\u0131kl\u0131yor. Daha fazlas\u0131n\u0131 bilmek isteyen y\u00f6neticilere yol g\u00f6steriyor.\u201d \u015einsuke Toda, Mizuho Bankas\u0131 Avrupa B\u00f6l\u00fcm\u00fc Genel M\u00fcd\u00fcr\u00fc   \u201cKolayca okunabilen bu kitap i\u015fletmelerin nas\u0131l d\u00fc\u015f\u00fcn\u00fcp hareket etti\u011fini harika bir bi\u00e7imde anlat\u0131yor. Karma\u015f\u0131k i\u015fletme modellerini kullan\u0131\u015fl\u0131 ipu\u00e7lar\u0131yla a\u00e7\u0131kl\u0131yor.\u201d Dr. Matt Carter   <\/p>\n","protected":false},"excerpt":{"rendered":"<p>MBA \u2013 \u0130\u015fletmeler \u0130\u00e7in 25 Model, MBA programlar\u0131nda i\u015flenen en \u00f6nemli ve i\u015fe yarar model, ara\u00e7 ve kavramlar\u0131 herkesin anlayabilece\u011fi bir bi\u00e7imde a\u00e7\u0131kl\u0131yor. Gereksiz mesleki terimleri<span class=\"excerpt-hellip\"> [\u2026]<\/span><\/p>\n","protected":false},"featured_media":0,"template":"","meta":{"_monsterinsights_skip_tracking":false,"_monsterinsights_sitenote_active":false,"_monsterinsights_sitenote_note":"","_monsterinsights_sitenote_category":0},"product_brand":[],"product_cat":[13043,17647],"product_tag":[],"class_list":{"0":"post-752650","1":"product","2":"type-product","3":"status-publish","5":"product_cat-ekonomi","6":"product_cat-is-dunyasi","7":"pa_cilt-ciltsiz","8":"pa_tur-kitap","9":"pa_yayinevi-ceo-plus","10":"pa_yazar-j-birkinshaw-ken-mark","12":"first","13":"instock","14":"sale","15":"shipping-taxable","16":"purchasable","17":"product-type-simple"},"_links":{"self":[{"href":"https:\/\/roveyayinevi.com.tr\/index.php\/wp-json\/wp\/v2\/product\/752650","targetHints":{"allow":["GET"]}}],"collection":[{"href":"https:\/\/roveyayinevi.com.tr\/index.php\/wp-json\/wp\/v2\/product"}],"about":[{"href":"https:\/\/roveyayinevi.com.tr\/index.php\/wp-json\/wp\/v2\/types\/product"}],"wp:attachment":[{"href":"https:\/\/roveyayinevi.com.tr\/index.php\/wp-json\/wp\/v2\/media?parent=752650"}],"wp:term":[{"taxonomy":"product_brand","embeddable":true,"href":"https:\/\/roveyayinevi.com.tr\/index.php\/wp-json\/wp\/v2\/product_brand?post=752650"},{"taxonomy":"product_cat","embeddable":true,"href":"https:\/\/roveyayinevi.com.tr\/index.php\/wp-json\/wp\/v2\/product_cat?post=752650"},{"taxonomy":"product_tag","embeddable":true,"href":"https:\/\/roveyayinevi.com.tr\/index.php\/wp-json\/wp\/v2\/product_tag?post=752650"}],"curies":[{"name":"wp","href":"https:\/\/api.w.org\/{rel}","templated":true}]}}