{"id":752647,"date":"2025-08-28T05:21:30","date_gmt":"2025-08-28T02:21:30","guid":{"rendered":"https:\/\/roveyayinevi.com.tr\/index.php\/urun\/romantik-bilim\/"},"modified":"2026-04-16T03:05:59","modified_gmt":"2026-04-16T00:05:59","slug":"romantik-bilim","status":"publish","type":"product","link":"https:\/\/roveyayinevi.com.tr\/index.php\/urun\/romantik-bilim\/","title":{"rendered":"Romantik Bilim"},"content":{"rendered":"<p>Bilimin romanti\u011fi olur mu, demeyin. \u201cBilimsel bak\u0131\u015f de\u011fi\u015fmezlik i\u00e7eren bir dogma de\u011fildir. \u00d6rne\u011fin, t\u0131p ve hekimlikte bilimin g\u00fcncel verileriyle ele al\u0131nan her sorun ki\u015finin ya\u015fant\u0131s\u0131na ve ki\u015fili\u011fine ba\u011fl\u0131 etkenlere g\u00f6re ya\u015fan\u0131r. Bir yandan sosyal ve ekonomik belirleyicilerin g\u00f6lgesi bu ya\u015fant\u0131n\u0131n \u00fczerine d\u00fc\u015fer. Hekimler, klinisyenler ne olup bitti\u011fini molek\u00fcler d\u00fczeyden ki\u015finin ya\u015fant\u0131s\u0131na kadar ta\u015f\u0131y\u0131p hastan\u0131n ve \u00e7evresinin d\u00fcnyas\u0131 i\u00e7inde yer ald\u0131klar\u0131nda, romantik bilim ilkeleri i\u015flemeye ba\u015flar.\u201d Yank\u0131 Yazgan Romantik Bilim\u2019deki yaz\u0131lar\u0131n\u0131n baz\u0131lar\u0131nda 1980\u2019lerin ba\u015f\u0131nda hen\u00fcz oturdu\u011fu hekim koltu\u011fundan, baz\u0131lar\u0131nda gazete k\u00f6\u015felerinden okuruyla adeta kar\u015f\u0131l\u0131kl\u0131 sohbet ediyor. Son 40 y\u0131ll\u0131k d\u00f6nemin ge\u00e7en y\u00fczy\u0131ldaki k\u0131sm\u0131nda yazd\u0131\u011f\u0131 yaz\u0131larda, beyin ve davran\u0131\u015f bilimleri ile g\u00fcndelik ya\u015fant\u0131lar aras\u0131ndaki ba\u011flant\u0131lar\u0131 anlamaya \u00e7al\u0131\u015f\u0131rken \u00f6\u011frendiklerini payla\u015f\u0131yor. Yeti\u015fkin hayata ya\u015fanabilir bir yery\u00fcz\u00fc, bar\u0131\u015f\u00e7\u0131 ve e\u015fitlik\u00e7i bir toplum ve mutluluk ve sa\u011fl\u0131k aray\u0131\u015flar\u0131 ile ba\u015flam\u0131\u015f bir gen\u00e7 hekim\/ara\u015ft\u0131rmac\u0131n\u0131n bilim, ruh sa\u011fl\u0131\u011f\u0131 ve g\u00fcndelik hayat hakk\u0131nda yazd\u0131klar\u0131nda hayatlar\u0131m\u0131zda y\u0131llar i\u00e7inde ayn\u0131 kalanlar\u0131 ve de\u011fi\u015fenleri de izleyeceksiniz. <\/p>\n","protected":false},"excerpt":{"rendered":"<p>Bilimin romanti\u011fi olur mu, demeyin. \u201cBilimsel bak\u0131\u015f de\u011fi\u015fmezlik i\u00e7eren bir dogma de\u011fildir. \u00d6rne\u011fin, t\u0131p ve hekimlikte bilimin g\u00fcncel verileriyle ele al\u0131nan her sorun ki\u015finin ya\u015fant\u0131s\u0131na ve<span class=\"excerpt-hellip\"> [\u2026]<\/span><\/p>\n","protected":false},"featured_media":0,"template":"","meta":{"_monsterinsights_skip_tracking":false,"_monsterinsights_sitenote_active":false,"_monsterinsights_sitenote_note":"","_monsterinsights_sitenote_category":0},"product_brand":[],"product_cat":[12777,12291],"product_tag":[],"class_list":{"0":"post-752647","1":"product","2":"type-product","3":"status-publish","5":"product_cat-deneme","6":"product_cat-edebiyat","7":"pa_cilt-ciltsiz","8":"pa_tur-kitap","9":"pa_yayinevi-inkilap-kitabevi","10":"pa_yazar-yanki-yazgan","12":"first","13":"instock","14":"sale","15":"shipping-taxable","16":"purchasable","17":"product-type-simple"},"_links":{"self":[{"href":"https:\/\/roveyayinevi.com.tr\/index.php\/wp-json\/wp\/v2\/product\/752647","targetHints":{"allow":["GET"]}}],"collection":[{"href":"https:\/\/roveyayinevi.com.tr\/index.php\/wp-json\/wp\/v2\/product"}],"about":[{"href":"https:\/\/roveyayinevi.com.tr\/index.php\/wp-json\/wp\/v2\/types\/product"}],"wp:attachment":[{"href":"https:\/\/roveyayinevi.com.tr\/index.php\/wp-json\/wp\/v2\/media?parent=752647"}],"wp:term":[{"taxonomy":"product_brand","embeddable":true,"href":"https:\/\/roveyayinevi.com.tr\/index.php\/wp-json\/wp\/v2\/product_brand?post=752647"},{"taxonomy":"product_cat","embeddable":true,"href":"https:\/\/roveyayinevi.com.tr\/index.php\/wp-json\/wp\/v2\/product_cat?post=752647"},{"taxonomy":"product_tag","embeddable":true,"href":"https:\/\/roveyayinevi.com.tr\/index.php\/wp-json\/wp\/v2\/product_tag?post=752647"}],"curies":[{"name":"wp","href":"https:\/\/api.w.org\/{rel}","templated":true}]}}