{"id":752646,"date":"2025-08-28T05:21:29","date_gmt":"2025-08-28T02:21:29","guid":{"rendered":"https:\/\/roveyayinevi.com.tr\/index.php\/urun\/dunya-yonetmenlerinden-sinema-dersleri\/"},"modified":"2026-04-16T03:05:59","modified_gmt":"2026-04-16T00:05:59","slug":"dunya-yonetmenlerinden-sinema-dersleri","status":"publish","type":"product","link":"https:\/\/roveyayinevi.com.tr\/index.php\/urun\/dunya-yonetmenlerinden-sinema-dersleri\/","title":{"rendered":"D\u00fcnya Y\u00f6netmenlerinden Sinema Dersleri"},"content":{"rendered":"<p>Andrey Tarkovski: Y\u00f6netmen olmaya karar vermezsiniz, y\u00f6netmen olman\u0131z gerekir. Ingmar Bergman: Denemelerim bana g\u00f6stermi\u015ftir ki ilk \u00e7ekim en ba\u015far\u0131l\u0131 \u00e7ekimdir. Akira Kurosawa: B\u00fct\u00fcn filmlerin k\u00f6k\u00fcnde bir \u015feyi i\u00e7g\u00fcd\u00fcsel olarak a\u00e7\u0131klama iste\u011fi vard\u0131r. Agn\u00e8s Varda: Bir kurgu yapt\u0131\u011f\u0131n\u0131zda kendinize bunun iyi gidece\u011fini s\u00f6yleyin. Michael Haneke: Seyirciyi, kendinizi ciddiye ald\u0131\u011f\u0131n\u0131z kadar ciddiye al\u0131n. Kim Ki Duk: Genel olarak b\u00fct\u00fcn filmlerimde ayn\u0131 sorular\u0131n cevab\u0131n\u0131 ar\u0131yorum: Hayat nedir? \u0130nsanl\u0131k nedir? Ken Loach: Toplumlar halen s\u0131n\u0131f \u00e7at\u0131\u015fmalar\u0131 temeline dayan\u0131r ve filmler toplumun aynas\u0131 olmak zorundad\u0131r. Asghar Farhadi: Olay \u00f6rg\u00fcleri okyanustaki inciler gibidir, i\u015fe yaramas\u0131 i\u00e7in iyi dizilmelidir. Park Chan-wook: Yeni bir film \u00e7ekmek i\u00e7in eskiye d\u00f6nmek, o filmleri g\u00f6rmek ve \u00fczerlerine d\u00fc\u015f\u00fcnmek gerek. Rah\u015fan Beni \u0130timad: Sans\u00fcr\u00fc a\u015fmak ve taviz vermeden anlatmak i\u00e7in yarat\u0131c\u0131 yollar bulmak gerek. <\/p>\n","protected":false},"excerpt":{"rendered":"<p>Andrey Tarkovski: Y\u00f6netmen olmaya karar vermezsiniz, y\u00f6netmen olman\u0131z gerekir. Ingmar Bergman: Denemelerim bana g\u00f6stermi\u015ftir ki ilk \u00e7ekim en ba\u015far\u0131l\u0131 \u00e7ekimdir. Akira Kurosawa: B\u00fct\u00fcn filmlerin k\u00f6k\u00fcnde bir<span class=\"excerpt-hellip\"> [\u2026]<\/span><\/p>\n","protected":false},"featured_media":0,"template":"","meta":{"_monsterinsights_skip_tracking":false,"_monsterinsights_sitenote_active":false,"_monsterinsights_sitenote_note":"","_monsterinsights_sitenote_category":0},"product_brand":[],"product_cat":[12409,12408],"product_tag":[],"class_list":{"0":"post-752646","1":"product","2":"type-product","3":"status-publish","5":"product_cat-fotograf-sinema-tiyatro","6":"product_cat-sanat","7":"pa_cilt-ciltsiz","8":"pa_tur-kitap","9":"pa_yayinevi-inkilap-kitabevi","10":"pa_yazar-riza-oylum","12":"first","13":"instock","14":"sale","15":"shipping-taxable","16":"purchasable","17":"product-type-simple"},"_links":{"self":[{"href":"https:\/\/roveyayinevi.com.tr\/index.php\/wp-json\/wp\/v2\/product\/752646","targetHints":{"allow":["GET"]}}],"collection":[{"href":"https:\/\/roveyayinevi.com.tr\/index.php\/wp-json\/wp\/v2\/product"}],"about":[{"href":"https:\/\/roveyayinevi.com.tr\/index.php\/wp-json\/wp\/v2\/types\/product"}],"wp:attachment":[{"href":"https:\/\/roveyayinevi.com.tr\/index.php\/wp-json\/wp\/v2\/media?parent=752646"}],"wp:term":[{"taxonomy":"product_brand","embeddable":true,"href":"https:\/\/roveyayinevi.com.tr\/index.php\/wp-json\/wp\/v2\/product_brand?post=752646"},{"taxonomy":"product_cat","embeddable":true,"href":"https:\/\/roveyayinevi.com.tr\/index.php\/wp-json\/wp\/v2\/product_cat?post=752646"},{"taxonomy":"product_tag","embeddable":true,"href":"https:\/\/roveyayinevi.com.tr\/index.php\/wp-json\/wp\/v2\/product_tag?post=752646"}],"curies":[{"name":"wp","href":"https:\/\/api.w.org\/{rel}","templated":true}]}}