{"id":752644,"date":"2025-08-28T05:21:27","date_gmt":"2025-08-28T02:21:27","guid":{"rendered":"https:\/\/roveyayinevi.com.tr\/index.php\/urun\/mindful-gunlugum-kartlar\/"},"modified":"2026-04-13T03:11:55","modified_gmt":"2026-04-13T00:11:55","slug":"mindful-gunlugum-kartlar","status":"publish","type":"product","link":"https:\/\/roveyayinevi.com.tr\/index.php\/urun\/mindful-gunlugum-kartlar\/","title":{"rendered":"Mindful G\u00fcnl\u00fc\u011f\u00fcm &#8211; Kartlar"},"content":{"rendered":"<p>\u2026 l\u00fctfen kalbinizde hen\u00fcz \u00e7\u00f6z\u00fcmlenmemi\u015f olan \u015feylere kar\u015f\u0131 sab\u0131rla yakla\u015f\u0131n ve sorular\u0131n kendilerini de sanki kilitli odalar veya size \u00e7ok yabanc\u0131 dilde yaz\u0131lm\u0131\u015f kitaplar gibi sevin. Cevaplar\u0131 aramay\u0131n \u2013 ki onlar size \u015fimdi verilemez, \u00e7\u00fcnk\u00fc onlar\u0131 ya\u015fayamazs\u0131n\u0131z. Ve mesele de her \u015feyi ya\u015famak. \u015eimdi sorular\u0131 ya\u015fay\u0131n. Belki sonra, uzak gelecekte birg\u00fcn, yava\u015f yava\u015f, siz fark etmeden, cevaplar\u0131 da ya\u015famaya ba\u015flayacaks\u0131n\u0131z.   Rainer Maria Rilke, Gen\u00e7 Bir \u015eaire Mektuplar (1903) <\/p>\n","protected":false},"excerpt":{"rendered":"<p>\u2026 l\u00fctfen kalbinizde hen\u00fcz \u00e7\u00f6z\u00fcmlenmemi\u015f olan \u015feylere kar\u015f\u0131 sab\u0131rla yakla\u015f\u0131n ve sorular\u0131n kendilerini de sanki kilitli odalar veya size \u00e7ok yabanc\u0131 dilde yaz\u0131lm\u0131\u015f kitaplar gibi sevin.<span class=\"excerpt-hellip\"> [\u2026]<\/span><\/p>\n","protected":false},"featured_media":0,"template":"","meta":{"_monsterinsights_skip_tracking":false,"_monsterinsights_sitenote_active":false,"_monsterinsights_sitenote_note":"","_monsterinsights_sitenote_category":0},"product_brand":[],"product_cat":[12364,12376],"product_tag":[],"class_list":{"0":"post-752644","1":"product","2":"type-product","3":"status-publish","5":"product_cat-genel-konular","6":"product_cat-kisisel-gelisim","7":"pa_cilt-ciltsiz","8":"pa_tur-kitap","9":"pa_yayinevi-inkilap-kitabevi","10":"pa_yazar-zumra-atalay","12":"first","13":"instock","14":"sale","15":"shipping-taxable","16":"purchasable","17":"product-type-simple"},"_links":{"self":[{"href":"https:\/\/roveyayinevi.com.tr\/index.php\/wp-json\/wp\/v2\/product\/752644","targetHints":{"allow":["GET"]}}],"collection":[{"href":"https:\/\/roveyayinevi.com.tr\/index.php\/wp-json\/wp\/v2\/product"}],"about":[{"href":"https:\/\/roveyayinevi.com.tr\/index.php\/wp-json\/wp\/v2\/types\/product"}],"wp:attachment":[{"href":"https:\/\/roveyayinevi.com.tr\/index.php\/wp-json\/wp\/v2\/media?parent=752644"}],"wp:term":[{"taxonomy":"product_brand","embeddable":true,"href":"https:\/\/roveyayinevi.com.tr\/index.php\/wp-json\/wp\/v2\/product_brand?post=752644"},{"taxonomy":"product_cat","embeddable":true,"href":"https:\/\/roveyayinevi.com.tr\/index.php\/wp-json\/wp\/v2\/product_cat?post=752644"},{"taxonomy":"product_tag","embeddable":true,"href":"https:\/\/roveyayinevi.com.tr\/index.php\/wp-json\/wp\/v2\/product_tag?post=752644"}],"curies":[{"name":"wp","href":"https:\/\/api.w.org\/{rel}","templated":true}]}}