{"id":752643,"date":"2025-08-28T05:21:25","date_gmt":"2025-08-28T02:21:25","guid":{"rendered":"https:\/\/roveyayinevi.com.tr\/index.php\/urun\/dikkate-deger-mevzular\/"},"modified":"2026-04-16T03:05:59","modified_gmt":"2026-04-16T00:05:59","slug":"dikkate-deger-mevzular","status":"publish","type":"product","link":"https:\/\/roveyayinevi.com.tr\/index.php\/urun\/dikkate-deger-mevzular\/","title":{"rendered":"Dikkate De\u011fer Mevzular"},"content":{"rendered":"<p>T\u00fcrkiye hep b\u00f6yle kalitesizdi. Bunun nedeni 1000 y\u0131ll\u0131k cehalet y\u00f6netimidir. Bu 1000 y\u0131l i\u00e7inde T\u00fcrkiye, birka\u00e7 ki\u015fi d\u0131\u015f\u0131nda, uluslararas\u0131 de\u011ferde hi\u00e7 kimse \u00fcretememi\u015ftir. Elbette padi\u015fahlar\u0131m\u0131z\u0131n hepsi, veziri azamlar\u0131m\u0131z\u0131n hemen hepsi tarihte mevcuttur ama d\u00fcnyadaki her \u00fclkenin en \u00fcst y\u00f6neticilerini tarih kaydeder. Osmanl\u0131 padi\u015fahlar\u0131 aras\u0131nda padi\u015fah olmasa ad\u0131 bilinecek sadece ve sadece bir tek ki\u015fi vard\u0131r: Fatih Sultan Mehmet. Bilimadam\u0131? Sar\u0131 L\u00fctfi\u2019den ve H\u00fcseyin Tevfik Pa\u015fa\u2019dan ba\u015fka yok ki; bunlar da genel de\u011fil ancak \u00f6zel bir bilim tarihinde minik bir yer alabilirler. Sar\u0131 L\u00fctfi, Fatih\u2019e, onunla \u015fakala\u015facak kadar yak\u0131n olan matematik\u00e7i ve Fatih\u2019in k\u00fct\u00fcphanecisi, II. Bayezid taraf\u0131ndan Sultanahmet\u2019te dinsizdir diye ast\u0131r\u0131lmam\u0131\u015f m\u0131yd\u0131? T\u00fcrkiye\u2019nin b\u00fct\u00fcn d\u00fcnyan\u0131n bildi\u011fi ve takdir etti\u011fi tek bir ki\u015fisi vard\u0131r: Atat\u00fcrk. Onun y\u00f6netimindeki 15 sene \u00fclkemiz tarihinin alt\u0131n \u00e7a\u011f\u0131d\u0131r. Ondan \u00f6ncesi ve sonras\u0131 birer felakettir. Atat\u00fcrk\u2019ten sonras\u0131 yava\u015f bir ini\u015f olmu\u015ftur ne yaz\u0131k ki. Hi\u00e7birini icat etmemi\u015f oldu\u011fumuz \u00e7a\u011fda\u015f haberle\u015fme imk\u00e2nlar\u0131 sayesinde bikini giymeyi, Mercedes\u2019e binmeyi, oradan buradan pop \u015fark\u0131 bestesi y\u00fcr\u00fctmeyi \u00f6\u011frendik. Bilimde ve sanatta birka\u00e7 iyi icrac\u0131m\u0131z oldu. Nobel\u2019in en tart\u0131\u015fmal\u0131 iki dal\u0131 olan bar\u0131\u015f ve edebiyattan ikincisinde bir temsilcimiz oldu. Sonras\u0131? Bo\u015f. Osmanl\u0131\u2019dan \u00f6\u011frendi\u011fimiz cehalet kurumlar\u0131 ve liyakatin de\u011fersiz g\u00f6r\u00fclmesi ile ona paralel r\u00fc\u015fvet m\u00fcessesesi bizi mahvetmi\u015ftir. <\/p>\n","protected":false},"excerpt":{"rendered":"<p>T\u00fcrkiye hep b\u00f6yle kalitesizdi. Bunun nedeni 1000 y\u0131ll\u0131k cehalet y\u00f6netimidir. Bu 1000 y\u0131l i\u00e7inde T\u00fcrkiye, birka\u00e7 ki\u015fi d\u0131\u015f\u0131nda, uluslararas\u0131 de\u011ferde hi\u00e7 kimse \u00fcretememi\u015ftir. Elbette padi\u015fahlar\u0131m\u0131z\u0131n hepsi,<span class=\"excerpt-hellip\"> [\u2026]<\/span><\/p>\n","protected":false},"featured_media":0,"template":"","meta":{"_monsterinsights_skip_tracking":false,"_monsterinsights_sitenote_active":false,"_monsterinsights_sitenote_note":"","_monsterinsights_sitenote_category":0},"product_brand":[],"product_cat":[12777,12291],"product_tag":[],"class_list":{"0":"post-752643","1":"product","2":"type-product","3":"status-publish","5":"product_cat-deneme","6":"product_cat-edebiyat","7":"pa_cilt-ciltsiz","8":"pa_tur-kitap","9":"pa_yayinevi-inkilap-kitabevi","10":"pa_yazar-ali-mehmet-celal-sengor","12":"first","13":"instock","14":"sale","15":"shipping-taxable","16":"purchasable","17":"product-type-simple"},"_links":{"self":[{"href":"https:\/\/roveyayinevi.com.tr\/index.php\/wp-json\/wp\/v2\/product\/752643","targetHints":{"allow":["GET"]}}],"collection":[{"href":"https:\/\/roveyayinevi.com.tr\/index.php\/wp-json\/wp\/v2\/product"}],"about":[{"href":"https:\/\/roveyayinevi.com.tr\/index.php\/wp-json\/wp\/v2\/types\/product"}],"wp:attachment":[{"href":"https:\/\/roveyayinevi.com.tr\/index.php\/wp-json\/wp\/v2\/media?parent=752643"}],"wp:term":[{"taxonomy":"product_brand","embeddable":true,"href":"https:\/\/roveyayinevi.com.tr\/index.php\/wp-json\/wp\/v2\/product_brand?post=752643"},{"taxonomy":"product_cat","embeddable":true,"href":"https:\/\/roveyayinevi.com.tr\/index.php\/wp-json\/wp\/v2\/product_cat?post=752643"},{"taxonomy":"product_tag","embeddable":true,"href":"https:\/\/roveyayinevi.com.tr\/index.php\/wp-json\/wp\/v2\/product_tag?post=752643"}],"curies":[{"name":"wp","href":"https:\/\/api.w.org\/{rel}","templated":true}]}}