{"id":752639,"date":"2025-08-28T05:21:18","date_gmt":"2025-08-28T02:21:18","guid":{"rendered":"https:\/\/roveyayinevi.com.tr\/index.php\/urun\/koy-hekimi-cltli\/"},"modified":"2026-04-16T03:05:59","modified_gmt":"2026-04-16T00:05:59","slug":"koy-hekimi-cltli","status":"publish","type":"product","link":"https:\/\/roveyayinevi.com.tr\/index.php\/urun\/koy-hekimi-cltli\/","title":{"rendered":"K\u00f6y Hekimi (Cltli)"},"content":{"rendered":"<p>K\u00f6y Hekimi isimli roman, realist ak\u0131m\u0131n fikir babas\u0131 olarak an\u0131lan Balzac&#8217;\u0131n dikkat \u00e7eken eserleri aras\u0131ndad\u0131r. Bu roman, Balzac&#8217;\u0131n 1840&#8217;ta -Dante&#8217;nin \u0130lahi Komedya&#8217;s\u0131n\u0131 an\u0131msatacak \u015fekilde- \u0130nsanl\u0131k Komedisi ba\u015fl\u0131\u011f\u0131yla bir araya getirdi\u011fi serinin \u201cK\u00f6y Hayat\u0131ndan Sahneler\u201d b\u00f6l\u00fcm\u00fcnde de yer al\u0131r. Toplumsal tarih\u00e7i y\u00f6n\u00fc ve y\u00fcksek g\u00f6zlem kabiliyetiyle \u00f6ne \u00e7\u0131kan Balzac bu eserinde Napolyon&#8217;un jakoben ki\u015fili\u011fini ve onun Avrupa&#8217;n\u0131n gelece\u011fine tesirini, d\u00f6nemin siyaset anlay\u0131\u015f\u0131n\u0131 ve sosyal yap\u0131y\u0131 ustal\u0131kla yans\u0131tm\u0131\u015ft\u0131r. Frans\u0131z k\u00f6ylerinin peri\u015fan vaziyeti, iyi bir g\u00f6zlemci olan Balzac&#8217;a esasen bir k\u00f6y kalk\u0131nmas\u0131 roman\u0131 olarak nitelendirilebilecek bir eser yazd\u0131rm\u0131\u015f ve o, be\u015f b\u00f6l\u00fcml\u00fck eserinde sefalet, cahillik ve geri kalm\u0131\u015fl\u0131k i\u00e7in hangi \u00e7arelerin bulunabilece\u011fini, neler yap\u0131labilece\u011fini edebiyat arac\u0131l\u0131\u011f\u0131yla anlatm\u0131\u015ft\u0131r. Balzac&#8217;\u0131n sundu\u011fu bu kalk\u0131nma yollar\u0131n\u0131, idealist bir tav\u0131r ve adanm\u0131\u015fl\u0131kla hayata ge\u00e7iren ki\u015fi ise bir k\u00f6y hekimi olan roman\u0131n ba\u015f kahraman\u0131 Benassis&#8217;dir.<\/p>\n","protected":false},"excerpt":{"rendered":"<p>K\u00f6y Hekimi isimli roman, realist ak\u0131m\u0131n fikir babas\u0131 olarak an\u0131lan Balzac&#8217;\u0131n dikkat \u00e7eken eserleri aras\u0131ndad\u0131r. Bu roman, Balzac&#8217;\u0131n 1840&#8217;ta -Dante&#8217;nin \u0130lahi Komedya&#8217;s\u0131n\u0131 an\u0131msatacak \u015fekilde- \u0130nsanl\u0131k Komedisi<span class=\"excerpt-hellip\"> [\u2026]<\/span><\/p>\n","protected":false},"featured_media":0,"template":"","meta":{"_monsterinsights_skip_tracking":false,"_monsterinsights_sitenote_active":false,"_monsterinsights_sitenote_note":"","_monsterinsights_sitenote_category":0},"product_brand":[],"product_cat":[12291,12711],"product_tag":[],"class_list":{"0":"post-752639","1":"product","2":"type-product","3":"status-publish","5":"product_cat-edebiyat","6":"product_cat-roman-oyku","7":"pa_cilt-ciltli","8":"pa_tur-kitap","9":"pa_yayinevi-otuken-nesriyat","10":"pa_yazar-honore-de-balzac","12":"first","13":"instock","14":"sale","15":"shipping-taxable","16":"purchasable","17":"product-type-simple"},"_links":{"self":[{"href":"https:\/\/roveyayinevi.com.tr\/index.php\/wp-json\/wp\/v2\/product\/752639","targetHints":{"allow":["GET"]}}],"collection":[{"href":"https:\/\/roveyayinevi.com.tr\/index.php\/wp-json\/wp\/v2\/product"}],"about":[{"href":"https:\/\/roveyayinevi.com.tr\/index.php\/wp-json\/wp\/v2\/types\/product"}],"wp:attachment":[{"href":"https:\/\/roveyayinevi.com.tr\/index.php\/wp-json\/wp\/v2\/media?parent=752639"}],"wp:term":[{"taxonomy":"product_brand","embeddable":true,"href":"https:\/\/roveyayinevi.com.tr\/index.php\/wp-json\/wp\/v2\/product_brand?post=752639"},{"taxonomy":"product_cat","embeddable":true,"href":"https:\/\/roveyayinevi.com.tr\/index.php\/wp-json\/wp\/v2\/product_cat?post=752639"},{"taxonomy":"product_tag","embeddable":true,"href":"https:\/\/roveyayinevi.com.tr\/index.php\/wp-json\/wp\/v2\/product_tag?post=752639"}],"curies":[{"name":"wp","href":"https:\/\/api.w.org\/{rel}","templated":true}]}}