{"id":752638,"date":"2025-08-28T05:21:16","date_gmt":"2025-08-28T02:21:16","guid":{"rendered":"https:\/\/roveyayinevi.com.tr\/index.php\/urun\/gokkusagina-asili-olu-cocuklar\/"},"modified":"2026-04-16T03:05:59","modified_gmt":"2026-04-16T00:05:59","slug":"gokkusagina-asili-olu-cocuklar","status":"publish","type":"product","link":"https:\/\/roveyayinevi.com.tr\/index.php\/urun\/gokkusagina-asili-olu-cocuklar\/","title":{"rendered":"G\u00f6kku\u015fa\u011f\u0131na As\u0131l\u0131 \u00d6l\u00fc \u00c7ocuklar"},"content":{"rendered":"<p>Sanki b\u00f6yle g\u00fcnlerde g\u00f6z\u00fcmden d\u00fc\u015fen yapraklar seherin c\u0131l\u0131z esintisiyle yolunu kaybedecek gibi oluyordu. Oysa asmaya k\u0131yamad\u0131\u011f\u0131m ba\u015f\u0131m, korkularla ba\u015fa \u00e7\u0131kacak kadar cesurdu. Ben bu korkuyu, kendi yaln\u0131zl\u0131\u011f\u0131mla bo\u011fmal\u0131, yaln\u0131zl\u0131\u011f\u0131n mutlu sokaklar\u0131nda oyunlar oynamal\u0131yd\u0131m. Hangi ac\u0131 buna engel olabilirdi ya da hangi yaln\u0131zl\u0131k, soka\u011f\u0131nda yal\u0131n ayak ko\u015fmama? Ko\u015fabilirim, evet. Her ne olursa olsun yaln\u0131zl\u0131kla dolu d\u00fcnyam\u0131n kalabal\u0131k d\u00fc\u015f\u00fcncesi bile i\u00e7ime huzur veriyordu. G\u00fcl\u00fc\u015flerimde, mutlu olaca\u011f\u0131ma dair inan\u00e7 y\u00fckl\u00fcyd\u00fc ve bu inan\u00e7, inan\u00e7lar\u0131n en y\u00fccesiydi. Yine de buna ra\u011fmen fark\u0131nda oldu\u011fum bir ger\u00e7e\u011fi saklamak, d\u00fc\u015f\u00fcncelerimin s\u0131rt\u0131na vurulmu\u015f b\u00fcy\u00fck bir y\u00fck gibiydi. Ba\u015fka g\u00fcl\u00fc\u015fler de\u011fmi\u015fti art\u0131k y\u00fcz\u00fcme. Hem de bana ait olmayan bir y\u00fcz b\u00f6ylesine d\u00fcr\u00fcst bir g\u00fcl\u00fcmsemeyi kendine reva g\u00f6rm\u00fc\u015ft\u00fc. Aynaya bakt\u0131\u011f\u0131mda tan\u0131yamad\u0131\u011f\u0131m bu y\u00fcz, bana ait de\u011fildi. Darmada\u011f\u0131n olan ayna boynu b\u00fck\u00fck bir \u015fekilde beni reddediyorsa, bu h\u00fczn\u00fcn sebebi neydi? <\/p>\n","protected":false},"excerpt":{"rendered":"<p>Sanki b\u00f6yle g\u00fcnlerde g\u00f6z\u00fcmden d\u00fc\u015fen yapraklar seherin c\u0131l\u0131z esintisiyle yolunu kaybedecek gibi oluyordu. Oysa asmaya k\u0131yamad\u0131\u011f\u0131m ba\u015f\u0131m, korkularla ba\u015fa \u00e7\u0131kacak kadar cesurdu. Ben bu korkuyu, kendi<span class=\"excerpt-hellip\"> [\u2026]<\/span><\/p>\n","protected":false},"featured_media":0,"template":"","meta":{"_monsterinsights_skip_tracking":false,"_monsterinsights_sitenote_active":false,"_monsterinsights_sitenote_note":"","_monsterinsights_sitenote_category":0},"product_brand":[],"product_cat":[12291,12711],"product_tag":[],"class_list":{"0":"post-752638","1":"product","2":"type-product","3":"status-publish","5":"product_cat-edebiyat","6":"product_cat-roman-oyku","7":"pa_cilt-ciltsiz","8":"pa_tur-kitap","9":"pa_yayinevi-zet-yayinlari","10":"pa_yazar-unal-yalvac","12":"first","13":"instock","14":"sale","15":"shipping-taxable","16":"purchasable","17":"product-type-simple"},"_links":{"self":[{"href":"https:\/\/roveyayinevi.com.tr\/index.php\/wp-json\/wp\/v2\/product\/752638","targetHints":{"allow":["GET"]}}],"collection":[{"href":"https:\/\/roveyayinevi.com.tr\/index.php\/wp-json\/wp\/v2\/product"}],"about":[{"href":"https:\/\/roveyayinevi.com.tr\/index.php\/wp-json\/wp\/v2\/types\/product"}],"wp:attachment":[{"href":"https:\/\/roveyayinevi.com.tr\/index.php\/wp-json\/wp\/v2\/media?parent=752638"}],"wp:term":[{"taxonomy":"product_brand","embeddable":true,"href":"https:\/\/roveyayinevi.com.tr\/index.php\/wp-json\/wp\/v2\/product_brand?post=752638"},{"taxonomy":"product_cat","embeddable":true,"href":"https:\/\/roveyayinevi.com.tr\/index.php\/wp-json\/wp\/v2\/product_cat?post=752638"},{"taxonomy":"product_tag","embeddable":true,"href":"https:\/\/roveyayinevi.com.tr\/index.php\/wp-json\/wp\/v2\/product_tag?post=752638"}],"curies":[{"name":"wp","href":"https:\/\/api.w.org\/{rel}","templated":true}]}}