{"id":752633,"date":"2025-08-28T05:21:08","date_gmt":"2025-08-28T02:21:08","guid":{"rendered":"https:\/\/roveyayinevi.com.tr\/index.php\/urun\/elmer-yine-is-basinda\/"},"modified":"2026-04-16T03:05:59","modified_gmt":"2026-04-16T00:05:59","slug":"elmer-yine-is-basinda","status":"publish","type":"product","link":"https:\/\/roveyayinevi.com.tr\/index.php\/urun\/elmer-yine-is-basinda\/","title":{"rendered":"Elmer Yine \u0130\u015f Ba\u015f\u0131nda"},"content":{"rendered":"<p>B\u00fct\u00fcn gri fillerin kendilerini canl\u0131 renklere boyad\u0131\u011f\u0131 Elmer G\u00fcn\u00fc yakla\u015f\u0131yor! Ancak bug\u00fcnlerde hayat, yamal\u0131 fil Elmer i\u00e7in fazlas\u0131yla sessiz. Elmer di\u011fer fillere, onlar uyurken yapaca\u011f\u0131 muhte\u015fem bir \u015faka planl\u0131yor\u2026<\/p>\n","protected":false},"excerpt":{"rendered":"<p>B\u00fct\u00fcn gri fillerin kendilerini canl\u0131 renklere boyad\u0131\u011f\u0131 Elmer G\u00fcn\u00fc yakla\u015f\u0131yor! Ancak bug\u00fcnlerde hayat, yamal\u0131 fil Elmer i\u00e7in fazlas\u0131yla sessiz. Elmer di\u011fer fillere, onlar uyurken yapaca\u011f\u0131 muhte\u015fem<span class=\"excerpt-hellip\"> [\u2026]<\/span><\/p>\n","protected":false},"featured_media":0,"template":"","meta":{"_monsterinsights_skip_tracking":false,"_monsterinsights_sitenote_active":false,"_monsterinsights_sitenote_note":"","_monsterinsights_sitenote_category":0},"product_brand":[],"product_cat":[12274,12284],"product_tag":[],"class_list":{"0":"post-752633","1":"product","2":"type-product","3":"status-publish","5":"product_cat-cocuk-ve-genclik-kitaplari","6":"product_cat-hikayeler","7":"pa_cilt-ciltsiz","8":"pa_tur-kitap","9":"pa_yayinevi-mundi","10":"pa_yazar-david-mckee","12":"first","13":"instock","14":"sale","15":"shipping-taxable","16":"purchasable","17":"product-type-simple"},"_links":{"self":[{"href":"https:\/\/roveyayinevi.com.tr\/index.php\/wp-json\/wp\/v2\/product\/752633","targetHints":{"allow":["GET"]}}],"collection":[{"href":"https:\/\/roveyayinevi.com.tr\/index.php\/wp-json\/wp\/v2\/product"}],"about":[{"href":"https:\/\/roveyayinevi.com.tr\/index.php\/wp-json\/wp\/v2\/types\/product"}],"wp:attachment":[{"href":"https:\/\/roveyayinevi.com.tr\/index.php\/wp-json\/wp\/v2\/media?parent=752633"}],"wp:term":[{"taxonomy":"product_brand","embeddable":true,"href":"https:\/\/roveyayinevi.com.tr\/index.php\/wp-json\/wp\/v2\/product_brand?post=752633"},{"taxonomy":"product_cat","embeddable":true,"href":"https:\/\/roveyayinevi.com.tr\/index.php\/wp-json\/wp\/v2\/product_cat?post=752633"},{"taxonomy":"product_tag","embeddable":true,"href":"https:\/\/roveyayinevi.com.tr\/index.php\/wp-json\/wp\/v2\/product_tag?post=752633"}],"curies":[{"name":"wp","href":"https:\/\/api.w.org\/{rel}","templated":true}]}}