{"id":752632,"date":"2025-08-28T05:21:07","date_gmt":"2025-08-28T02:21:07","guid":{"rendered":"https:\/\/roveyayinevi.com.tr\/index.php\/urun\/elmer-ve-balinalar\/"},"modified":"2026-04-16T03:05:59","modified_gmt":"2026-04-16T00:05:59","slug":"elmer-ve-balinalar","status":"publish","type":"product","link":"https:\/\/roveyayinevi.com.tr\/index.php\/urun\/elmer-ve-balinalar\/","title":{"rendered":"Elmer ve Balinalar"},"content":{"rendered":"<p>Elmer ve kuzeni Wilbur, balinalar\u0131 g\u00f6rmek i\u00e7in sahile gitmeye karar verir. Ancak denizde kaybolduklar\u0131n\u0131 fark ettiklerinde, yolculuklar\u0131 beklediklerinden \u00e7ok daha maceral\u0131 bir hal al\u0131r. Peki k\u0131y\u0131ya d\u00f6nmelerine balinalar yard\u0131m edebilecekler mi?<\/p>\n","protected":false},"excerpt":{"rendered":"<p>Elmer ve kuzeni Wilbur, balinalar\u0131 g\u00f6rmek i\u00e7in sahile gitmeye karar verir. Ancak denizde kaybolduklar\u0131n\u0131 fark ettiklerinde, yolculuklar\u0131 beklediklerinden \u00e7ok daha maceral\u0131 bir hal al\u0131r. Peki k\u0131y\u0131ya<span class=\"excerpt-hellip\"> [\u2026]<\/span><\/p>\n","protected":false},"featured_media":0,"template":"","meta":{"_monsterinsights_skip_tracking":false,"_monsterinsights_sitenote_active":false,"_monsterinsights_sitenote_note":"","_monsterinsights_sitenote_category":0},"product_brand":[],"product_cat":[12274,12284],"product_tag":[],"class_list":{"0":"post-752632","1":"product","2":"type-product","3":"status-publish","5":"product_cat-cocuk-ve-genclik-kitaplari","6":"product_cat-hikayeler","7":"pa_cilt-ciltsiz","8":"pa_tur-kitap","9":"pa_yayinevi-mundi","10":"pa_yazar-david-mckee","12":"first","13":"instock","14":"sale","15":"shipping-taxable","16":"purchasable","17":"product-type-simple"},"_links":{"self":[{"href":"https:\/\/roveyayinevi.com.tr\/index.php\/wp-json\/wp\/v2\/product\/752632","targetHints":{"allow":["GET"]}}],"collection":[{"href":"https:\/\/roveyayinevi.com.tr\/index.php\/wp-json\/wp\/v2\/product"}],"about":[{"href":"https:\/\/roveyayinevi.com.tr\/index.php\/wp-json\/wp\/v2\/types\/product"}],"wp:attachment":[{"href":"https:\/\/roveyayinevi.com.tr\/index.php\/wp-json\/wp\/v2\/media?parent=752632"}],"wp:term":[{"taxonomy":"product_brand","embeddable":true,"href":"https:\/\/roveyayinevi.com.tr\/index.php\/wp-json\/wp\/v2\/product_brand?post=752632"},{"taxonomy":"product_cat","embeddable":true,"href":"https:\/\/roveyayinevi.com.tr\/index.php\/wp-json\/wp\/v2\/product_cat?post=752632"},{"taxonomy":"product_tag","embeddable":true,"href":"https:\/\/roveyayinevi.com.tr\/index.php\/wp-json\/wp\/v2\/product_tag?post=752632"}],"curies":[{"name":"wp","href":"https:\/\/api.w.org\/{rel}","templated":true}]}}