{"id":752631,"date":"2025-08-28T05:21:05","date_gmt":"2025-08-28T02:21:05","guid":{"rendered":"https:\/\/roveyayinevi.com.tr\/index.php\/urun\/seni-anliyorum-z-kusagi\/"},"modified":"2026-04-16T03:05:59","modified_gmt":"2026-04-16T00:05:59","slug":"seni-anliyorum-z-kusagi","status":"publish","type":"product","link":"https:\/\/roveyayinevi.com.tr\/index.php\/urun\/seni-anliyorum-z-kusagi\/","title":{"rendered":"Seni Anl\u0131yorum Z Ku\u015fa\u011f\u0131"},"content":{"rendered":"<p>Sevgili anneler babalar, Z ku\u015fa\u011f\u0131 fazla dijital ortamda kal\u0131yorsa laptop ile mobil telefonla yat\u0131p kalk\u0131yorsa hi\u00e7 \u015fa\u015f\u0131rmay\u0131n, ekti\u011fimizi bi\u00e7iyoruz. Z ku\u015fa\u011f\u0131n\u0131 dijital elektronik cihazlarla biz anne rahminde iken tan\u0131\u015ft\u0131rd\u0131k. G\u00fcn\u00fcm\u00fcz Z ku\u015fa\u011f\u0131 gen\u00e7ler uygulananlar, yap\u0131lanlar sizde al\u0131\u015fkanl\u0131k yapt\u0131. Bizim size yapt\u0131\u011f\u0131m\u0131z\u0131 bize daha da farkl\u0131 bi\u00e7imde g\u00f6stererek adeta \u015fov yap\u0131yor, r\u00f6van\u015f oynuyorsunuz. Biz anne ve babalara, tereciye tere sat\u0131yor eski digital bilgilerimizle espiriler yaparak bizimle oyun oynuyorsunuz diye d\u00fc\u015f\u00fcn\u00fcyorum.<\/p>\n","protected":false},"excerpt":{"rendered":"<p>Sevgili anneler babalar, Z ku\u015fa\u011f\u0131 fazla dijital ortamda kal\u0131yorsa laptop ile mobil telefonla yat\u0131p kalk\u0131yorsa hi\u00e7 \u015fa\u015f\u0131rmay\u0131n, ekti\u011fimizi bi\u00e7iyoruz. Z ku\u015fa\u011f\u0131n\u0131 dijital elektronik cihazlarla biz anne<span class=\"excerpt-hellip\"> [\u2026]<\/span><\/p>\n","protected":false},"featured_media":0,"template":"","meta":{"_monsterinsights_skip_tracking":false,"_monsterinsights_sitenote_active":false,"_monsterinsights_sitenote_note":"","_monsterinsights_sitenote_category":0},"product_brand":[],"product_cat":[12777,12291],"product_tag":[],"class_list":{"0":"post-752631","1":"product","2":"type-product","3":"status-publish","5":"product_cat-deneme","6":"product_cat-edebiyat","7":"pa_cilt-ciltsiz","8":"pa_tur-kitap","9":"pa_yayinevi-platanus-publishing","10":"pa_yazar-hasan-yildirim","12":"first","13":"instock","14":"sale","15":"shipping-taxable","16":"purchasable","17":"product-type-simple"},"_links":{"self":[{"href":"https:\/\/roveyayinevi.com.tr\/index.php\/wp-json\/wp\/v2\/product\/752631","targetHints":{"allow":["GET"]}}],"collection":[{"href":"https:\/\/roveyayinevi.com.tr\/index.php\/wp-json\/wp\/v2\/product"}],"about":[{"href":"https:\/\/roveyayinevi.com.tr\/index.php\/wp-json\/wp\/v2\/types\/product"}],"wp:attachment":[{"href":"https:\/\/roveyayinevi.com.tr\/index.php\/wp-json\/wp\/v2\/media?parent=752631"}],"wp:term":[{"taxonomy":"product_brand","embeddable":true,"href":"https:\/\/roveyayinevi.com.tr\/index.php\/wp-json\/wp\/v2\/product_brand?post=752631"},{"taxonomy":"product_cat","embeddable":true,"href":"https:\/\/roveyayinevi.com.tr\/index.php\/wp-json\/wp\/v2\/product_cat?post=752631"},{"taxonomy":"product_tag","embeddable":true,"href":"https:\/\/roveyayinevi.com.tr\/index.php\/wp-json\/wp\/v2\/product_tag?post=752631"}],"curies":[{"name":"wp","href":"https:\/\/api.w.org\/{rel}","templated":true}]}}