{"id":752629,"date":"2025-08-28T05:20:56","date_gmt":"2025-08-28T02:20:56","guid":{"rendered":"https:\/\/roveyayinevi.com.tr\/index.php\/urun\/mavi\/"},"modified":"2026-04-16T03:05:59","modified_gmt":"2026-04-16T00:05:59","slug":"mavi","status":"publish","type":"product","link":"https:\/\/roveyayinevi.com.tr\/index.php\/urun\/mavi\/","title":{"rendered":"Mavi"},"content":{"rendered":"<p>Merhaba mavi Sen bir mavisin; \u00e7\u00fcnk\u00fc eline ald\u0131\u011f\u0131n ve hissetti\u011fin anda ki duygu maviyi anlat\u0131r . Bana anlatsana senin duygun hangi mavi? Belki bir gece bak\u0131\u015f\u0131nda uykusuz bir mavi, Belki g\u00fcn do\u011farken serin bir havada g\u00f6ky\u00fcz\u00fcne bak\u0131p g\u00fcl\u00fcmsedi\u011fin bebek mavi, Belki de g\u00fcn ortas\u0131nda g\u00fcne\u015fle beraber b\u00fct\u00fcn olmu\u015f parlak heyecanl\u0131 mavi. Belki de bir an i\u00e7in hepsi \u2026 Belki de hi\u00e7biri\u2026 Ama yasad\u0131\u011f\u0131n her an senin ! Ya\u015fad\u0131\u011f\u0131nda hissetti\u011fin o mavi senin! Ama hep \u00f6zg\u00fcr mavi, hep umutlu ve mutlu\u2026 Tertemiz iyot kokusu, belki ku\u015f bak\u0131\u015f\u0131 belki de en yak\u0131n\u0131nda mavi. Ba\u015flayal\u0131m m\u0131? Sana kendi mavimden bahsetmek istiyorum Hadi bahar\u0131 da yaz\u0131 da birlikte ya\u015faman\u0131n zaman\u0131<\/p>\n","protected":false},"excerpt":{"rendered":"<p>Merhaba mavi Sen bir mavisin; \u00e7\u00fcnk\u00fc eline ald\u0131\u011f\u0131n ve hissetti\u011fin anda ki duygu maviyi anlat\u0131r . Bana anlatsana senin duygun hangi mavi? Belki bir gece bak\u0131\u015f\u0131nda<span class=\"excerpt-hellip\"> [\u2026]<\/span><\/p>\n","protected":false},"featured_media":0,"template":"","meta":{"_monsterinsights_skip_tracking":false,"_monsterinsights_sitenote_active":false,"_monsterinsights_sitenote_note":"","_monsterinsights_sitenote_category":0},"product_brand":[],"product_cat":[12777,12291],"product_tag":[],"class_list":{"0":"post-752629","1":"product","2":"type-product","3":"status-publish","5":"product_cat-deneme","6":"product_cat-edebiyat","7":"pa_cilt-ciltsiz","8":"pa_tur-kitap","9":"pa_yayinevi-platanus-publishing","10":"pa_yazar-s-mine-enkar","12":"first","13":"instock","14":"sale","15":"shipping-taxable","16":"purchasable","17":"product-type-simple"},"_links":{"self":[{"href":"https:\/\/roveyayinevi.com.tr\/index.php\/wp-json\/wp\/v2\/product\/752629","targetHints":{"allow":["GET"]}}],"collection":[{"href":"https:\/\/roveyayinevi.com.tr\/index.php\/wp-json\/wp\/v2\/product"}],"about":[{"href":"https:\/\/roveyayinevi.com.tr\/index.php\/wp-json\/wp\/v2\/types\/product"}],"wp:attachment":[{"href":"https:\/\/roveyayinevi.com.tr\/index.php\/wp-json\/wp\/v2\/media?parent=752629"}],"wp:term":[{"taxonomy":"product_brand","embeddable":true,"href":"https:\/\/roveyayinevi.com.tr\/index.php\/wp-json\/wp\/v2\/product_brand?post=752629"},{"taxonomy":"product_cat","embeddable":true,"href":"https:\/\/roveyayinevi.com.tr\/index.php\/wp-json\/wp\/v2\/product_cat?post=752629"},{"taxonomy":"product_tag","embeddable":true,"href":"https:\/\/roveyayinevi.com.tr\/index.php\/wp-json\/wp\/v2\/product_tag?post=752629"}],"curies":[{"name":"wp","href":"https:\/\/api.w.org\/{rel}","templated":true}]}}