{"id":752627,"date":"2025-08-28T05:20:54","date_gmt":"2025-08-28T02:20:54","guid":{"rendered":"https:\/\/roveyayinevi.com.tr\/index.php\/urun\/dogrudan-yabanci-yatirimlarin-ticaret-ve-ihracata-etkisi-teorik-bir-inceleme\/"},"modified":"2026-04-16T03:05:59","modified_gmt":"2026-04-16T00:05:59","slug":"dogrudan-yabanci-yatirimlarin-ticaret-ve-ihracata-etkisi-teorik-bir-inceleme","status":"publish","type":"product","link":"https:\/\/roveyayinevi.com.tr\/index.php\/urun\/dogrudan-yabanci-yatirimlarin-ticaret-ve-ihracata-etkisi-teorik-bir-inceleme\/","title":{"rendered":"Do\u011frudan Yabanc\u0131 Yat\u0131r\u0131mlar\u0131n Ticaret ve \u0130hracata Etkisi Teorik Bir \u0130nceleme"},"content":{"rendered":"<p>Do\u011frudan Yabac\u0131 Yat\u0131r\u0131mlar, T\u00fcrkiye i\u00e7in oldu\u011fu kadar di\u011fer geli\u015fmekte olan \u00fclkeler i\u00e7in de \u00f6nemli bir konudur. G\u00fcn\u00fcm\u00fcz k\u00fcreselle\u015fen d\u00fcnyas\u0131nda do\u011frudan yabanc\u0131 yat\u0131r\u0131mlar\u0131n \u00fclkeler i\u00e7in \u00f6nemi giderek artmaktad\u0131r, ancak literat\u00fcrde do\u011frudan yabanc\u0131 yat\u0131r\u0131mlar\u0131n teorik altyap\u0131s\u0131na ili\u015fkin teorik \u00e7al\u0131\u015fmalar yok denecek kadar azd\u0131r. Akademik olarak do\u011frudan yabanc\u0131 yat\u0131r\u0131mlar ve teorileri ile ilgili pek \u00e7ok yay\u0131n olmas\u0131na ra\u011fmen bu teorileri tek bir kitap alt\u0131nda toplayan \u00e7al\u0131\u015fmalar bulunmamaktad\u0131r. Do\u011frudan yabanc\u0131 yat\u0131r\u0131mlara ili\u015fkin teorilerinin s\u0131n\u0131fland\u0131rmas\u0131 ve analizinin, gelecekteki bilimsel \u00e7al\u0131\u015fmalar i\u00e7in en uygun teorik \u00e7er\u00e7evenin se\u00e7ilmesine y\u00f6nelik yeterli bir temel sa\u011flayaca\u011f\u0131 ve kaynak niteli\u011finde olaca\u011f\u0131 d\u00fc\u015f\u00fcn\u00fclmektedir. Bu kitab\u0131n amac\u0131, do\u011frudan yabanc\u0131 yat\u0131r\u0131mlar ile ilgili bu farkl\u0131 teorileri bir araya getirerek okuyucuya ve do\u011frudan yabanc\u0131 yat\u0131r\u0131mlar konusunda \u00e7al\u0131\u015fmalar yapan akademisyenlere bir yol g\u00f6stericilik yapmakt\u0131r. <\/p>\n","protected":false},"excerpt":{"rendered":"<p>Do\u011frudan Yabac\u0131 Yat\u0131r\u0131mlar, T\u00fcrkiye i\u00e7in oldu\u011fu kadar di\u011fer geli\u015fmekte olan \u00fclkeler i\u00e7in de \u00f6nemli bir konudur. G\u00fcn\u00fcm\u00fcz k\u00fcreselle\u015fen d\u00fcnyas\u0131nda do\u011frudan yabanc\u0131 yat\u0131r\u0131mlar\u0131n \u00fclkeler i\u00e7in \u00f6nemi giderek<span class=\"excerpt-hellip\"> [\u2026]<\/span><\/p>\n","protected":false},"featured_media":0,"template":"","meta":{"_monsterinsights_skip_tracking":false,"_monsterinsights_sitenote_active":false,"_monsterinsights_sitenote_note":"","_monsterinsights_sitenote_category":0},"product_brand":[],"product_cat":[12573,12566],"product_tag":[],"class_list":{"0":"post-752627","1":"product","2":"type-product","3":"status-publish","5":"product_cat-akademik-kitaplar","6":"product_cat-egitim","7":"pa_cilt-ciltsiz","8":"pa_tur-kitap","9":"pa_yayinevi-platanus-publishing","10":"pa_yazar-yasemin-bozdaglioglu","12":"first","13":"instock","14":"sale","15":"shipping-taxable","16":"purchasable","17":"product-type-simple"},"_links":{"self":[{"href":"https:\/\/roveyayinevi.com.tr\/index.php\/wp-json\/wp\/v2\/product\/752627","targetHints":{"allow":["GET"]}}],"collection":[{"href":"https:\/\/roveyayinevi.com.tr\/index.php\/wp-json\/wp\/v2\/product"}],"about":[{"href":"https:\/\/roveyayinevi.com.tr\/index.php\/wp-json\/wp\/v2\/types\/product"}],"wp:attachment":[{"href":"https:\/\/roveyayinevi.com.tr\/index.php\/wp-json\/wp\/v2\/media?parent=752627"}],"wp:term":[{"taxonomy":"product_brand","embeddable":true,"href":"https:\/\/roveyayinevi.com.tr\/index.php\/wp-json\/wp\/v2\/product_brand?post=752627"},{"taxonomy":"product_cat","embeddable":true,"href":"https:\/\/roveyayinevi.com.tr\/index.php\/wp-json\/wp\/v2\/product_cat?post=752627"},{"taxonomy":"product_tag","embeddable":true,"href":"https:\/\/roveyayinevi.com.tr\/index.php\/wp-json\/wp\/v2\/product_tag?post=752627"}],"curies":[{"name":"wp","href":"https:\/\/api.w.org\/{rel}","templated":true}]}}