{"id":752625,"date":"2025-08-28T05:20:50","date_gmt":"2025-08-28T02:20:50","guid":{"rendered":"https:\/\/roveyayinevi.com.tr\/index.php\/urun\/dunyanin-sonunda-bir-yer-ciltli-ozel-baski\/"},"modified":"2026-04-13T03:11:55","modified_gmt":"2026-04-13T00:11:55","slug":"dunyanin-sonunda-bir-yer-ciltli-ozel-baski","status":"publish","type":"product","link":"https:\/\/roveyayinevi.com.tr\/index.php\/urun\/dunyanin-sonunda-bir-yer-ciltli-ozel-baski\/","title":{"rendered":"D\u00fcnyan\u0131n Sonunda Bir Yer (Ciltli\/\u00d6zel Bask\u0131)"},"content":{"rendered":"<p>Yery\u00fcz\u00fcn\u00fcn ya\u015fayan tanr\u0131\u00e7as\u0131 Nimh, Inshara\u2019n\u0131n ona ve \u00fclkesine ya\u015fatt\u0131klar\u0131n\u0131n ac\u0131s\u0131yla y\u00fczle\u015firken kaybettiklerini kazanmaya and i\u00e7ti\u011fi bir sava\u015f\u0131n i\u00e7ine s\u00fcr\u00fcklenir.   North ise yapayaln\u0131z kalm\u0131\u015f ve tek amac\u0131 sevdi\u011fi k\u0131z\u0131 bulmak ve kendi d\u00fcnyas\u0131n\u0131 kurtarmak olmu\u015ftur. Birlik olup, d\u00fc\u015fmanlar\u0131na kar\u015f\u0131 birlikte sava\u015fmay\u0131 se\u00e7en North ve Nimh, kutsal ba\u011flar\u0131n\u0131, yeteneklerini ve inan\u00e7lar\u0131n\u0131 test edecek zorlu bir s\u0131nav vermek zorunda kalacakt\u0131r.   \u015eimdi d\u00fcnyalar aras\u0131nda bir yol bulman\u0131n ve yeniden bir araya gelmenin vakti.     \u201cKaufman ve Spooner ikilisi yine unutulmaz bir kurguya imza atm\u0131\u015f.\u201d \u2013 Booklist   \u201cEntrika, ihanet ve gerilim dolu bir macera sizi bekliyor. Hemen okumaya ba\u015flay\u0131n!\u201d -Buzzfeed <\/p>\n","protected":false},"excerpt":{"rendered":"<p>Yery\u00fcz\u00fcn\u00fcn ya\u015fayan tanr\u0131\u00e7as\u0131 Nimh, Inshara\u2019n\u0131n ona ve \u00fclkesine ya\u015fatt\u0131klar\u0131n\u0131n ac\u0131s\u0131yla y\u00fczle\u015firken kaybettiklerini kazanmaya and i\u00e7ti\u011fi bir sava\u015f\u0131n i\u00e7ine s\u00fcr\u00fcklenir. North ise yapayaln\u0131z kalm\u0131\u015f ve tek amac\u0131<span class=\"excerpt-hellip\"> [\u2026]<\/span><\/p>\n","protected":false},"featured_media":0,"template":"","meta":{"_monsterinsights_skip_tracking":false,"_monsterinsights_sitenote_active":false,"_monsterinsights_sitenote_note":"","_monsterinsights_sitenote_category":0},"product_brand":[],"product_cat":[12291,12711],"product_tag":[],"class_list":{"0":"post-752625","1":"product","2":"type-product","3":"status-publish","5":"product_cat-edebiyat","6":"product_cat-roman-oyku","7":"pa_cilt-ciltli","8":"pa_tur-kitap","9":"pa_yayinevi-ephesus-yayinlari","10":"pa_yazar-amiekaufman-meaganspooner","12":"first","13":"instock","14":"sale","15":"shipping-taxable","16":"purchasable","17":"product-type-simple"},"_links":{"self":[{"href":"https:\/\/roveyayinevi.com.tr\/index.php\/wp-json\/wp\/v2\/product\/752625","targetHints":{"allow":["GET"]}}],"collection":[{"href":"https:\/\/roveyayinevi.com.tr\/index.php\/wp-json\/wp\/v2\/product"}],"about":[{"href":"https:\/\/roveyayinevi.com.tr\/index.php\/wp-json\/wp\/v2\/types\/product"}],"wp:attachment":[{"href":"https:\/\/roveyayinevi.com.tr\/index.php\/wp-json\/wp\/v2\/media?parent=752625"}],"wp:term":[{"taxonomy":"product_brand","embeddable":true,"href":"https:\/\/roveyayinevi.com.tr\/index.php\/wp-json\/wp\/v2\/product_brand?post=752625"},{"taxonomy":"product_cat","embeddable":true,"href":"https:\/\/roveyayinevi.com.tr\/index.php\/wp-json\/wp\/v2\/product_cat?post=752625"},{"taxonomy":"product_tag","embeddable":true,"href":"https:\/\/roveyayinevi.com.tr\/index.php\/wp-json\/wp\/v2\/product_tag?post=752625"}],"curies":[{"name":"wp","href":"https:\/\/api.w.org\/{rel}","templated":true}]}}