{"id":752623,"date":"2025-08-28T05:20:46","date_gmt":"2025-08-28T02:20:46","guid":{"rendered":"https:\/\/roveyayinevi.com.tr\/index.php\/urun\/en-karanlik-taraf-katiller-cetesi\/"},"modified":"2026-04-16T03:05:59","modified_gmt":"2026-04-16T00:05:59","slug":"en-karanlik-taraf-katiller-cetesi","status":"publish","type":"product","link":"https:\/\/roveyayinevi.com.tr\/index.php\/urun\/en-karanlik-taraf-katiller-cetesi\/","title":{"rendered":"En Karanl\u0131k Taraf &#8211; Katiller \u00c7etesi"},"content":{"rendered":"<p>KAT\u0130LLER \u00c7ETES\u0130 SER\u0130S\u0130 NEFES KES\u0130C\u0130 B\u0130R F\u0130NALLE SON BULUYOR\u2026   Izabel terk edilmi\u015f ve yapayaln\u0131z kalm\u0131\u015ft\u0131r. Hayat\u0131na devam etmeye kararl\u0131 olsa da bu, sand\u0131\u011f\u0131 kadar kolay olmayacak, kendini b\u00fcy\u00fck bir \u00e7\u0131kmaz\u0131n i\u00e7inde bulacakt\u0131r. Niklas ile kald\u0131\u011f\u0131 zor durumdan kurtulmalar\u0131n\u0131n tek umudu olan Victor ortaya \u00e7\u0131kmazsa, Izabel ve Niklas \u00f6l\u00fcme bir ad\u0131m daha yakla\u015facakt\u0131r. Kaderi, bir seri katilin ellerinde olan Fredrik ise kendini bamba\u015fka bir m\u00fccadelenin i\u00e7inde bulacakt\u0131r. \u0130nsani duygulardan ve empatiden yoksun bu kad\u0131n, Fredrik\u2019ten ne istemektedir? Daha da \u00f6nemlisi, Fredrik ona istedi\u011fini verebilecek midir?   Katiller \u00c7etesi serisinin \u015foke edici final kitab\u0131nda t\u00fcm s\u0131rlar ortaya d\u00f6k\u00fcl\u00fcyor ve bu s\u0131rlar baz\u0131lar\u0131n\u0131n sonu oluyor.   \u201cREDMERSKI, SER\u0130Y\u0130 UNUTULMAZ B\u0130R F\u0130NALLE SONLANDIRIYOR.\u201d \u2013USA Today   \u201cSAYFALARI \u00c7EV\u0130RMEKTEN KEND\u0130N\u0130Z\u0130 ALAMAYACAKSINIZ!\u201d \u2013The Book Enthusiast <\/p>\n","protected":false},"excerpt":{"rendered":"<p>KAT\u0130LLER \u00c7ETES\u0130 SER\u0130S\u0130 NEFES KES\u0130C\u0130 B\u0130R F\u0130NALLE SON BULUYOR\u2026 Izabel terk edilmi\u015f ve yapayaln\u0131z kalm\u0131\u015ft\u0131r. Hayat\u0131na devam etmeye kararl\u0131 olsa da bu, sand\u0131\u011f\u0131 kadar kolay olmayacak,<span class=\"excerpt-hellip\"> [\u2026]<\/span><\/p>\n","protected":false},"featured_media":0,"template":"","meta":{"_monsterinsights_skip_tracking":false,"_monsterinsights_sitenote_active":false,"_monsterinsights_sitenote_note":"","_monsterinsights_sitenote_category":0},"product_brand":[],"product_cat":[12291,12711],"product_tag":[],"class_list":{"0":"post-752623","1":"product","2":"type-product","3":"status-publish","5":"product_cat-edebiyat","6":"product_cat-roman-oyku","7":"pa_cilt-ciltsiz","8":"pa_tur-kitap","9":"pa_yayinevi-ephesus-yayinlari","10":"pa_yazar-j-a-redmerski","12":"first","13":"instock","14":"sale","15":"shipping-taxable","16":"purchasable","17":"product-type-simple"},"_links":{"self":[{"href":"https:\/\/roveyayinevi.com.tr\/index.php\/wp-json\/wp\/v2\/product\/752623","targetHints":{"allow":["GET"]}}],"collection":[{"href":"https:\/\/roveyayinevi.com.tr\/index.php\/wp-json\/wp\/v2\/product"}],"about":[{"href":"https:\/\/roveyayinevi.com.tr\/index.php\/wp-json\/wp\/v2\/types\/product"}],"wp:attachment":[{"href":"https:\/\/roveyayinevi.com.tr\/index.php\/wp-json\/wp\/v2\/media?parent=752623"}],"wp:term":[{"taxonomy":"product_brand","embeddable":true,"href":"https:\/\/roveyayinevi.com.tr\/index.php\/wp-json\/wp\/v2\/product_brand?post=752623"},{"taxonomy":"product_cat","embeddable":true,"href":"https:\/\/roveyayinevi.com.tr\/index.php\/wp-json\/wp\/v2\/product_cat?post=752623"},{"taxonomy":"product_tag","embeddable":true,"href":"https:\/\/roveyayinevi.com.tr\/index.php\/wp-json\/wp\/v2\/product_tag?post=752623"}],"curies":[{"name":"wp","href":"https:\/\/api.w.org\/{rel}","templated":true}]}}