{"id":752622,"date":"2025-08-28T05:20:45","date_gmt":"2025-08-28T02:20:45","guid":{"rendered":"https:\/\/roveyayinevi.com.tr\/index.php\/urun\/cok-cok-harika-bir-okul\/"},"modified":"2026-04-16T03:05:59","modified_gmt":"2026-04-16T00:05:59","slug":"cok-cok-harika-bir-okul","status":"publish","type":"product","link":"https:\/\/roveyayinevi.com.tr\/index.php\/urun\/cok-cok-harika-bir-okul\/","title":{"rendered":"\u00c7ok \u00c7ok Harika Bir Okul"},"content":{"rendered":"<p>Bay Keene bir g\u00fcn, t\u00fcm \u00f6\u011frencilerle \u00f6\u011fretmenleri bir araya toplay\u0131p, \u201cBuras\u0131 \u00e7ok \u00e7ok harika bir okul! \u015eu andan itibaren cumartesileri de okul olsun\u201d dedi. Ve sonra gerisi geldi. B\u00fct\u00fcn hafta sonu okul. Resmi tatilde de okul. Hatta yaz tatilinde bile okul! S\u0131rada ne vard\u0131? Geceleri de mi okul? B\u00f6ylece iyi niyetli Bay Keen\u2019e, onun \u00e7ok \u00e7ok harika okulu muhte\u015fem bir yer olsa bile, her zaman \u00e7ok \u00e7ok harika bir yer olmayaca\u011f\u0131n\u0131 g\u00f6stermek Tillie\u2019ye kalm\u0131\u015ft\u0131. Newbery Madalyas\u0131 ve Carnegie Madalyas\u0131 dahil olmak \u00fczere bir\u00e7ok \u00f6d\u00fcl\u00fcn sahibi yazar Sharon Creech ile New Yorker karikat\u00fcristi Harry Bliss\u2019ten e\u011fitim a\u015fk\u0131n\u0131n a\u015f\u0131r\u0131l\u0131\u011f\u0131 ve \u00f6\u011frenmenin okulla s\u0131n\u0131rl\u0131 olmamas\u0131 \u00fczerine b\u00fcy\u00fcleyici, \u015fa\u015f\u0131rt\u0131c\u0131 derecede komik bir kitap. \u201cBu kitapta, y\u00fcksek sesle okurken e\u011flenece\u011finiz harika, muzip c\u00fcmleler ve matrak resimler bulacaks\u0131n\u0131z.\u201d ALA Booklist \u201cKesinikle \u00e7ok \u00e7ok harika bir kitap\u201d The New York Times Book Review   \u00d6d\u00fcller: \u00b7         Irma S &amp; J. H. Black \u00c7ocuk Edebiyat\u0131nda M\u00fckemmellik \u00d6d\u00fcl\u00fc \u00b7   California Gen\u00e7 Okuyucu Madalyas\u0131<\/p>\n","protected":false},"excerpt":{"rendered":"<p>Bay Keene bir g\u00fcn, t\u00fcm \u00f6\u011frencilerle \u00f6\u011fretmenleri bir araya toplay\u0131p, \u201cBuras\u0131 \u00e7ok \u00e7ok harika bir okul! \u015eu andan itibaren cumartesileri de okul olsun\u201d dedi. Ve sonra<span class=\"excerpt-hellip\"> [\u2026]<\/span><\/p>\n","protected":false},"featured_media":0,"template":"","meta":{"_monsterinsights_skip_tracking":false,"_monsterinsights_sitenote_active":false,"_monsterinsights_sitenote_note":"","_monsterinsights_sitenote_category":0},"product_brand":[],"product_cat":[12274],"product_tag":[],"class_list":{"0":"post-752622","1":"product","2":"type-product","3":"status-publish","5":"product_cat-cocuk-ve-genclik-kitaplari","6":"pa_cilt-ciltsiz","7":"pa_tur-kitap","8":"pa_yayinevi-bilgi-yayinevi-cocuk","9":"pa_yazar-sharon-creech","11":"first","12":"instock","13":"sale","14":"shipping-taxable","15":"purchasable","16":"product-type-simple"},"_links":{"self":[{"href":"https:\/\/roveyayinevi.com.tr\/index.php\/wp-json\/wp\/v2\/product\/752622","targetHints":{"allow":["GET"]}}],"collection":[{"href":"https:\/\/roveyayinevi.com.tr\/index.php\/wp-json\/wp\/v2\/product"}],"about":[{"href":"https:\/\/roveyayinevi.com.tr\/index.php\/wp-json\/wp\/v2\/types\/product"}],"wp:attachment":[{"href":"https:\/\/roveyayinevi.com.tr\/index.php\/wp-json\/wp\/v2\/media?parent=752622"}],"wp:term":[{"taxonomy":"product_brand","embeddable":true,"href":"https:\/\/roveyayinevi.com.tr\/index.php\/wp-json\/wp\/v2\/product_brand?post=752622"},{"taxonomy":"product_cat","embeddable":true,"href":"https:\/\/roveyayinevi.com.tr\/index.php\/wp-json\/wp\/v2\/product_cat?post=752622"},{"taxonomy":"product_tag","embeddable":true,"href":"https:\/\/roveyayinevi.com.tr\/index.php\/wp-json\/wp\/v2\/product_tag?post=752622"}],"curies":[{"name":"wp","href":"https:\/\/api.w.org\/{rel}","templated":true}]}}