{"id":752617,"date":"2025-08-28T05:20:37","date_gmt":"2025-08-28T02:20:37","guid":{"rendered":"https:\/\/roveyayinevi.com.tr\/index.php\/urun\/buyuk-renkler-kitabim-ciltli\/"},"modified":"2026-04-16T03:05:59","modified_gmt":"2026-04-16T00:05:59","slug":"buyuk-renkler-kitabim-ciltli","status":"publish","type":"product","link":"https:\/\/roveyayinevi.com.tr\/index.php\/urun\/buyuk-renkler-kitabim-ciltli\/","title":{"rendered":"B\u00fcy\u00fck Renkler Kitab\u0131m (Ciltli)"},"content":{"rendered":"<p>Bu kocaman kitab\u0131n reng\u00e2renk sayfalar\u0131 aras\u0131nda gezinirken hem renkleri ke\u015ffedecek hem de pek \u00e7ok nesnenin, bitkinin ve hayvan\u0131n adlar\u0131n\u0131 \u00f6\u011freneceksiniz. Renklerine g\u00f6re ayr\u0131lm\u0131\u015f 200\u2019den fazla resim i\u00e7eren bu \u00e7ok \u00f6zel kitap, \u00e7ocuklar\u0131n ilk kitaplar\u0131ndan biri olmaya aday!   \u201cHangisi sar\u0131? Hangisi turuncu? Hangisi k\u0131rm\u0131z\u0131?\u201d <\/p>\n","protected":false},"excerpt":{"rendered":"<p>Bu kocaman kitab\u0131n reng\u00e2renk sayfalar\u0131 aras\u0131nda gezinirken hem renkleri ke\u015ffedecek hem de pek \u00e7ok nesnenin, bitkinin ve hayvan\u0131n adlar\u0131n\u0131 \u00f6\u011freneceksiniz. Renklerine g\u00f6re ayr\u0131lm\u0131\u015f 200\u2019den fazla resim<span class=\"excerpt-hellip\"> [\u2026]<\/span><\/p>\n","protected":false},"featured_media":0,"template":"","meta":{"_monsterinsights_skip_tracking":false,"_monsterinsights_sitenote_active":false,"_monsterinsights_sitenote_note":"","_monsterinsights_sitenote_category":0},"product_brand":[],"product_cat":[12274,12518],"product_tag":[],"class_list":{"0":"post-752617","1":"product","2":"type-product","3":"status-publish","5":"product_cat-cocuk-ve-genclik-kitaplari","6":"product_cat-okul-oncesi-kitaplar","7":"pa_cilt-ciltli","8":"pa_tur-kitap","9":"pa_yayinevi-yapi-kredi-yayinlari-kultur","10":"pa_yazar-fani-marceau","12":"first","13":"instock","14":"sale","15":"shipping-taxable","16":"purchasable","17":"product-type-simple"},"_links":{"self":[{"href":"https:\/\/roveyayinevi.com.tr\/index.php\/wp-json\/wp\/v2\/product\/752617","targetHints":{"allow":["GET"]}}],"collection":[{"href":"https:\/\/roveyayinevi.com.tr\/index.php\/wp-json\/wp\/v2\/product"}],"about":[{"href":"https:\/\/roveyayinevi.com.tr\/index.php\/wp-json\/wp\/v2\/types\/product"}],"wp:attachment":[{"href":"https:\/\/roveyayinevi.com.tr\/index.php\/wp-json\/wp\/v2\/media?parent=752617"}],"wp:term":[{"taxonomy":"product_brand","embeddable":true,"href":"https:\/\/roveyayinevi.com.tr\/index.php\/wp-json\/wp\/v2\/product_brand?post=752617"},{"taxonomy":"product_cat","embeddable":true,"href":"https:\/\/roveyayinevi.com.tr\/index.php\/wp-json\/wp\/v2\/product_cat?post=752617"},{"taxonomy":"product_tag","embeddable":true,"href":"https:\/\/roveyayinevi.com.tr\/index.php\/wp-json\/wp\/v2\/product_tag?post=752617"}],"curies":[{"name":"wp","href":"https:\/\/api.w.org\/{rel}","templated":true}]}}