{"id":752614,"date":"2025-08-28T05:20:32","date_gmt":"2025-08-28T02:20:32","guid":{"rendered":"https:\/\/roveyayinevi.com.tr\/index.php\/urun\/aksam-yildizlarinin-imparatoru\/"},"modified":"2026-04-16T03:05:58","modified_gmt":"2026-04-16T00:05:58","slug":"aksam-yildizlarinin-imparatoru","status":"publish","type":"product","link":"https:\/\/roveyayinevi.com.tr\/index.php\/urun\/aksam-yildizlarinin-imparatoru\/","title":{"rendered":"Ak\u015fam Y\u0131ld\u0131zlar\u0131n\u0131n \u0130mparatoru"},"content":{"rendered":"<p>Ba\u015flang\u0131\u00e7ta karanl\u0131k vard\u0131.   Callie ile tan\u0131\u015fmadan ve Pazarl\u0131k\u00e7\u0131 olmadan \u00f6nce, bir k\u00e2tibin pi\u00e7 o\u011flu Desmond Flynn vard\u0131: Zay\u0131f bir anneden do\u011fan, biraz b\u00fcy\u00fcyle lanetlenmi\u015f ve kaderinde bir k\u00f6leyle evlenmek olan o \u00e7ocuk\u2026   Ancak kaderin akl\u0131nda ba\u015fka bir plan vard\u0131.   Karanl\u0131k yok olana dek.   Arestys&#8217;in \u00e7orak ma\u011faralar\u0131ndan Somnia saray\u0131na uzanan ve yery\u00fcz\u00fcn\u00fcn hile dolu sokaklar\u0131nda ruh e\u015fini arayan bu hik\u00e2yede, Desmond Flynn\u2019\u0131n ac\u0131 ve intikam h\u0131rs\u0131yla \u00e7\u0131kt\u0131\u011f\u0131 yolun sonunda Ak\u015fam Y\u0131ld\u0131zlar\u0131n\u0131n \u0130mparatoru olmas\u0131na \u015fahitlik edeceksiniz. <\/p>\n","protected":false},"excerpt":{"rendered":"<p>Ba\u015flang\u0131\u00e7ta karanl\u0131k vard\u0131. Callie ile tan\u0131\u015fmadan ve Pazarl\u0131k\u00e7\u0131 olmadan \u00f6nce, bir k\u00e2tibin pi\u00e7 o\u011flu Desmond Flynn vard\u0131: Zay\u0131f bir anneden do\u011fan, biraz b\u00fcy\u00fcyle lanetlenmi\u015f ve kaderinde<span class=\"excerpt-hellip\"> [\u2026]<\/span><\/p>\n","protected":false},"featured_media":0,"template":"","meta":{"_monsterinsights_skip_tracking":false,"_monsterinsights_sitenote_active":false,"_monsterinsights_sitenote_note":"","_monsterinsights_sitenote_category":0},"product_brand":[],"product_cat":[12291,14777],"product_tag":[],"class_list":{"0":"post-752614","1":"product","2":"type-product","3":"status-publish","5":"product_cat-edebiyat","6":"product_cat-fantastik","7":"pa_cilt-ciltsiz","8":"pa_tur-kitap","9":"pa_yayinevi-marti-yayinlari","10":"pa_yazar-laura-thalassa","12":"first","13":"instock","14":"sale","15":"shipping-taxable","16":"purchasable","17":"product-type-simple"},"_links":{"self":[{"href":"https:\/\/roveyayinevi.com.tr\/index.php\/wp-json\/wp\/v2\/product\/752614","targetHints":{"allow":["GET"]}}],"collection":[{"href":"https:\/\/roveyayinevi.com.tr\/index.php\/wp-json\/wp\/v2\/product"}],"about":[{"href":"https:\/\/roveyayinevi.com.tr\/index.php\/wp-json\/wp\/v2\/types\/product"}],"wp:attachment":[{"href":"https:\/\/roveyayinevi.com.tr\/index.php\/wp-json\/wp\/v2\/media?parent=752614"}],"wp:term":[{"taxonomy":"product_brand","embeddable":true,"href":"https:\/\/roveyayinevi.com.tr\/index.php\/wp-json\/wp\/v2\/product_brand?post=752614"},{"taxonomy":"product_cat","embeddable":true,"href":"https:\/\/roveyayinevi.com.tr\/index.php\/wp-json\/wp\/v2\/product_cat?post=752614"},{"taxonomy":"product_tag","embeddable":true,"href":"https:\/\/roveyayinevi.com.tr\/index.php\/wp-json\/wp\/v2\/product_tag?post=752614"}],"curies":[{"name":"wp","href":"https:\/\/api.w.org\/{rel}","templated":true}]}}