{"id":752612,"date":"2025-08-28T05:20:28","date_gmt":"2025-08-28T02:20:28","guid":{"rendered":"https:\/\/roveyayinevi.com.tr\/index.php\/urun\/insafsizlar\/"},"modified":"2026-04-16T03:05:58","modified_gmt":"2026-04-16T00:05:58","slug":"insafsizlar","status":"publish","type":"product","link":"https:\/\/roveyayinevi.com.tr\/index.php\/urun\/insafsizlar\/","title":{"rendered":"\u0130nsafs\u0131zlar"},"content":{"rendered":"<p>\u0130nsafs\u0131zlar Philippe Djian\u2019\u0131n karanl\u0131k d\u00fcnyas\u0131ndan, ba\u015f\u0131na buyruk ve s\u00fcrprizlerle dolu kaleminden \u00e7\u0131kan, hi\u00e7 de s\u0131radan olmayan bir ailenin hik\u00e2yesi&#8230; \u0130nsan duygular\u0131n\u0131n sefilli\u011fini ve d\u00fc\u015f\u00fcncelerinin bencilli\u011fini yal\u0131n bir dille anlatan yazar, karakterlerin i\u00e7 d\u00fcnyalar\u0131n\u0131 takip ederken kendimizi sorgulamam\u0131za da neden olacak. H\u00e2l\u00e2 burada olsayd\u0131 t\u00fcm bunlarla u\u011fra\u015fmam gerekmezdi. H\u00e2l\u00e2 burada olsayd\u0131 b\u00f6yle sorunlar do\u011fmazd\u0131. Hayat\u0131m\u0131n bir anlam\u0131 olurdu. G\u00f6lgelerle dolu bir vadide y\u00fcr\u00fcyorum ve yerler korlarla kapl\u0131&#8230; Diana e\u015fini kaybetti\u011finden beri, e\u015finin karde\u015fi Marc\u2019la ya\u015famaktad\u0131r. Marc her anlamda onun \u00fczerine titrer ve ikili yaslar\u0131n\u0131 beraber atlatmaya \u00e7al\u0131\u015f\u0131rlar. Ancak f\u0131rt\u0131nal\u0131 bir ak\u015fam\u0131n sabah\u0131nda Marc sahilde k\u0131y\u0131ya vuran \u00fc\u00e7 paket uyu\u015fturucu bulunca, Diana\u2019n\u0131n abisi Jo\u00ebl\u2019in yard\u0131m\u0131yla bunlar\u0131 satmaya karar verir ve her \u015fey bir anda de\u011fi\u015fir. S\u0131k\u0131nt\u0131lar pe\u015f pe\u015fe gelir, arkada\u015fl\u0131klar bozulur, a\u015fk \u00f6l\u00fcme kar\u0131\u015f\u0131r ve bu karma\u015fan\u0131n ortas\u0131nda yeni duygular ortaya \u00e7\u0131kar. Kimsenin kimseye g\u00fcvenemedi\u011fi, herkesin hem psikolojik hem sosyal anlamda hayatta kalma ve sevgiye tutunma sava\u015f\u0131 verdi\u011fi bir d\u00fcnyada ge\u00e7er olaylar. Roman\u0131n kahramanlar\u0131ysa adaletin olmad\u0131\u011f\u0131 bir d\u00fcnyada h\u00e2l\u00e2 b\u00fcy\u00fcyememi\u015f milyonlarca insan gibi insafs\u0131zlar&#8230; <\/p>\n","protected":false},"excerpt":{"rendered":"<p>\u0130nsafs\u0131zlar Philippe Djian\u2019\u0131n karanl\u0131k d\u00fcnyas\u0131ndan, ba\u015f\u0131na buyruk ve s\u00fcrprizlerle dolu kaleminden \u00e7\u0131kan, hi\u00e7 de s\u0131radan olmayan bir ailenin hik\u00e2yesi&#8230; \u0130nsan duygular\u0131n\u0131n sefilli\u011fini ve d\u00fc\u015f\u00fcncelerinin bencilli\u011fini yal\u0131n<span class=\"excerpt-hellip\"> [\u2026]<\/span><\/p>\n","protected":false},"featured_media":0,"template":"","meta":{"_monsterinsights_skip_tracking":false,"_monsterinsights_sitenote_active":false,"_monsterinsights_sitenote_note":"","_monsterinsights_sitenote_category":0},"product_brand":[],"product_cat":[12291,12711],"product_tag":[],"class_list":{"0":"post-752612","1":"product","2":"type-product","3":"status-publish","5":"product_cat-edebiyat","6":"product_cat-roman-oyku","7":"pa_cilt-ciltsiz","8":"pa_tur-kitap","9":"pa_yayinevi-ayrinti-yayinlari","10":"pa_yazar-philippe-djian","12":"first","13":"instock","14":"sale","15":"shipping-taxable","16":"purchasable","17":"product-type-simple"},"_links":{"self":[{"href":"https:\/\/roveyayinevi.com.tr\/index.php\/wp-json\/wp\/v2\/product\/752612","targetHints":{"allow":["GET"]}}],"collection":[{"href":"https:\/\/roveyayinevi.com.tr\/index.php\/wp-json\/wp\/v2\/product"}],"about":[{"href":"https:\/\/roveyayinevi.com.tr\/index.php\/wp-json\/wp\/v2\/types\/product"}],"wp:attachment":[{"href":"https:\/\/roveyayinevi.com.tr\/index.php\/wp-json\/wp\/v2\/media?parent=752612"}],"wp:term":[{"taxonomy":"product_brand","embeddable":true,"href":"https:\/\/roveyayinevi.com.tr\/index.php\/wp-json\/wp\/v2\/product_brand?post=752612"},{"taxonomy":"product_cat","embeddable":true,"href":"https:\/\/roveyayinevi.com.tr\/index.php\/wp-json\/wp\/v2\/product_cat?post=752612"},{"taxonomy":"product_tag","embeddable":true,"href":"https:\/\/roveyayinevi.com.tr\/index.php\/wp-json\/wp\/v2\/product_tag?post=752612"}],"curies":[{"name":"wp","href":"https:\/\/api.w.org\/{rel}","templated":true}]}}