{"id":752611,"date":"2025-08-28T05:20:28","date_gmt":"2025-08-28T02:20:28","guid":{"rendered":"https:\/\/roveyayinevi.com.tr\/index.php\/urun\/yuru-bir-gercege\/"},"modified":"2026-04-16T03:05:58","modified_gmt":"2026-04-16T00:05:58","slug":"yuru-bir-gercege","status":"publish","type":"product","link":"https:\/\/roveyayinevi.com.tr\/index.php\/urun\/yuru-bir-gercege\/","title":{"rendered":"Y\u00fcr\u00fc Bir Ger\u00e7e\u011fe"},"content":{"rendered":"<p>Bu \u00e7al\u0131\u015fma, hakikat alg\u0131m\u0131zdaki par\u00e7alanman\u0131n yaratt\u0131\u011f\u0131 siyasi ve k\u00fclt\u00fcrel sonu\u00e7lar\u0131, \u201ckamusal alan\u201d, \u201ckamusall\u0131k\u201d ve \u201ckamusal tart\u0131\u015fma\u201d gibi kavramlar\u0131 merkezine alarak tart\u0131\u015f\u0131yor. Arendt\u2019in, g\u00f6r\u00fcn\u00fcr oldu\u011fumuz ve birbirimizin ger\u00e7ekli\u011fine dokundu\u011fumuz bir ileti\u015fim bi\u00e7imi olarak betimledi\u011fi kamusall\u0131\u011f\u0131n ko\u015fullar\u0131 uzun zamand\u0131r yava\u015f yava\u015f ortadan kalk\u0131yordu. \u00d6z\u00e7elik\u2019in vurucu bir bi\u00e7imde ifade etti\u011fi gibi, \u015feylerin sahtesine ya da sanal olan\u0131na, kendisinden daha fazla de\u011fer atfedildi\u011fi g\u00fcn\u00fcm\u00fczde, kamusal bir ileti\u015fimin ko\u015fullar\u0131 iyice sars\u0131lm\u0131\u015f ve hatta neredeyse yok olmu\u015f durumda. \u00d6z\u00e7elik, b\u00f6yle bir kamusal ileti\u015fimin olanaklar\u0131n\u0131 zedeleyen yeni ko\u015fullar\u0131 ince bir bi\u00e7imde analiz ediyor. Art\u0131k neredeyse s\u0131radan, g\u00fcndelik bir ger\u00e7eklik haline d\u00f6n\u00fc\u015fen \u201calternatif hakikatler\u201d, \u201csahte haberler\u201d, \u201cyalan bildirimler\u201d, \u201cuydurulmu\u015f veriler\u201d vb unsurlar\u0131n siyasetin d\u00f6n\u00fc\u015f\u00fcm\u00fc ile ba\u011flant\u0131s\u0131n\u0131 g\u00f6stermeye \u00e7al\u0131\u015f\u0131yor. Bir yandan siyasette gittik\u00e7e y\u00fckselen pop\u00fclist liderler, \u00f6te yandan hakikat sonras\u0131 unsurlar\u0131n bombard\u0131man\u0131na u\u011frayan zihinler\u2026  \u00d6z\u00e7elik, kitab\u0131nda, bu ikisinin birbirini nas\u0131l besledi\u011fini \u00f6rneklerle etkileyici bir bi\u00e7imde ortaya koyuyor. \u0130leti\u015fim ve internet teknolojisindeki yeni geli\u015fmelerin, yaratt\u0131\u011f\u0131 yeni f\u0131rsatlar yan\u0131nda, siyasette kar\u015f\u0131l\u0131kl\u0131 \u201ck\u00f6rle\u015fme\u201d ve birbirine duyars\u0131zla\u015fmay\u0131 nas\u0131l k\u00f6r\u00fckledi\u011fini; yalan haberin yay\u0131lmas\u0131n\u0131 nas\u0131l kolayla\u015ft\u0131rd\u0131\u011f\u0131n\u0131 \u00e7arp\u0131c\u0131 bir bi\u00e7imde irdeliyor. Ortak meselelerimiz konusunda tart\u0131\u015fmam\u0131z\u0131n olana\u011f\u0131 olan kamusal mecralar\u0131n, retori\u011fi ba\u015f tac\u0131 eden demagoglar ile d\u00fczensiz veri y\u0131\u011f\u0131n\u0131 ve sahte bilgilerle dumura u\u011frayan kitlelerin \u201cili\u015fkisi\u201d i\u00e7inde elimizden nas\u0131l kay\u0131p gitti\u011finin hik\u00e2yesini sunuyor.    Modern zihnin temel parametrelerinin kayboldu\u011fu, par\u00e7al\u0131 ve kaotik bir ger\u00e7eklik kavray\u0131\u015f\u0131na ad\u0131m att\u0131\u011f\u0131m\u0131z, \u201cherkesin kendine ait bir hakikati\u201d oldu\u011fu zann\u0131na kap\u0131ld\u0131\u011f\u0131 zaman\u0131m\u0131zda, \u00d6z\u00e7elik\u2019in yap\u0131t\u0131, zihinlerimizi durula\u015ft\u0131rmak, nedenler ve sonu\u00e7lar aras\u0131ndaki ba\u011flant\u0131lar\u0131 kurabilmek, kavray\u0131\u015f\u0131m\u0131z\u0131 zenginle\u015ftirmek ve en \u00f6nemlisi k\u00f6t\u00fcmser olmamak i\u00e7in ufuk a\u00e7\u0131c\u0131 bir katk\u0131 ortaya koyuyor. <\/p>\n","protected":false},"excerpt":{"rendered":"<p>Bu \u00e7al\u0131\u015fma, hakikat alg\u0131m\u0131zdaki par\u00e7alanman\u0131n yaratt\u0131\u011f\u0131 siyasi ve k\u00fclt\u00fcrel sonu\u00e7lar\u0131, \u201ckamusal alan\u201d, \u201ckamusall\u0131k\u201d ve \u201ckamusal tart\u0131\u015fma\u201d gibi kavramlar\u0131 merkezine alarak tart\u0131\u015f\u0131yor. Arendt\u2019in, g\u00f6r\u00fcn\u00fcr oldu\u011fumuz ve birbirimizin<span class=\"excerpt-hellip\"> [\u2026]<\/span><\/p>\n","protected":false},"featured_media":0,"template":"","meta":{"_monsterinsights_skip_tracking":false,"_monsterinsights_sitenote_active":false,"_monsterinsights_sitenote_note":"","_monsterinsights_sitenote_category":0},"product_brand":[],"product_cat":[12364,12376],"product_tag":[],"class_list":{"0":"post-752611","1":"product","2":"type-product","3":"status-publish","5":"product_cat-genel-konular","6":"product_cat-kisisel-gelisim","7":"pa_cilt-ciltsiz","8":"pa_tur-kitap","9":"pa_yayinevi-ayrinti-yayinlari","10":"pa_yazar-bulent-ozcelik","12":"first","13":"instock","14":"sale","15":"shipping-taxable","16":"purchasable","17":"product-type-simple"},"_links":{"self":[{"href":"https:\/\/roveyayinevi.com.tr\/index.php\/wp-json\/wp\/v2\/product\/752611","targetHints":{"allow":["GET"]}}],"collection":[{"href":"https:\/\/roveyayinevi.com.tr\/index.php\/wp-json\/wp\/v2\/product"}],"about":[{"href":"https:\/\/roveyayinevi.com.tr\/index.php\/wp-json\/wp\/v2\/types\/product"}],"wp:attachment":[{"href":"https:\/\/roveyayinevi.com.tr\/index.php\/wp-json\/wp\/v2\/media?parent=752611"}],"wp:term":[{"taxonomy":"product_brand","embeddable":true,"href":"https:\/\/roveyayinevi.com.tr\/index.php\/wp-json\/wp\/v2\/product_brand?post=752611"},{"taxonomy":"product_cat","embeddable":true,"href":"https:\/\/roveyayinevi.com.tr\/index.php\/wp-json\/wp\/v2\/product_cat?post=752611"},{"taxonomy":"product_tag","embeddable":true,"href":"https:\/\/roveyayinevi.com.tr\/index.php\/wp-json\/wp\/v2\/product_tag?post=752611"}],"curies":[{"name":"wp","href":"https:\/\/api.w.org\/{rel}","templated":true}]}}