{"id":752607,"date":"2025-08-28T05:20:21","date_gmt":"2025-08-28T02:20:21","guid":{"rendered":"https:\/\/roveyayinevi.com.tr\/index.php\/urun\/bala-vatandan-yavru-vatana-kerkukten-kktcye\/"},"modified":"2026-04-16T03:05:58","modified_gmt":"2026-04-16T00:05:58","slug":"bala-vatandan-yavru-vatana-kerkukten-kktcye","status":"publish","type":"product","link":"https:\/\/roveyayinevi.com.tr\/index.php\/urun\/bala-vatandan-yavru-vatana-kerkukten-kktcye\/","title":{"rendered":"Bala Vatan\u2019dan Yavru Vatan\u2019a (Kerk\u00fck\u2019ten KKTC\u2019ye)"},"content":{"rendered":"<p>T\u00fcrk d\u00fcnyas\u0131n\u0131n aksakall\u0131 ismi Turan Yazgan diyor ki; \u201cUlu \u00d6nder Mustafa Kemal Atat\u00fcrk KKTC ile Irak T\u00fcrkmenlerinin bayra\u011f\u0131n\u0131 kendi eliyle \u00e7izmi\u015ftir. Birine beyaz, di\u011ferine g\u00f6k mavi rengi vermi\u015ftir. Birine \u201cYavru Vatan\u201d di\u011ferine \u201cBala Vatan\u201d, bu topraklar elbette bir g\u00fcn ana vatana ilhak edecektir.\u201d demi\u015ftir.   \u0130\u015fte Kerk\u00fckl\u00fc gazeteci yazar Dr. \u015eemsettin K\u00fczeci\u2019nin bu kitab\u0131 yavru vatan ile bala vatan aras\u0131nda uzanan dostluk k\u00f6pr\u00fcs\u00fcn\u00fcn notlar\u0131d\u0131r. K\u00fczeci, KKTC\u2019ye yapt\u0131\u011f\u0131   12 seyahat notlar\u0131n\u0131 kitapla\u015ft\u0131rarak siz de\u011ferli okurlar\u0131na sunmaktad\u0131r. <\/p>\n","protected":false},"excerpt":{"rendered":"<p>T\u00fcrk d\u00fcnyas\u0131n\u0131n aksakall\u0131 ismi Turan Yazgan diyor ki; \u201cUlu \u00d6nder Mustafa Kemal Atat\u00fcrk KKTC ile Irak T\u00fcrkmenlerinin bayra\u011f\u0131n\u0131 kendi eliyle \u00e7izmi\u015ftir. Birine beyaz, di\u011ferine g\u00f6k mavi<span class=\"excerpt-hellip\"> [\u2026]<\/span><\/p>\n","protected":false},"featured_media":0,"template":"","meta":{"_monsterinsights_skip_tracking":false,"_monsterinsights_sitenote_active":false,"_monsterinsights_sitenote_note":"","_monsterinsights_sitenote_category":0},"product_brand":[],"product_cat":[18545,12291],"product_tag":[],"class_list":{"0":"post-752607","1":"product","2":"type-product","3":"status-publish","5":"product_cat-anlati","6":"product_cat-edebiyat","7":"pa_cilt-ciltsiz","8":"pa_tur-kitap","9":"pa_yayinevi-gulnar-yayinlari","10":"pa_yazar-semsettin-kuzeci","12":"first","13":"instock","14":"sale","15":"shipping-taxable","16":"purchasable","17":"product-type-simple"},"_links":{"self":[{"href":"https:\/\/roveyayinevi.com.tr\/index.php\/wp-json\/wp\/v2\/product\/752607","targetHints":{"allow":["GET"]}}],"collection":[{"href":"https:\/\/roveyayinevi.com.tr\/index.php\/wp-json\/wp\/v2\/product"}],"about":[{"href":"https:\/\/roveyayinevi.com.tr\/index.php\/wp-json\/wp\/v2\/types\/product"}],"wp:attachment":[{"href":"https:\/\/roveyayinevi.com.tr\/index.php\/wp-json\/wp\/v2\/media?parent=752607"}],"wp:term":[{"taxonomy":"product_brand","embeddable":true,"href":"https:\/\/roveyayinevi.com.tr\/index.php\/wp-json\/wp\/v2\/product_brand?post=752607"},{"taxonomy":"product_cat","embeddable":true,"href":"https:\/\/roveyayinevi.com.tr\/index.php\/wp-json\/wp\/v2\/product_cat?post=752607"},{"taxonomy":"product_tag","embeddable":true,"href":"https:\/\/roveyayinevi.com.tr\/index.php\/wp-json\/wp\/v2\/product_tag?post=752607"}],"curies":[{"name":"wp","href":"https:\/\/api.w.org\/{rel}","templated":true}]}}