{"id":752605,"date":"2025-08-28T05:20:18","date_gmt":"2025-08-28T02:20:18","guid":{"rendered":"https:\/\/roveyayinevi.com.tr\/index.php\/urun\/buyukbabacigim-sen-de-cocuk-oldun-mu\/"},"modified":"2026-04-11T14:22:00","modified_gmt":"2026-04-11T11:22:00","slug":"buyukbabacigim-sen-de-cocuk-oldun-mu","status":"publish","type":"product","link":"https:\/\/roveyayinevi.com.tr\/index.php\/urun\/buyukbabacigim-sen-de-cocuk-oldun-mu\/","title":{"rendered":"B\u00fcy\u00fckbabac\u0131\u011f\u0131m Sen de \u00c7ocuk Oldun mu?"},"content":{"rendered":"<p>Erika Bartos\u2019un bu kitab\u0131 da di\u011fer eserlerinden al\u0131\u015f\u0131k oldu\u011fumuz grafik anlat\u0131mlar ve \u00e7ocuk ruhuna dokunabilen sonsuz bir \u00f6zen ve sevgiyle haz\u0131rlanm\u0131\u015ft\u0131r. Kitab\u0131n amac\u0131, k\u00fc\u00e7\u00fck insanlara hayat\u0131n ak\u0131\u015f\u0131n\u0131 ve d\u00f6nemlerini anlatmak i\u00e7in bir kap\u0131 aralamakt\u0131r.   \u201cBebeklikten ba\u015flayarak anaokullu, okullu, ergen, yeti\u015fkin, anne, baba, dede, nine ve b\u00fcy\u00fckbaba nas\u0131l olunur? \u00c7ocukluk \u00e7a\u011f\u0131n\u0131, yeti\u015fkinlik ve ya\u015fl\u0131l\u0131k d\u00f6nemi nas\u0131l takip eder? \u00c7ocuklu\u011fun en iyi taraf\u0131 nedir? Babal\u0131k nas\u0131l bir his? Biz ya\u015f ald\u0131k\u00e7a etraf\u0131m\u0131zdaki d\u00fcnya nas\u0131l de\u011fi\u015fir?\u201d <\/p>\n","protected":false},"excerpt":{"rendered":"<p>Erika Bartos\u2019un bu kitab\u0131 da di\u011fer eserlerinden al\u0131\u015f\u0131k oldu\u011fumuz grafik anlat\u0131mlar ve \u00e7ocuk ruhuna dokunabilen sonsuz bir \u00f6zen ve sevgiyle haz\u0131rlanm\u0131\u015ft\u0131r. Kitab\u0131n amac\u0131, k\u00fc\u00e7\u00fck insanlara hayat\u0131n<span class=\"excerpt-hellip\"> [\u2026]<\/span><\/p>\n","protected":false},"featured_media":0,"template":"","meta":{"_monsterinsights_skip_tracking":false,"_monsterinsights_sitenote_active":false,"_monsterinsights_sitenote_note":"","_monsterinsights_sitenote_category":0},"product_brand":[],"product_cat":[12274,12284],"product_tag":[],"class_list":{"0":"post-752605","1":"product","2":"type-product","3":"status-publish","5":"product_cat-cocuk-ve-genclik-kitaplari","6":"product_cat-hikayeler","7":"pa_cilt-ciltsiz","8":"pa_tur-kitap","9":"pa_yayinevi-yapi-kredi-yayinlari","10":"pa_yazar-erika-bartos","12":"first","13":"instock","14":"sale","15":"shipping-taxable","16":"purchasable","17":"product-type-simple"},"_links":{"self":[{"href":"https:\/\/roveyayinevi.com.tr\/index.php\/wp-json\/wp\/v2\/product\/752605","targetHints":{"allow":["GET"]}}],"collection":[{"href":"https:\/\/roveyayinevi.com.tr\/index.php\/wp-json\/wp\/v2\/product"}],"about":[{"href":"https:\/\/roveyayinevi.com.tr\/index.php\/wp-json\/wp\/v2\/types\/product"}],"wp:attachment":[{"href":"https:\/\/roveyayinevi.com.tr\/index.php\/wp-json\/wp\/v2\/media?parent=752605"}],"wp:term":[{"taxonomy":"product_brand","embeddable":true,"href":"https:\/\/roveyayinevi.com.tr\/index.php\/wp-json\/wp\/v2\/product_brand?post=752605"},{"taxonomy":"product_cat","embeddable":true,"href":"https:\/\/roveyayinevi.com.tr\/index.php\/wp-json\/wp\/v2\/product_cat?post=752605"},{"taxonomy":"product_tag","embeddable":true,"href":"https:\/\/roveyayinevi.com.tr\/index.php\/wp-json\/wp\/v2\/product_tag?post=752605"}],"curies":[{"name":"wp","href":"https:\/\/api.w.org\/{rel}","templated":true}]}}