{"id":752602,"date":"2025-08-28T05:20:12","date_gmt":"2025-08-28T02:20:12","guid":{"rendered":"https:\/\/roveyayinevi.com.tr\/index.php\/urun\/romantikler-neden-onemlidir\/"},"modified":"2026-04-16T03:05:58","modified_gmt":"2026-04-16T00:05:58","slug":"romantikler-neden-onemlidir","status":"publish","type":"product","link":"https:\/\/roveyayinevi.com.tr\/index.php\/urun\/romantikler-neden-onemlidir\/","title":{"rendered":"Romantikler Neden \u00d6nemlidir?"},"content":{"rendered":"<p>\u00dcnl\u00fc tarih\u00e7i Peter Gay 18. y\u00fczy\u0131ldan 20. y\u00fczy\u0131l\u0131n ba\u015f\u0131na kadar resimde, edebiyatta ve m\u00fczikte, Schlegel, Novalis, Wilde, Beethoven gibi isimlerin yan\u0131 s\u0131ra n\u00fcfuzlu galeri m\u00fcd\u00fcrlerinin, sanat t\u00fcccarlar\u0131n\u0131n izlerini s\u00fcrerek romantik ak\u0131m\u0131 incelemeye giri\u015fiyor. Romantizmi tan\u0131mlaman\u0131n en sa\u011fl\u0131kl\u0131 yolunun onu tek bir romantizm de\u011fil farkl\u0131 \u201cromantizmler\u201d olarak kavramla\u015ft\u0131rmaktan ge\u00e7ti\u011fini savunan Gay bu k\u0131sa ama kapsaml\u0131 kitab\u0131nda romantizmin do\u011fas\u0131na ve k\u00f6klerine dair yeni ve \u00f6zg\u00fcn d\u00fc\u015f\u00fcnceler ortaya koyuyor. <\/p>\n","protected":false},"excerpt":{"rendered":"<p>\u00dcnl\u00fc tarih\u00e7i Peter Gay 18. y\u00fczy\u0131ldan 20. y\u00fczy\u0131l\u0131n ba\u015f\u0131na kadar resimde, edebiyatta ve m\u00fczikte, Schlegel, Novalis, Wilde, Beethoven gibi isimlerin yan\u0131 s\u0131ra n\u00fcfuzlu galeri m\u00fcd\u00fcrlerinin, sanat<span class=\"excerpt-hellip\"> [\u2026]<\/span><\/p>\n","protected":false},"featured_media":0,"template":"","meta":{"_monsterinsights_skip_tracking":false,"_monsterinsights_sitenote_active":false,"_monsterinsights_sitenote_note":"","_monsterinsights_sitenote_category":0},"product_brand":[],"product_cat":[13072,12291],"product_tag":[],"class_list":{"0":"post-752602","1":"product","2":"type-product","3":"status-publish","5":"product_cat-arastirma-inceleme-referans","6":"product_cat-edebiyat","7":"pa_cilt-ciltsiz","8":"pa_tur-kitap","9":"pa_yayinevi-yapi-kredi-yayinlari","10":"pa_yazar-peter-gay","12":"first","13":"instock","14":"sale","15":"shipping-taxable","16":"purchasable","17":"product-type-simple"},"_links":{"self":[{"href":"https:\/\/roveyayinevi.com.tr\/index.php\/wp-json\/wp\/v2\/product\/752602","targetHints":{"allow":["GET"]}}],"collection":[{"href":"https:\/\/roveyayinevi.com.tr\/index.php\/wp-json\/wp\/v2\/product"}],"about":[{"href":"https:\/\/roveyayinevi.com.tr\/index.php\/wp-json\/wp\/v2\/types\/product"}],"wp:attachment":[{"href":"https:\/\/roveyayinevi.com.tr\/index.php\/wp-json\/wp\/v2\/media?parent=752602"}],"wp:term":[{"taxonomy":"product_brand","embeddable":true,"href":"https:\/\/roveyayinevi.com.tr\/index.php\/wp-json\/wp\/v2\/product_brand?post=752602"},{"taxonomy":"product_cat","embeddable":true,"href":"https:\/\/roveyayinevi.com.tr\/index.php\/wp-json\/wp\/v2\/product_cat?post=752602"},{"taxonomy":"product_tag","embeddable":true,"href":"https:\/\/roveyayinevi.com.tr\/index.php\/wp-json\/wp\/v2\/product_tag?post=752602"}],"curies":[{"name":"wp","href":"https:\/\/api.w.org\/{rel}","templated":true}]}}