{"id":752600,"date":"2025-08-28T05:20:10","date_gmt":"2025-08-28T02:20:10","guid":{"rendered":"https:\/\/roveyayinevi.com.tr\/index.php\/urun\/dunyanin-sonundaki-mantar-kapitalizmin-enkazlarinda-yasam-imkani-uzerine\/"},"modified":"2025-11-21T09:25:37","modified_gmt":"2025-11-21T06:25:37","slug":"dunyanin-sonundaki-mantar-kapitalizmin-enkazlarinda-yasam-imkani-uzerine","status":"publish","type":"product","link":"https:\/\/roveyayinevi.com.tr\/index.php\/urun\/dunyanin-sonundaki-mantar-kapitalizmin-enkazlarinda-yasam-imkani-uzerine\/","title":{"rendered":"D\u00fcnyan\u0131n Sonundaki Mantar \u2013 Kapitalizmin Enkazlar\u0131nda Ya\u015fam \u0130mkan\u0131 \u00dczerine"},"content":{"rendered":"<p>\u2018D\u00fcnyan\u0131n Sonundaki Mantar\u2019da \u00e7a\u011f\u0131m\u0131z\u0131n en tuhaf meta zincirlerinden biri olan matsutake mantar\u0131 \u00fczerinden kapitalizmin b\u0131rakt\u0131\u011f\u0131 enkaza kar\u015f\u0131 do\u011fan\u0131n direnme bi\u00e7imlerini, orman\u0131n ve a\u011fa\u00e7lar\u0131n hik\u00e2yelerini anlat\u0131yor Anna Lowenhaupt Tsing.   Biyoloji, ekoloji ve genetik biliminden de beslenen Tsing, \u201ckapitalist y\u0131k\u0131m\u201d ile \u201ci\u015fbirli\u011fine dayal\u0131 hayatta kalma\u201d ili\u015fkisi \u00fczerine \u00f6zg\u00fcn bir incelemeye imza at\u0131yor.   \u201cD\u00fcnyan\u0131n Sonundaki Mantar\u201d 21. y\u00fczy\u0131l\u0131n antropoloji klasiklerinden.   Tsing g\u00f6z\u00fc pek bir hik\u00e2ye \u00f6r\u00fcyor&#8230; Kesi\u015fen k\u00fclt\u00fcrlere ve do\u011fan\u0131n diren\u00e7lili\u011fine dair s\u00fcr\u00fckleyici anlat\u0131s\u0131 modernite ve ilerleme hakk\u0131nda yeni bir perspektif sunuyor. Publishers Weekly   \u201cUygarl\u0131\u011f\u0131n temel ilkelerinin \u00f6tesine ge\u00e7en ger\u00e7ek hik\u00e2yeler anlatman\u0131n yeni yollar\u0131n\u0131 bulma vakti geldi. \u0130nsan\/Do\u011fa ayr\u0131m\u0131ndan kurtuldu\u011fumuzda, t\u00fcm varl\u0131klar yeniden hayat bulabilir, kad\u0131nlar ve erkekler dar g\u00f6r\u00fc\u015fl\u00fc bir ak\u0131lc\u0131l\u0131\u011f\u0131n s\u0131n\u0131rlar\u0131na hapsolmaks\u0131z\u0131n kendilerini ifade edebilir. Art\u0131k gecenin karanl\u0131\u011f\u0131nda bir f\u0131s\u0131lt\u0131dan ibaret olmayan bu hik\u00e2yeler, ayn\u0131 anda hem ger\u00e7ek hem masals\u0131 bir nitelik ta\u015f\u0131yabilir. Yaratt\u0131\u011f\u0131m\u0131z bu felakette h\u00e2l\u00e2 bir \u015feylerin canl\u0131 kalm\u0131\u015f olmas\u0131n\u0131 ba\u015fka t\u00fcrl\u00fc nas\u0131l a\u00e7\u0131klayabiliriz ki?\u201d <\/p>\n","protected":false},"excerpt":{"rendered":"<p>\u2018D\u00fcnyan\u0131n Sonundaki Mantar\u2019da \u00e7a\u011f\u0131m\u0131z\u0131n en tuhaf meta zincirlerinden biri olan matsutake mantar\u0131 \u00fczerinden kapitalizmin b\u0131rakt\u0131\u011f\u0131 enkaza kar\u015f\u0131 do\u011fan\u0131n direnme bi\u00e7imlerini, orman\u0131n ve a\u011fa\u00e7lar\u0131n hik\u00e2yelerini anlat\u0131yor Anna<span class=\"excerpt-hellip\"> [\u2026]<\/span><\/p>\n","protected":false},"featured_media":0,"template":"","meta":{"_monsterinsights_skip_tracking":false,"_monsterinsights_sitenote_active":false,"_monsterinsights_sitenote_note":"","_monsterinsights_sitenote_category":0},"product_brand":[],"product_cat":[15499,13488],"product_tag":[],"class_list":{"0":"post-752600","1":"product","2":"type-product","3":"status-publish","5":"product_cat-antropoloji","6":"product_cat-toplum-ve-insan","7":"pa_cilt-ciltsiz","8":"pa_tur-kitap","9":"pa_yayinevi-yapi-kredi-yayinlari","10":"pa_yazar-anna-lowenhaupt-tsing","12":"first","13":"instock","14":"sale","15":"shipping-taxable","16":"purchasable","17":"product-type-simple"},"_links":{"self":[{"href":"https:\/\/roveyayinevi.com.tr\/index.php\/wp-json\/wp\/v2\/product\/752600","targetHints":{"allow":["GET"]}}],"collection":[{"href":"https:\/\/roveyayinevi.com.tr\/index.php\/wp-json\/wp\/v2\/product"}],"about":[{"href":"https:\/\/roveyayinevi.com.tr\/index.php\/wp-json\/wp\/v2\/types\/product"}],"wp:attachment":[{"href":"https:\/\/roveyayinevi.com.tr\/index.php\/wp-json\/wp\/v2\/media?parent=752600"}],"wp:term":[{"taxonomy":"product_brand","embeddable":true,"href":"https:\/\/roveyayinevi.com.tr\/index.php\/wp-json\/wp\/v2\/product_brand?post=752600"},{"taxonomy":"product_cat","embeddable":true,"href":"https:\/\/roveyayinevi.com.tr\/index.php\/wp-json\/wp\/v2\/product_cat?post=752600"},{"taxonomy":"product_tag","embeddable":true,"href":"https:\/\/roveyayinevi.com.tr\/index.php\/wp-json\/wp\/v2\/product_tag?post=752600"}],"curies":[{"name":"wp","href":"https:\/\/api.w.org\/{rel}","templated":true}]}}