{"id":752594,"date":"2025-08-28T05:20:01","date_gmt":"2025-08-28T02:20:01","guid":{"rendered":"https:\/\/roveyayinevi.com.tr\/index.php\/urun\/fotograf-cekmeyi-seven-naz\/"},"modified":"2026-04-16T03:05:58","modified_gmt":"2026-04-16T00:05:58","slug":"fotograf-cekmeyi-seven-naz","status":"publish","type":"product","link":"https:\/\/roveyayinevi.com.tr\/index.php\/urun\/fotograf-cekmeyi-seven-naz\/","title":{"rendered":"Foto\u011fraf \u00c7ekmeyi Seven Naz"},"content":{"rendered":"<p>Naz, foto\u011fraf \u00e7ekmeyi \u00e7ok seviyordu. Foto\u011fraf makinas\u0131, hep boynundayd\u0131, Onun kolyesi gibiydi. Bir g\u00fcn\u2026 Sadece foto\u011fraf \u00e7ekmeye odakland\u0131\u011f\u0131 anlarda, di\u011ferlerinin daha \u00e7ok e\u011flendi\u011fini fark etti. Ve bu anlar\u0131 doyas\u0131ya ya\u015fayamad\u0131\u011f\u0131n\u0131\u2026 Harika bir an\u0131n i\u00e7inde kalmak, foto\u011fraf\u0131n\u0131 \u00e7ekmekten daha m\u0131 zevkliydi? NAZ, bir \u015feyleri mi ka\u00e7\u0131r\u0131yordu? Peki, \u00e7ekti\u011fi onca foto\u011fraf\u0131 ne yapmal\u0131yd\u0131? *** Ayg\u00fcl Y\u0131ld\u0131r\u0131m, g\u00fcn\u00fcm\u00fczde son derece yayg\u0131n olan, anlar\u0131n i\u00e7inde kal\u0131p keyfini \u00e7\u0131kartmak yerine, foto\u011fraf \u00e7ekme halini ve bunun sonu\u00e7lar\u0131n\u0131, \u00e7ocuk kalbinden y\u00fckselen bir ses ile anlat\u0131yor. Anlar\u0131n de\u011ferini bilmek ve tad\u0131n\u0131 \u00e7\u0131kartmak \u00fczerine fark\u0131ndal\u0131k yaratacak bir hik\u00e2ye!<\/p>\n","protected":false},"excerpt":{"rendered":"<p>Naz, foto\u011fraf \u00e7ekmeyi \u00e7ok seviyordu. Foto\u011fraf makinas\u0131, hep boynundayd\u0131, Onun kolyesi gibiydi. Bir g\u00fcn\u2026 Sadece foto\u011fraf \u00e7ekmeye odakland\u0131\u011f\u0131 anlarda, di\u011ferlerinin daha \u00e7ok e\u011flendi\u011fini fark etti. Ve<span class=\"excerpt-hellip\"> [\u2026]<\/span><\/p>\n","protected":false},"featured_media":0,"template":"","meta":{"_monsterinsights_skip_tracking":false,"_monsterinsights_sitenote_active":false,"_monsterinsights_sitenote_note":"","_monsterinsights_sitenote_category":0},"product_brand":[],"product_cat":[12274,12284],"product_tag":[],"class_list":{"0":"post-752594","1":"product","2":"type-product","3":"status-publish","5":"product_cat-cocuk-ve-genclik-kitaplari","6":"product_cat-hikayeler","7":"pa_cilt-ciltsiz","8":"pa_tur-kitap","9":"pa_yayinevi-luna-cocuk-yayinlari","10":"pa_yazar-aygul-yildirim","12":"first","13":"instock","14":"sale","15":"shipping-taxable","16":"purchasable","17":"product-type-simple"},"_links":{"self":[{"href":"https:\/\/roveyayinevi.com.tr\/index.php\/wp-json\/wp\/v2\/product\/752594","targetHints":{"allow":["GET"]}}],"collection":[{"href":"https:\/\/roveyayinevi.com.tr\/index.php\/wp-json\/wp\/v2\/product"}],"about":[{"href":"https:\/\/roveyayinevi.com.tr\/index.php\/wp-json\/wp\/v2\/types\/product"}],"wp:attachment":[{"href":"https:\/\/roveyayinevi.com.tr\/index.php\/wp-json\/wp\/v2\/media?parent=752594"}],"wp:term":[{"taxonomy":"product_brand","embeddable":true,"href":"https:\/\/roveyayinevi.com.tr\/index.php\/wp-json\/wp\/v2\/product_brand?post=752594"},{"taxonomy":"product_cat","embeddable":true,"href":"https:\/\/roveyayinevi.com.tr\/index.php\/wp-json\/wp\/v2\/product_cat?post=752594"},{"taxonomy":"product_tag","embeddable":true,"href":"https:\/\/roveyayinevi.com.tr\/index.php\/wp-json\/wp\/v2\/product_tag?post=752594"}],"curies":[{"name":"wp","href":"https:\/\/api.w.org\/{rel}","templated":true}]}}