{"id":752589,"date":"2025-08-28T05:19:53","date_gmt":"2025-08-28T02:19:53","guid":{"rendered":"https:\/\/roveyayinevi.com.tr\/index.php\/urun\/rizasi-yok\/"},"modified":"2026-04-16T03:05:58","modified_gmt":"2026-04-16T00:05:58","slug":"rizasi-yok","status":"publish","type":"product","link":"https:\/\/roveyayinevi.com.tr\/index.php\/urun\/rizasi-yok\/","title":{"rendered":"R\u0131zas\u0131 Yok"},"content":{"rendered":"<p>\u201cKO\u015eUYOR ALTI YA\u015eINDA B\u0130R O\u011eLAN,U\u00c7URTMASI GE\u00c7\u0130YOR A\u011eA\u00c7LARDAN&#8230;\u201d  N\u00c2ZIM H\u0130KMET Bu kitap, cinsel istismar ma\u011fduru, g\u00f6rmezden, duymazdan gelinen, \u201cBir kereden bir \u015fey olmaz!\u201d \u201cK\u00fc\u00e7\u00fc\u011f\u00fcn r\u0131zas\u0131 varm\u0131\u015f!\u201d gibi savunmalarla vakalar\u0131 ge\u00e7i\u015ftirilen, toplu tecav\u00fcze u\u011frayan, cemaat evlerinde kafas\u0131 kesilen ve yurtlarda diri diri yanan, alt\u0131 ya\u015f\u0131nda evlendirilen \u00e7ocuklar i\u00e7in yaz\u0131ld\u0131. Bu \u00e7ocuklar, ma\u011fdur edildikten sonra, buharla\u015f\u0131p yok olmuyorlar. B\u00fcy\u00fcyor ve topluma kar\u0131\u015f\u0131yorlar. Ma\u011fdurun hik\u00e2yesi o g\u00fcn, o saatte, o korkun\u00e7 hadiseden sonra son bulmuyor, aksine tam olarak orada ba\u015fl\u0131yor. Devasa travmalar\u0131n \u00fczerlerinde b\u0131rakt\u0131\u011f\u0131 etkileri anlayamadan, kimseye anlatamadan, hayata kar\u0131\u015f\u0131yor, \u00e7ocuk olmay\u0131 hi\u00e7 deneyimlemeden, kendilerini g\u00fcvende hissetmeden yan\u0131 ba\u015f\u0131m\u0131zda ya\u015famaya \u00e7al\u0131\u015f\u0131yorlar. O \u00e7ocuklar b\u00fcy\u00fcd\u00fc ayakta kald\u0131 ve hayat\u0131n i\u00e7ine kar\u0131\u015ft\u0131lar, kimileri imam oldu, onlar\u0131n ard\u0131nda saf tutup namaz k\u0131ld\u0131k. Kimi doktor oldu bizi muayene etti, bir k\u0131sm\u0131 \u00f6\u011fretmen oldu, bizim onlara reva g\u00f6rmedi\u011fimiz \u00e7ocuklu\u011fu kendi s\u0131n\u0131flar\u0131nda \u00e7ocuklar\u0131m\u0131za hediye ettiler. \u00c7o\u011fuyla bir yerde yolumuz kesi\u015fti ve g\u00f6z g\u00f6ze geldik, bir \u015fekilde muhatap olduk ruhumuz bile duymad\u0131. Kimileri a\u015f\u00e7\u0131, polis, kimileri tezg\u00e2htar, i\u015f\u00e7i, mavi yakal\u0131\u2026 Ama en \u00f6nemlisi onlar da ebeveyn oluyor. Yeni nesiller yeti\u015ftirecekler, y\u00fcreklerindeki yara iyile\u015fti mi dersiniz? G\u00fcc\u00fc ya\u015fad\u0131klar\u0131n\u0131 eritmeye yetmemi\u015f, tecav\u00fcz\u00fcn alt\u0131nda ezilmi\u015f, \u00f6fkesini y\u00f6netememi\u015f, k\u0131saca rehabilite olma imk\u00e2n\u0131n\u0131 bulamam\u0131\u015f y\u00fczlercesi ne oldu? <\/p>\n","protected":false},"excerpt":{"rendered":"<p>\u201cKO\u015eUYOR ALTI YA\u015eINDA B\u0130R O\u011eLAN,U\u00c7URTMASI GE\u00c7\u0130YOR A\u011eA\u00c7LARDAN&#8230;\u201d N\u00c2ZIM H\u0130KMET Bu kitap, cinsel istismar ma\u011fduru, g\u00f6rmezden, duymazdan gelinen, \u201cBir kereden bir \u015fey olmaz!\u201d \u201cK\u00fc\u00e7\u00fc\u011f\u00fcn r\u0131zas\u0131 varm\u0131\u015f!\u201d gibi<span class=\"excerpt-hellip\"> [\u2026]<\/span><\/p>\n","protected":false},"featured_media":0,"template":"","meta":{"_monsterinsights_skip_tracking":false,"_monsterinsights_sitenote_active":false,"_monsterinsights_sitenote_note":"","_monsterinsights_sitenote_category":0},"product_brand":[],"product_cat":[52477],"product_tag":[],"class_list":{"0":"post-752589","1":"product","2":"type-product","3":"status-publish","5":"product_cat-arastirma","6":"pa_cilt-ciltsiz","7":"pa_tur-kitap","8":"pa_yayinevi-destek-yayinlari","9":"pa_yazar-iklim-bayraktar","11":"first","12":"instock","13":"sale","14":"shipping-taxable","15":"purchasable","16":"product-type-simple"},"_links":{"self":[{"href":"https:\/\/roveyayinevi.com.tr\/index.php\/wp-json\/wp\/v2\/product\/752589","targetHints":{"allow":["GET"]}}],"collection":[{"href":"https:\/\/roveyayinevi.com.tr\/index.php\/wp-json\/wp\/v2\/product"}],"about":[{"href":"https:\/\/roveyayinevi.com.tr\/index.php\/wp-json\/wp\/v2\/types\/product"}],"wp:attachment":[{"href":"https:\/\/roveyayinevi.com.tr\/index.php\/wp-json\/wp\/v2\/media?parent=752589"}],"wp:term":[{"taxonomy":"product_brand","embeddable":true,"href":"https:\/\/roveyayinevi.com.tr\/index.php\/wp-json\/wp\/v2\/product_brand?post=752589"},{"taxonomy":"product_cat","embeddable":true,"href":"https:\/\/roveyayinevi.com.tr\/index.php\/wp-json\/wp\/v2\/product_cat?post=752589"},{"taxonomy":"product_tag","embeddable":true,"href":"https:\/\/roveyayinevi.com.tr\/index.php\/wp-json\/wp\/v2\/product_tag?post=752589"}],"curies":[{"name":"wp","href":"https:\/\/api.w.org\/{rel}","templated":true}]}}