{"id":752586,"date":"2025-08-28T05:19:48","date_gmt":"2025-08-28T02:19:48","guid":{"rendered":"https:\/\/roveyayinevi.com.tr\/index.php\/urun\/kullerin-kehaneti-yildizlarin-laneti-3-kitap-ciltli\/"},"modified":"2026-04-16T03:05:58","modified_gmt":"2026-04-16T00:05:58","slug":"kullerin-kehaneti-yildizlarin-laneti-3-kitap-ciltli","status":"publish","type":"product","link":"https:\/\/roveyayinevi.com.tr\/index.php\/urun\/kullerin-kehaneti-yildizlarin-laneti-3-kitap-ciltli\/","title":{"rendered":"K\u00fcllerin Kehaneti: Y\u0131ld\u0131zlar\u0131n Laneti 3. Kitap (Ciltli)"},"content":{"rendered":"<p>\u201cBir dost \u00f6l\u00fcr, y\u00fckselir mavi alevler g\u00fc\u00e7 g\u00f6m\u00fcl\u00fcr, k\u00fcl olur her yer.\u201d   Ailesi hakk\u0131nda saklanan s\u0131rlar\u0131 \u00f6\u011frenen Victoria Sirius, ger\u00e7ek kimli\u011finin pe\u015fine d\u00fc\u015femeden bir sava\u015fa s\u00fcr\u00fcklenir. Hamal Birli\u011fi\u2019ndeki arkada\u015flar\u0131yla beraber Richard Sirius\u2019un \u00fclkenin d\u00f6rt bir yan\u0131nda ger\u00e7ekle\u015ftirdi\u011fi idamlara bask\u0131n yap\u0131p kendileri gibi olan \u00e7ocuklar\u0131 kurtarmaya \u00e7al\u0131\u015f\u0131rlar.   Kehanette s\u00f6ylenenler birer birer ger\u00e7ek olurken Victoria\u2019n\u0131n en yak\u0131nlar\u0131ndan g\u00f6rd\u00fc\u011f\u00fc ihanet sava\u015f\u0131n seyrini de\u011fi\u015ftirir. Young ta\u015f\u0131n\u0131n par\u00e7alar\u0131n\u0131 birle\u015ftirerek laneti ortadan kald\u0131rmay\u0131 planlarken a\u015fk, ihanet, intikam ve \u00f6l\u00fcm d\u00f6rt bir yan\u0131n\u0131 sarar. Kazanmak istedi\u011fi sava\u015f sevdiklerini kaybetmesine sebep olur.   \u201cY\u0131ld\u0131zlar \u015fahidim olsun. Sana s\u00f6z veriyorum,\u201d diye f\u0131s\u0131ldad\u0131m. \u201cSeni kaybettim ama y\u00fczlerce \u00e7ocu\u011fu kazanaca\u011f\u0131m.\u201d     \u201cBir g\u00fcn benim istedi\u011fim \u015fekilde yan\u0131mda olman i\u00e7in her g\u00fcn y\u0131ld\u0131zlara bakarak dua ediyorum. Sana s\u00f6z veriyorum, sevgilim, bu duam\u0131 \u00f6l\u00fcnceye kadar her g\u00fcn tekrarlayaca\u011f\u0131m.\u201d <\/p>\n","protected":false},"excerpt":{"rendered":"<p>\u201cBir dost \u00f6l\u00fcr, y\u00fckselir mavi alevler g\u00fc\u00e7 g\u00f6m\u00fcl\u00fcr, k\u00fcl olur her yer.\u201d Ailesi hakk\u0131nda saklanan s\u0131rlar\u0131 \u00f6\u011frenen Victoria Sirius, ger\u00e7ek kimli\u011finin pe\u015fine d\u00fc\u015femeden bir sava\u015fa s\u00fcr\u00fcklenir.<span class=\"excerpt-hellip\"> [\u2026]<\/span><\/p>\n","protected":false},"featured_media":0,"template":"","meta":{"_monsterinsights_skip_tracking":false,"_monsterinsights_sitenote_active":false,"_monsterinsights_sitenote_note":"","_monsterinsights_sitenote_category":0},"product_brand":[],"product_cat":[12291,14777],"product_tag":[],"class_list":{"0":"post-752586","1":"product","2":"type-product","3":"status-publish","5":"product_cat-edebiyat","6":"product_cat-fantastik","7":"pa_cilt-ciltli","8":"pa_tur-kitap","9":"pa_yayinevi-indigo-kitap","10":"pa_yazar-sena-nur-isik","12":"first","13":"instock","14":"sale","15":"shipping-taxable","16":"purchasable","17":"product-type-simple"},"_links":{"self":[{"href":"https:\/\/roveyayinevi.com.tr\/index.php\/wp-json\/wp\/v2\/product\/752586","targetHints":{"allow":["GET"]}}],"collection":[{"href":"https:\/\/roveyayinevi.com.tr\/index.php\/wp-json\/wp\/v2\/product"}],"about":[{"href":"https:\/\/roveyayinevi.com.tr\/index.php\/wp-json\/wp\/v2\/types\/product"}],"wp:attachment":[{"href":"https:\/\/roveyayinevi.com.tr\/index.php\/wp-json\/wp\/v2\/media?parent=752586"}],"wp:term":[{"taxonomy":"product_brand","embeddable":true,"href":"https:\/\/roveyayinevi.com.tr\/index.php\/wp-json\/wp\/v2\/product_brand?post=752586"},{"taxonomy":"product_cat","embeddable":true,"href":"https:\/\/roveyayinevi.com.tr\/index.php\/wp-json\/wp\/v2\/product_cat?post=752586"},{"taxonomy":"product_tag","embeddable":true,"href":"https:\/\/roveyayinevi.com.tr\/index.php\/wp-json\/wp\/v2\/product_tag?post=752586"}],"curies":[{"name":"wp","href":"https:\/\/api.w.org\/{rel}","templated":true}]}}