{"id":752585,"date":"2025-08-28T05:19:47","date_gmt":"2025-08-28T02:19:47","guid":{"rendered":"https:\/\/roveyayinevi.com.tr\/index.php\/urun\/lulu-mercan-hayati-ogreniyor-1\/"},"modified":"2026-04-16T03:05:58","modified_gmt":"2026-04-16T00:05:58","slug":"lulu-mercan-hayati-ogreniyor-1","status":"publish","type":"product","link":"https:\/\/roveyayinevi.com.tr\/index.php\/urun\/lulu-mercan-hayati-ogreniyor-1\/","title":{"rendered":"Lulu Mercan Hayat\u0131 \u00d6\u011freniyor-1"},"content":{"rendered":"<p>\u201cBen Bir Ba\u015fkas\u0131y\u0131m.\u201d \u201cBen bir ba\u015fkas\u0131 olsayd\u0131m\u201d dedi Lulu Mercan&#8230; Bir ba\u015fkas\u0131 olmay\u0131 \u00e7ok istiyordu! Lulu Mercan olmak k\u00f6t\u00fc de\u011fildi. Ama ba\u015fkas\u0131 olmak, e\u011flenceli olabilirdi. Ya da daha iyi&#8230; Ya da daha heyecanl\u0131&#8230; Aman i\u015fte neyse&#8230; Lulu Mercan ba\u015fkas\u0131 olmak istiyordu! Herkes zaman zaman ba\u015fkas\u0131 olmak istemez miydi?.. <\/p>\n","protected":false},"excerpt":{"rendered":"<p>\u201cBen Bir Ba\u015fkas\u0131y\u0131m.\u201d \u201cBen bir ba\u015fkas\u0131 olsayd\u0131m\u201d dedi Lulu Mercan&#8230; Bir ba\u015fkas\u0131 olmay\u0131 \u00e7ok istiyordu! Lulu Mercan olmak k\u00f6t\u00fc de\u011fildi. Ama ba\u015fkas\u0131 olmak, e\u011flenceli olabilirdi. Ya<span class=\"excerpt-hellip\"> [\u2026]<\/span><\/p>\n","protected":false},"featured_media":0,"template":"","meta":{"_monsterinsights_skip_tracking":false,"_monsterinsights_sitenote_active":false,"_monsterinsights_sitenote_note":"","_monsterinsights_sitenote_category":0},"product_brand":[],"product_cat":[12274,12518],"product_tag":[],"class_list":{"0":"post-752585","1":"product","2":"type-product","3":"status-publish","5":"product_cat-cocuk-ve-genclik-kitaplari","6":"product_cat-okul-oncesi-kitaplar","7":"pa_cilt-ciltsiz","8":"pa_tur-kitap","9":"pa_yayinevi-ugurbocegi-yayinlari","10":"pa_yazar-ozkan-oze","12":"first","13":"instock","14":"sale","15":"shipping-taxable","16":"purchasable","17":"product-type-simple"},"_links":{"self":[{"href":"https:\/\/roveyayinevi.com.tr\/index.php\/wp-json\/wp\/v2\/product\/752585","targetHints":{"allow":["GET"]}}],"collection":[{"href":"https:\/\/roveyayinevi.com.tr\/index.php\/wp-json\/wp\/v2\/product"}],"about":[{"href":"https:\/\/roveyayinevi.com.tr\/index.php\/wp-json\/wp\/v2\/types\/product"}],"wp:attachment":[{"href":"https:\/\/roveyayinevi.com.tr\/index.php\/wp-json\/wp\/v2\/media?parent=752585"}],"wp:term":[{"taxonomy":"product_brand","embeddable":true,"href":"https:\/\/roveyayinevi.com.tr\/index.php\/wp-json\/wp\/v2\/product_brand?post=752585"},{"taxonomy":"product_cat","embeddable":true,"href":"https:\/\/roveyayinevi.com.tr\/index.php\/wp-json\/wp\/v2\/product_cat?post=752585"},{"taxonomy":"product_tag","embeddable":true,"href":"https:\/\/roveyayinevi.com.tr\/index.php\/wp-json\/wp\/v2\/product_tag?post=752585"}],"curies":[{"name":"wp","href":"https:\/\/api.w.org\/{rel}","templated":true}]}}