{"id":752584,"date":"2025-08-28T05:19:45","date_gmt":"2025-08-28T02:19:45","guid":{"rendered":"https:\/\/roveyayinevi.com.tr\/index.php\/urun\/lulu-mercan-hayati-ogreniyor-seti-5-kitap\/"},"modified":"2026-04-16T03:05:58","modified_gmt":"2026-04-16T00:05:58","slug":"lulu-mercan-hayati-ogreniyor-seti-5-kitap","status":"publish","type":"product","link":"https:\/\/roveyayinevi.com.tr\/index.php\/urun\/lulu-mercan-hayati-ogreniyor-seti-5-kitap\/","title":{"rendered":"Lulu Mercan Hayat\u0131 \u00d6\u011freniyor SET\u0130 (5 Kitap)"},"content":{"rendered":"<p>LULU MERCAN \u201chayat\u0131 \u00f6\u011freniyor\u201d, ba\u015flang\u0131\u00e7 olarak 5 kitapl\u0131k bir dizi. Okul \u00f6ncesi d\u00f6nem hedeflenerek haz\u0131rlanan dizinin amac\u0131, m\u00fcmk\u00fcn olan en erken ya\u015fta, hayata dair, \u00f6nemi ya\u015f ilerledik\u00e7e katlanarak artacak birtak\u0131m konular hakk\u0131nda, \u00e7ocuklara fark\u0131ndal\u0131k ve bak\u0131\u015f a\u00e7\u0131s\u0131 kazand\u0131rmak. Bu ama\u00e7la dizinin ilk be\u015f kitab\u0131nda i\u015flenen konu ba\u015fl\u0131klar\u0131 \u015funlar: 1- Ben Bir Ba\u015fkas\u0131y\u0131m 2- Yeterli, Fazladan \u0130yidir 3- B\u00fct\u00fcn Renkler G\u00fczeldir 4- Her \u015eeyin Bir Zaman\u0131 Var 5- Bunu Ona Yapamazs\u0131n! <\/p>\n","protected":false},"excerpt":{"rendered":"<p>LULU MERCAN \u201chayat\u0131 \u00f6\u011freniyor\u201d, ba\u015flang\u0131\u00e7 olarak 5 kitapl\u0131k bir dizi. Okul \u00f6ncesi d\u00f6nem hedeflenerek haz\u0131rlanan dizinin amac\u0131, m\u00fcmk\u00fcn olan en erken ya\u015fta, hayata dair, \u00f6nemi ya\u015f<span class=\"excerpt-hellip\"> [\u2026]<\/span><\/p>\n","protected":false},"featured_media":0,"template":"","meta":{"_monsterinsights_skip_tracking":false,"_monsterinsights_sitenote_active":false,"_monsterinsights_sitenote_note":"","_monsterinsights_sitenote_category":0},"product_brand":[],"product_cat":[12274,12518],"product_tag":[],"class_list":{"0":"post-752584","1":"product","2":"type-product","3":"status-publish","5":"product_cat-cocuk-ve-genclik-kitaplari","6":"product_cat-okul-oncesi-kitaplar","7":"pa_cilt-ciltsiz","8":"pa_tur-kitap","9":"pa_yayinevi-ugurbocegi-yayinlari","10":"pa_yazar-ozkan-oze","12":"first","13":"instock","14":"sale","15":"shipping-taxable","16":"purchasable","17":"product-type-simple"},"_links":{"self":[{"href":"https:\/\/roveyayinevi.com.tr\/index.php\/wp-json\/wp\/v2\/product\/752584","targetHints":{"allow":["GET"]}}],"collection":[{"href":"https:\/\/roveyayinevi.com.tr\/index.php\/wp-json\/wp\/v2\/product"}],"about":[{"href":"https:\/\/roveyayinevi.com.tr\/index.php\/wp-json\/wp\/v2\/types\/product"}],"wp:attachment":[{"href":"https:\/\/roveyayinevi.com.tr\/index.php\/wp-json\/wp\/v2\/media?parent=752584"}],"wp:term":[{"taxonomy":"product_brand","embeddable":true,"href":"https:\/\/roveyayinevi.com.tr\/index.php\/wp-json\/wp\/v2\/product_brand?post=752584"},{"taxonomy":"product_cat","embeddable":true,"href":"https:\/\/roveyayinevi.com.tr\/index.php\/wp-json\/wp\/v2\/product_cat?post=752584"},{"taxonomy":"product_tag","embeddable":true,"href":"https:\/\/roveyayinevi.com.tr\/index.php\/wp-json\/wp\/v2\/product_tag?post=752584"}],"curies":[{"name":"wp","href":"https:\/\/api.w.org\/{rel}","templated":true}]}}