{"id":752581,"date":"2025-08-28T05:19:41","date_gmt":"2025-08-28T02:19:41","guid":{"rendered":"https:\/\/roveyayinevi.com.tr\/index.php\/urun\/hayati-yeniden-baslat\/"},"modified":"2026-04-08T03:12:36","modified_gmt":"2026-04-08T00:12:36","slug":"hayati-yeniden-baslat","status":"publish","type":"product","link":"https:\/\/roveyayinevi.com.tr\/index.php\/urun\/hayati-yeniden-baslat\/","title":{"rendered":"Hayat\u0131 Yeniden Ba\u015flat"},"content":{"rendered":"<p>Kendimizi yeniden do\u011furmak, hayatta her birimize bah\u015fedilmi\u015f bir hakt\u0131r.  Her do\u011fum s\u00fcreci, i\u00e7inde benzersiz hik\u00e2yeler bar\u0131nd\u0131r\u0131r. Bu hik\u00e2yelerin dinamikleri bilin\u00e7alt\u0131m\u0131za kaydedilir ve ilerleyen y\u0131llarda ya\u015famla olan ili\u015fkimizi olumlu ya da olumsuz etkileyebilir. Hepimizin bir annesi, bir babas\u0131 ve benzersiz bir do\u011fum hik\u00e2yesi var. Bu hik\u00e2ye, anne rahmine d\u00fc\u015ft\u00fc\u011f\u00fcm\u00fcz anda ba\u015flar, kordon ba\u011f\u0131 ile devam eder ve do\u011fumla tamamlan\u0131r. Ne var ki, genellikle bize do\u011fumumuzdan sonras\u0131 anlat\u0131l\u0131r ve biz de do\u011fum \u00e2n\u0131n\u0131n i\u00e7inde bar\u0131nd\u0131rd\u0131\u011f\u0131 duygular\u0131n izini s\u00fcrmez, do\u011fumdan sonraki hayat\u0131m\u0131z\u0131 ke\u015ffederken, do\u011fum \u00f6ncesinin derin duygular\u0131n\u0131 g\u00f6z ard\u0131 ederiz. Negatif do\u011fum deneyimlerinden kendinizi veya \u00e7ocuklar\u0131n\u0131z\u0131 ar\u0131nd\u0131rmak ister misiniz?     \u2022 Anne rahmine d\u00fc\u015ft\u00fc\u011f\u00fcm anlarda neler hissettim?      \u2022 Annem benim varl\u0131\u011f\u0131m\u0131 \u00f6\u011frendi\u011finde ilk olarak ne hissetti?      \u2022 Babam bu haberi al\u0131nca mutlu oldu mu?      \u2022 Benim do\u011fumum sebebiyle ge\u00e7im s\u0131k\u0131nt\u0131s\u0131 ya\u015fad\u0131lar m\u0131?      \u2022 \u0130li\u015fkileri nas\u0131ld\u0131?      \u2022 Varl\u0131\u011f\u0131m\u0131 herkesten saklad\u0131lar m\u0131, yoksa sevin\u00e7le m\u00fcjdelediler mi?      \u2022 Annem beni kaybetmekten mi korktu, yoksa beni d\u00fc\u015f\u00fcrmeye mi \u00e7al\u0131\u015ft\u0131? Bu kitap, &#8220;Hayat\u0131m neden b\u00f6yle?&#8221; diye sordu\u011funuz konular\u0131n cevaplar\u0131n\u0131 do\u011fum hik\u00e2yenizde de bulabilece\u011finizi hat\u0131rlat\u0131yor.  Hayat\u0131 Yeniden Ba\u015flat ile kendi i\u00e7 d\u00fcnyan\u0131zda yolculu\u011fa \u00e7\u0131kacak ve bu derin yolculuklarla, hayat\u0131n\u0131z\u0131 d\u00f6n\u00fc\u015ft\u00fcrme potansiyelinizi ke\u015ffedeceksiniz. <\/p>\n","protected":false},"excerpt":{"rendered":"<p>Kendimizi yeniden do\u011furmak, hayatta her birimize bah\u015fedilmi\u015f bir hakt\u0131r. Her do\u011fum s\u00fcreci, i\u00e7inde benzersiz hik\u00e2yeler bar\u0131nd\u0131r\u0131r. Bu hik\u00e2yelerin dinamikleri bilin\u00e7alt\u0131m\u0131za kaydedilir ve ilerleyen y\u0131llarda ya\u015famla olan<span class=\"excerpt-hellip\"> [\u2026]<\/span><\/p>\n","protected":false},"featured_media":0,"template":"","meta":{"_monsterinsights_skip_tracking":false,"_monsterinsights_sitenote_active":false,"_monsterinsights_sitenote_note":"","_monsterinsights_sitenote_category":0},"product_brand":[],"product_cat":[12364,12376],"product_tag":[],"class_list":{"0":"post-752581","1":"product","2":"type-product","3":"status-publish","5":"product_cat-genel-konular","6":"product_cat-kisisel-gelisim","7":"pa_cilt-ciltsiz","8":"pa_tur-kitap","9":"pa_yayinevi-muptela-yayinevi","10":"pa_yazar-ebru-demirhan","12":"first","13":"instock","14":"sale","15":"shipping-taxable","16":"purchasable","17":"product-type-simple"},"_links":{"self":[{"href":"https:\/\/roveyayinevi.com.tr\/index.php\/wp-json\/wp\/v2\/product\/752581","targetHints":{"allow":["GET"]}}],"collection":[{"href":"https:\/\/roveyayinevi.com.tr\/index.php\/wp-json\/wp\/v2\/product"}],"about":[{"href":"https:\/\/roveyayinevi.com.tr\/index.php\/wp-json\/wp\/v2\/types\/product"}],"wp:attachment":[{"href":"https:\/\/roveyayinevi.com.tr\/index.php\/wp-json\/wp\/v2\/media?parent=752581"}],"wp:term":[{"taxonomy":"product_brand","embeddable":true,"href":"https:\/\/roveyayinevi.com.tr\/index.php\/wp-json\/wp\/v2\/product_brand?post=752581"},{"taxonomy":"product_cat","embeddable":true,"href":"https:\/\/roveyayinevi.com.tr\/index.php\/wp-json\/wp\/v2\/product_cat?post=752581"},{"taxonomy":"product_tag","embeddable":true,"href":"https:\/\/roveyayinevi.com.tr\/index.php\/wp-json\/wp\/v2\/product_tag?post=752581"}],"curies":[{"name":"wp","href":"https:\/\/api.w.org\/{rel}","templated":true}]}}