{"id":752579,"date":"2025-08-28T05:19:39","date_gmt":"2025-08-28T02:19:39","guid":{"rendered":"https:\/\/roveyayinevi.com.tr\/index.php\/urun\/donusumsel-sandalye-calismasi\/"},"modified":"2026-04-16T03:05:58","modified_gmt":"2026-04-16T00:05:58","slug":"donusumsel-sandalye-calismasi","status":"publish","type":"product","link":"https:\/\/roveyayinevi.com.tr\/index.php\/urun\/donusumsel-sandalye-calismasi\/","title":{"rendered":"D\u00f6n\u00fc\u015f\u00fcmsel Sandalye \u00c7al\u0131\u015fmas\u0131"},"content":{"rendered":"<p>Sandalye \u00c7al\u0131\u015fmas\u0131 y\u00f6ntemini ilk kez 1950&#8217;lerde, grup psikoterapisinin \u00f6nc\u00fcs\u00fc ve psikodramas\u0131n\u0131n yarat\u0131c\u0131s\u0131 Birle\u015fik Amerikal\u0131 psikiyatrist Dr. Jacob Moreno taraf\u0131ndan ortaya koyulmu\u015f, 1960&#8217;larda ise Gestalt Terapisini geli\u015ftiren Alman psikiyatrist-psikoterapist Dr. Fritz Perls ile e\u015fi psikolog- psikoterapist Dr. Laura Perls\u2019in \u00e7al\u0131\u015fmalar\u0131yla bug\u00fcnk\u00fc temeli at\u0131lm\u0131\u015ft\u0131r. Sandalye \u00c7al\u0131\u015fmas\u0131, bili\u015fsel, davran\u0131\u015fsal, varolu\u015fsal, \u015fema, Jungcu, deneyimsel, psikodinamik ve b\u00fct\u00fcnle\u015ftirici yakla\u015f\u0131mlar taraf\u0131ndan kabul g\u00f6rm\u00fc\u015f ve g\u00fcn\u00fcm\u00fcz terapistlerinin ara\u00e7 \u00e7antas\u0131nda \u00f6nemli bir yer tutmaktad\u0131r.Sandalye \u00c7al\u0131\u015fmas\u0131 ile ilgili T\u00fcrkiye\u2019de ilk kez yay\u0131mlanan bu kitap, klinisyenleri temel diyalog stratejileriyle tan\u0131\u015ft\u0131r\u0131r ve terap\u00f6tik y\u00fczle\u015fme ve yeniden canland\u0131rma tekniklerinin nas\u0131l uygulanaca\u011f\u0131n\u0131 vaka \u00f6rnekleri \u00fczerinden g\u00f6sterir. Sandalye \u00c7al\u0131\u015fmas\u0131&#8217;n\u0131n m\u00fcdahaleleri, i\u00e7sel ve d\u0131\u015fsal diyaloglar olmak \u00fczere iki ana ba\u015fl\u0131k alt\u0131nda toplanabilir. D\u0131\u015fsal diyaloglar, hastalar\u0131n kay\u0131p ve yas s\u00fcrecini y\u00f6netmelerine, travma ve istismar\u0131 a\u015fmalar\u0131na, zorlu ili\u015fkilerle ba\u015fa \u00e7\u0131kmalar\u0131na ve \u00f6zg\u00fcvenlerini g\u00fc\u00e7lendirmelerine yard\u0131mc\u0131 olurken; i\u00e7sel diyaloglar, i\u00e7 \u00e7at\u0131\u015fmalar\u0131 \u00e7\u00f6zmeye, ele\u015ftirel i\u00e7 sesin olumsuz etkisine kar\u015f\u0131 koymaya, r\u00fcya \u00e7al\u0131\u015fmalar\u0131na ve kutupluk \u00e7al\u0131\u015fmas\u0131 y\u00f6ntemiyle bireyin fark\u0131ndal\u0131\u011f\u0131n\u0131 artt\u0131rmaya odaklan\u0131r.\u2018\u2019Hem i\u00e7sel hem de d\u0131\u015fsal diyaloglar\u0131 kapsayan bu kitap, ba\u011f\u0131ml\u0131l\u0131k, sosyal bask\u0131, t\u0131bbi sorunlar ve psikoz gibi durumlarla \u00e7al\u0131\u015f\u0131rken Sandalye \u00c7al\u0131\u015fmas\u0131 y\u00f6nteminin nas\u0131l g\u00fc\u00e7l\u00fc bir m\u00fcdahale arac\u0131 olabilece\u011fini belirgin bir \u015fekilde vurgulamaktad\u0131r.\u2019\u2019<\/p>\n","protected":false},"excerpt":{"rendered":"<p>Sandalye \u00c7al\u0131\u015fmas\u0131 y\u00f6ntemini ilk kez 1950&#8217;lerde, grup psikoterapisinin \u00f6nc\u00fcs\u00fc ve psikodramas\u0131n\u0131n yarat\u0131c\u0131s\u0131 Birle\u015fik Amerikal\u0131 psikiyatrist Dr. Jacob Moreno taraf\u0131ndan ortaya koyulmu\u015f, 1960&#8217;larda ise Gestalt Terapisini geli\u015ftiren<span class=\"excerpt-hellip\"> [\u2026]<\/span><\/p>\n","protected":false},"featured_media":0,"template":"","meta":{"_monsterinsights_skip_tracking":false,"_monsterinsights_sitenote_active":false,"_monsterinsights_sitenote_note":"","_monsterinsights_sitenote_category":0},"product_brand":[],"product_cat":[12357],"product_tag":[],"class_list":{"0":"post-752579","1":"product","2":"type-product","3":"status-publish","5":"product_cat-psikoloji","6":"pa_cilt-ciltsiz","7":"pa_tur-kitap","8":"pa_yayinevi-psikonet-yayinlari","9":"pa_yazar-scott-kellogg","11":"first","12":"instock","13":"sale","14":"shipping-taxable","15":"purchasable","16":"product-type-simple"},"_links":{"self":[{"href":"https:\/\/roveyayinevi.com.tr\/index.php\/wp-json\/wp\/v2\/product\/752579","targetHints":{"allow":["GET"]}}],"collection":[{"href":"https:\/\/roveyayinevi.com.tr\/index.php\/wp-json\/wp\/v2\/product"}],"about":[{"href":"https:\/\/roveyayinevi.com.tr\/index.php\/wp-json\/wp\/v2\/types\/product"}],"wp:attachment":[{"href":"https:\/\/roveyayinevi.com.tr\/index.php\/wp-json\/wp\/v2\/media?parent=752579"}],"wp:term":[{"taxonomy":"product_brand","embeddable":true,"href":"https:\/\/roveyayinevi.com.tr\/index.php\/wp-json\/wp\/v2\/product_brand?post=752579"},{"taxonomy":"product_cat","embeddable":true,"href":"https:\/\/roveyayinevi.com.tr\/index.php\/wp-json\/wp\/v2\/product_cat?post=752579"},{"taxonomy":"product_tag","embeddable":true,"href":"https:\/\/roveyayinevi.com.tr\/index.php\/wp-json\/wp\/v2\/product_tag?post=752579"}],"curies":[{"name":"wp","href":"https:\/\/api.w.org\/{rel}","templated":true}]}}