{"id":752575,"date":"2025-08-28T05:19:34","date_gmt":"2025-08-28T02:19:34","guid":{"rendered":"https:\/\/roveyayinevi.com.tr\/index.php\/urun\/otizm-spektrumundaki-cocuklarla-drama-uygulamalari\/"},"modified":"2026-04-16T03:05:58","modified_gmt":"2026-04-16T00:05:58","slug":"otizm-spektrumundaki-cocuklarla-drama-uygulamalari","status":"publish","type":"product","link":"https:\/\/roveyayinevi.com.tr\/index.php\/urun\/otizm-spektrumundaki-cocuklarla-drama-uygulamalari\/","title":{"rendered":"Otizm Spektrumundaki \u00c7ocuklarla Drama Uygulamalar\u0131"},"content":{"rendered":"<p>Otizm Spektrumundaki \u00e7ocuklarla ileti\u015fim kurmak ve onlar\u0131 kendilerini ifade etmeye y\u00f6nlendirmek hi\u00e7 bu kadar kolay olmam\u0131\u015ft\u0131! Otizm Spektrumundaki \u00c7ocuklarla Drama Uygulamalar\u0131, \u00e7ocuklar\u0131n \u00f6\u011frenim ve geli\u015fimlerini desteklemek i\u00e7in onlara kim olduklar\u0131 ve kendileri olarak daha etkili bir \u015fekilde i\u015flev g\u00f6rme \u00f6zg\u00fcrl\u00fc\u011f\u00fc verilmesi konular\u0131na e\u011filmektedir. Odak noktas\u0131, otizmli insanlar\u0131n, sosyal d\u00fcnya hakk\u0131nda daha iyi anlay\u0131\u015f geli\u015ftirmesini sa\u011flamak ve g\u00fcnl\u00fck ya\u015fant\u0131lar\u0131n\u0131 daha ba\u015far\u0131l\u0131 bir \u015fekilde nas\u0131l y\u00f6netebilece\u011finizi anlamak \u00fczerinedir. Bu pratik kaynak kitap, 5-11 ya\u015f aras\u0131 \u00e7ocuklarda kullan\u0131lmak \u00fczere 150\u2019den fazla etkinlik i\u00e7ermektedir. Yayg\u0131n e\u011fitim ve \u00f6zel e\u011fitim \u00f6\u011fretmenleri, konu\u015fma ve dil terapistleri, drama \u00f6\u011fretmenleri, oyun \u00e7al\u0131\u015fanlar\u0131 ve yarat\u0131c\u0131 sanat terapistleri i\u00e7in yaz\u0131lm\u0131\u015ft\u0131r. Kitap, otizm yelpazesindeki \u00e7ocuklarla drama kullan\u0131m\u0131yla; ba\u015fkalar\u0131yla birlikte olmak, onlarla iyi hissetmek ve g\u00fcvenin geli\u015fimini desteklemek, keyifli bir \u015fekilde ileti\u015fim kurmak gibi de\u011ferli deneyimler sunmaktad\u0131r. Ayr\u0131ca drama, g\u00fcnl\u00fck sosyal durumlar\u0131 yans\u0131tmak ve \u00e7ocuklar\u0131n \u00e7evrelerindeki d\u00fcnya hakk\u0131ndaki anlay\u0131\u015flar\u0131n\u0131 geli\u015ftirmek i\u00e7in zengin bir i\u00e7erikle ilerleme ortam\u0131 sa\u011fl\u0131yor. Kitap, t\u00fcm \u00e7ocuklar\u0131n keyif alabilece\u011fi drama etkinliklerinin nas\u0131l uygulanabilece\u011fine ili\u015fkin bir rehberdir. <\/p>\n","protected":false},"excerpt":{"rendered":"<p>Otizm Spektrumundaki \u00e7ocuklarla ileti\u015fim kurmak ve onlar\u0131 kendilerini ifade etmeye y\u00f6nlendirmek hi\u00e7 bu kadar kolay olmam\u0131\u015ft\u0131! Otizm Spektrumundaki \u00c7ocuklarla Drama Uygulamalar\u0131, \u00e7ocuklar\u0131n \u00f6\u011frenim ve geli\u015fimlerini desteklemek<span class=\"excerpt-hellip\"> [\u2026]<\/span><\/p>\n","protected":false},"featured_media":0,"template":"","meta":{"_monsterinsights_skip_tracking":false,"_monsterinsights_sitenote_active":false,"_monsterinsights_sitenote_note":"","_monsterinsights_sitenote_category":0},"product_brand":[],"product_cat":[12357],"product_tag":[],"class_list":{"0":"post-752575","1":"product","2":"type-product","3":"status-publish","5":"product_cat-psikoloji","6":"pa_cilt-ciltsiz","7":"pa_tur-kitap","8":"pa_yayinevi-sola-kidz","9":"pa_yazar-carmel-conn","11":"first","12":"instock","13":"sale","14":"shipping-taxable","15":"purchasable","16":"product-type-simple"},"_links":{"self":[{"href":"https:\/\/roveyayinevi.com.tr\/index.php\/wp-json\/wp\/v2\/product\/752575","targetHints":{"allow":["GET"]}}],"collection":[{"href":"https:\/\/roveyayinevi.com.tr\/index.php\/wp-json\/wp\/v2\/product"}],"about":[{"href":"https:\/\/roveyayinevi.com.tr\/index.php\/wp-json\/wp\/v2\/types\/product"}],"wp:attachment":[{"href":"https:\/\/roveyayinevi.com.tr\/index.php\/wp-json\/wp\/v2\/media?parent=752575"}],"wp:term":[{"taxonomy":"product_brand","embeddable":true,"href":"https:\/\/roveyayinevi.com.tr\/index.php\/wp-json\/wp\/v2\/product_brand?post=752575"},{"taxonomy":"product_cat","embeddable":true,"href":"https:\/\/roveyayinevi.com.tr\/index.php\/wp-json\/wp\/v2\/product_cat?post=752575"},{"taxonomy":"product_tag","embeddable":true,"href":"https:\/\/roveyayinevi.com.tr\/index.php\/wp-json\/wp\/v2\/product_tag?post=752575"}],"curies":[{"name":"wp","href":"https:\/\/api.w.org\/{rel}","templated":true}]}}