{"id":752574,"date":"2025-08-28T05:19:33","date_gmt":"2025-08-28T02:19:33","guid":{"rendered":"https:\/\/roveyayinevi.com.tr\/index.php\/urun\/utangacligin-otesinde\/"},"modified":"2026-04-16T03:05:57","modified_gmt":"2026-04-16T00:05:57","slug":"utangacligin-otesinde","status":"publish","type":"product","link":"https:\/\/roveyayinevi.com.tr\/index.php\/urun\/utangacligin-otesinde\/","title":{"rendered":"Utanga\u00e7l\u0131\u011f\u0131n \u00d6tesinde"},"content":{"rendered":"<p>Utanga\u00e7l\u0131k, bir\u00e7ok insan\u0131n hayat\u0131nda b\u00fcy\u00fck bir engel olu\u015fturabilir. \u0130nsanlarla ileti\u015fim kurarken, topluluk \u00f6n\u00fcnde konu\u015fma yaparken veya yeni insanlarla tan\u0131\u015f\u0131rken hissedilen endi\u015fe ve \u00e7ekingenlik duygular\u0131, bireyleri geri \u00e7ekilmeye ve f\u0131rsatlar\u0131 ka\u00e7\u0131rmaya sevk edebilir. Ancak, sosyal kayg\u0131n\u0131n \u00fcstesinden gelmek ve ger\u00e7ek bir de\u011fi\u015fim i\u00e7in cesaretlendirici bir yolculu\u011fa \u00e7\u0131kmak m\u00fcmk\u00fcn! Jonathan Berent, y\u0131llar s\u00fcren deneyimi ve uzmanl\u0131\u011f\u0131yla, sosyal kayg\u0131y\u0131 anlamak, kabul etmek ve d\u00f6n\u00fc\u015ft\u00fcrmek i\u00e7in kapsaml\u0131 bir rehber sunuyor. Bu kitap, sizlere kendinizi ifade etmenin yollar\u0131n\u0131 g\u00f6sterirken, sosyal etkile\u015fimlerde daha rahat hissetmenizi sa\u011flayacak stratejilere de sahip. Berent&#8217;in benzersiz yakla\u015f\u0131m\u0131, sizi i\u00e7sel bir yolculu\u011fa \u00e7\u0131kar\u0131p sosyal kayg\u0131yla ba\u015fa \u00e7\u0131kma becerilerinizi geli\u015ftirmenize yard\u0131mc\u0131 olacak. \u201cUtanga\u00e7l\u0131\u011f\u0131n \u00d6tesinde\u201d sosyal kayg\u0131yla m\u00fccadele eden herkes i\u00e7in bir k\u0131lavuz niteli\u011fi ta\u015f\u0131rken, daha sa\u011fl\u0131kl\u0131 ve tatmin edici sosyal ili\u015fkiler kurmak isteyen herkes i\u00e7in de vazge\u00e7ilmez bir kaynak! Jonathan Berent&#8217;in bilgeli\u011fi ve rehberli\u011fi, utanga\u00e7l\u0131\u011f\u0131n \u00fcstesinden gelmek ve ger\u00e7ek bir de\u011fi\u015fim sa\u011flamak isteyen herkese ilham verecek.<\/p>\n","protected":false},"excerpt":{"rendered":"<p>Utanga\u00e7l\u0131k, bir\u00e7ok insan\u0131n hayat\u0131nda b\u00fcy\u00fck bir engel olu\u015fturabilir. \u0130nsanlarla ileti\u015fim kurarken, topluluk \u00f6n\u00fcnde konu\u015fma yaparken veya yeni insanlarla tan\u0131\u015f\u0131rken hissedilen endi\u015fe ve \u00e7ekingenlik duygular\u0131, bireyleri geri<span class=\"excerpt-hellip\"> [\u2026]<\/span><\/p>\n","protected":false},"featured_media":0,"template":"","meta":{"_monsterinsights_skip_tracking":false,"_monsterinsights_sitenote_active":false,"_monsterinsights_sitenote_note":"","_monsterinsights_sitenote_category":0},"product_brand":[],"product_cat":[12357],"product_tag":[],"class_list":{"0":"post-752574","1":"product","2":"type-product","3":"status-publish","5":"product_cat-psikoloji","6":"pa_cilt-ciltsiz","7":"pa_tur-kitap","8":"pa_yayinevi-sola-unitas","9":"pa_yazar-jonathan-berent","11":"first","12":"instock","13":"sale","14":"shipping-taxable","15":"purchasable","16":"product-type-simple"},"_links":{"self":[{"href":"https:\/\/roveyayinevi.com.tr\/index.php\/wp-json\/wp\/v2\/product\/752574","targetHints":{"allow":["GET"]}}],"collection":[{"href":"https:\/\/roveyayinevi.com.tr\/index.php\/wp-json\/wp\/v2\/product"}],"about":[{"href":"https:\/\/roveyayinevi.com.tr\/index.php\/wp-json\/wp\/v2\/types\/product"}],"wp:attachment":[{"href":"https:\/\/roveyayinevi.com.tr\/index.php\/wp-json\/wp\/v2\/media?parent=752574"}],"wp:term":[{"taxonomy":"product_brand","embeddable":true,"href":"https:\/\/roveyayinevi.com.tr\/index.php\/wp-json\/wp\/v2\/product_brand?post=752574"},{"taxonomy":"product_cat","embeddable":true,"href":"https:\/\/roveyayinevi.com.tr\/index.php\/wp-json\/wp\/v2\/product_cat?post=752574"},{"taxonomy":"product_tag","embeddable":true,"href":"https:\/\/roveyayinevi.com.tr\/index.php\/wp-json\/wp\/v2\/product_tag?post=752574"}],"curies":[{"name":"wp","href":"https:\/\/api.w.org\/{rel}","templated":true}]}}