{"id":752573,"date":"2025-08-28T05:19:32","date_gmt":"2025-08-28T02:19:32","guid":{"rendered":"https:\/\/roveyayinevi.com.tr\/index.php\/urun\/anne-yarasini-iyilestirmek\/"},"modified":"2026-04-16T03:05:57","modified_gmt":"2026-04-16T00:05:57","slug":"anne-yarasini-iyilestirmek","status":"publish","type":"product","link":"https:\/\/roveyayinevi.com.tr\/index.php\/urun\/anne-yarasini-iyilestirmek\/","title":{"rendered":"Anne Yaras\u0131n\u0131 \u0130yile\u015ftirmek"},"content":{"rendered":"<p>\u201cAnne yaras\u0131n\u0131 iyile\u015ftirmek, tamamen biz kad\u0131nlar\u0131n utan\u00e7 duymadan kendimizi ve yeteneklerimizi kucaklamam\u0131zla ilgili. Duygusal ac\u0131y\u0131 kavray\u0131p bilince ta\u015f\u0131yacak \u015fekilde d\u00f6n\u00fc\u015ft\u00fcrme kapasitemizi geni\u015fletmemizle ilgili. Ataerki taraf\u0131ndan yarat\u0131lm\u0131\u015f \u00e7ok eski bir dengesizli\u011fi d\u00fczeltmekle ilgili.\u201d   Yazar Bethany Webster, Anne Yaras\u0131n\u0131 \u0130yile\u015ftirmek kitab\u0131n\u0131n \u00e7a\u011fr\u0131s\u0131n\u0131 b\u00f6yle \u00f6zetliyor. Bu kitap, her ya\u015ftan kad\u0131n i\u00e7in utanc\u0131n zincirlerinden kurtulmak, sevgiyi, onay\u0131, alk\u0131\u015f\u0131 d\u0131\u015far\u0131da arayarak ge\u00e7en g\u00fcnlerin yas\u0131n\u0131 tutmak ve ta\u015f\u0131d\u0131\u011f\u0131m\u0131z kederli hik\u00e2yelerden \u00f6zg\u00fcrle\u015fmek i\u00e7in muazzam bir davet. Kendini ba\u015fkalar\u0131na boyun e\u011fmek zorunda hisseden, sevgiye ve g\u00f6r\u00fclmeye yaln\u0131zca birilerini memnun ederek ula\u015fabilece\u011fine inand\u0131r\u0131lm\u0131\u015f yaral\u0131 annelerin yaral\u0131 k\u0131zlar\u0131na bir \u00e7a\u011fr\u0131 bu: Hi\u00e7bir \u015fey eskisi gibi olmak zorunda de\u011fil. \u0130yile\u015fmenin bir yolu var.   Anne yaras\u0131, insan soyunun kalbine gizlice s\u0131zan ve her birimizin hayat\u0131na damgas\u0131n\u0131 vuran, dinmeyen bir yara. Sistemin yaratt\u0131\u011f\u0131 ku\u015faklararas\u0131 travman\u0131n ki\u015fisel, k\u00fclt\u00fcrel ve k\u00fcresel sonu\u00e7lar\u0131n\u0131n annelerden k\u0131zlar\u0131na nas\u0131l aktar\u0131ld\u0131\u011f\u0131 ve bu y\u0131k\u0131c\u0131 d\u00f6ng\u00fcy\u00fc nas\u0131l k\u0131rabilece\u011fimiz \u00fczerine, ilham veren bir yolculuk sizleri bekliyor. Anne yaras\u0131n\u0131 ke\u015ffetmek, i\u00e7sel anne arketipiyle yeniden ili\u015fki kurmak ve kendine ebevenylik yapmak, hi\u00e7 bu kadar d\u00f6n\u00fc\u015ft\u00fcr\u00fcc\u00fc olmam\u0131\u015ft\u0131.   Gezegendeki kirlilik, i\u00e7sel psi\u015fik kirlili\u011fin d\u0131\u015far\u0131ya yans\u0131mas\u0131ndan kaynaklan\u0131yor; bu, milyonlarca bilin\u00e7siz bireyin kendi i\u00e7sel alanlar\u0131n\u0131n sorumlulu\u011funu almamas\u0131n\u0131n yans\u0131mas\u0131d\u0131r. -Echart Tolle <\/p>\n","protected":false},"excerpt":{"rendered":"<p>\u201cAnne yaras\u0131n\u0131 iyile\u015ftirmek, tamamen biz kad\u0131nlar\u0131n utan\u00e7 duymadan kendimizi ve yeteneklerimizi kucaklamam\u0131zla ilgili. Duygusal ac\u0131y\u0131 kavray\u0131p bilince ta\u015f\u0131yacak \u015fekilde d\u00f6n\u00fc\u015ft\u00fcrme kapasitemizi geni\u015fletmemizle ilgili. Ataerki taraf\u0131ndan yarat\u0131lm\u0131\u015f<span class=\"excerpt-hellip\"> [\u2026]<\/span><\/p>\n","protected":false},"featured_media":0,"template":"","meta":{"_monsterinsights_skip_tracking":false,"_monsterinsights_sitenote_active":false,"_monsterinsights_sitenote_note":"","_monsterinsights_sitenote_category":0},"product_brand":[],"product_cat":[12364,12376],"product_tag":[],"class_list":{"0":"post-752573","1":"product","2":"type-product","3":"status-publish","5":"product_cat-genel-konular","6":"product_cat-kisisel-gelisim","7":"pa_cilt-ciltsiz","8":"pa_tur-kitap","9":"pa_yayinevi-omega","10":"pa_yazar-bethany-webstrer","12":"first","13":"instock","14":"sale","15":"shipping-taxable","16":"purchasable","17":"product-type-simple"},"_links":{"self":[{"href":"https:\/\/roveyayinevi.com.tr\/index.php\/wp-json\/wp\/v2\/product\/752573","targetHints":{"allow":["GET"]}}],"collection":[{"href":"https:\/\/roveyayinevi.com.tr\/index.php\/wp-json\/wp\/v2\/product"}],"about":[{"href":"https:\/\/roveyayinevi.com.tr\/index.php\/wp-json\/wp\/v2\/types\/product"}],"wp:attachment":[{"href":"https:\/\/roveyayinevi.com.tr\/index.php\/wp-json\/wp\/v2\/media?parent=752573"}],"wp:term":[{"taxonomy":"product_brand","embeddable":true,"href":"https:\/\/roveyayinevi.com.tr\/index.php\/wp-json\/wp\/v2\/product_brand?post=752573"},{"taxonomy":"product_cat","embeddable":true,"href":"https:\/\/roveyayinevi.com.tr\/index.php\/wp-json\/wp\/v2\/product_cat?post=752573"},{"taxonomy":"product_tag","embeddable":true,"href":"https:\/\/roveyayinevi.com.tr\/index.php\/wp-json\/wp\/v2\/product_tag?post=752573"}],"curies":[{"name":"wp","href":"https:\/\/api.w.org\/{rel}","templated":true}]}}