{"id":752571,"date":"2025-08-28T05:19:29","date_gmt":"2025-08-28T02:19:29","guid":{"rendered":"https:\/\/roveyayinevi.com.tr\/index.php\/urun\/hassas-kalplerin-cehennemi\/"},"modified":"2026-04-16T03:05:57","modified_gmt":"2026-04-16T00:05:57","slug":"hassas-kalplerin-cehennemi","status":"publish","type":"product","link":"https:\/\/roveyayinevi.com.tr\/index.php\/urun\/hassas-kalplerin-cehennemi\/","title":{"rendered":"Hassas Kalplerin Cehennemi"},"content":{"rendered":"<p>Sava\u015flar, k\u0131y\u0131mlar, katliamlar, g\u00f6\u00e7 yollar\u0131nda \u00f6l\u00fcmler\u2026 Kad\u0131nlara y\u00f6nelik \u00f6ld\u00fcrme eylemleri, \u00e7ocuk ve gen\u00e7lerin sava\u015fta \u00f6lmeleri ya da sakat kalmalar\u0131, intiharlar&#8230; \u0130ki insandan biri di\u011ferini kendi cehennemi olarak g\u00f6r\u00fcyor.\u0130nsan i\u00e7inde var oldu\u011fu gezegeni kendi i\u00e7indeki cehennemle yakmaya devam edecek mi?Her \u015fey en ba\u015fa m\u0131 d\u00f6necek?Yoksa kendini yok etmeye g\u00f6t\u00fcren bu s\u00fcre\u00e7te ilerlerken bir uyan\u0131\u015f m\u0131 ya\u015fayacak?Kendini ba\u015fka bir insanda tan\u0131maya \u00e7al\u0131\u015f\u0131rken i\u00e7indeki cehennemi sevgi dolu bir cennete \u00e7evirebilecek mi?<\/p>\n","protected":false},"excerpt":{"rendered":"<p>Sava\u015flar, k\u0131y\u0131mlar, katliamlar, g\u00f6\u00e7 yollar\u0131nda \u00f6l\u00fcmler\u2026 Kad\u0131nlara y\u00f6nelik \u00f6ld\u00fcrme eylemleri, \u00e7ocuk ve gen\u00e7lerin sava\u015fta \u00f6lmeleri ya da sakat kalmalar\u0131, intiharlar&#8230; \u0130ki insandan biri di\u011ferini kendi cehennemi<span class=\"excerpt-hellip\"> [\u2026]<\/span><\/p>\n","protected":false},"featured_media":0,"template":"","meta":{"_monsterinsights_skip_tracking":false,"_monsterinsights_sitenote_active":false,"_monsterinsights_sitenote_note":"","_monsterinsights_sitenote_category":0},"product_brand":[],"product_cat":[12777,12291],"product_tag":[],"class_list":{"0":"post-752571","1":"product","2":"type-product","3":"status-publish","5":"product_cat-deneme","6":"product_cat-edebiyat","7":"pa_cilt-ciltsiz","8":"pa_tur-kitap","9":"pa_yayinevi-kitap-muptelasi-yayinlari","10":"pa_yazar-umit-kardas","12":"first","13":"instock","14":"sale","15":"shipping-taxable","16":"purchasable","17":"product-type-simple"},"_links":{"self":[{"href":"https:\/\/roveyayinevi.com.tr\/index.php\/wp-json\/wp\/v2\/product\/752571","targetHints":{"allow":["GET"]}}],"collection":[{"href":"https:\/\/roveyayinevi.com.tr\/index.php\/wp-json\/wp\/v2\/product"}],"about":[{"href":"https:\/\/roveyayinevi.com.tr\/index.php\/wp-json\/wp\/v2\/types\/product"}],"wp:attachment":[{"href":"https:\/\/roveyayinevi.com.tr\/index.php\/wp-json\/wp\/v2\/media?parent=752571"}],"wp:term":[{"taxonomy":"product_brand","embeddable":true,"href":"https:\/\/roveyayinevi.com.tr\/index.php\/wp-json\/wp\/v2\/product_brand?post=752571"},{"taxonomy":"product_cat","embeddable":true,"href":"https:\/\/roveyayinevi.com.tr\/index.php\/wp-json\/wp\/v2\/product_cat?post=752571"},{"taxonomy":"product_tag","embeddable":true,"href":"https:\/\/roveyayinevi.com.tr\/index.php\/wp-json\/wp\/v2\/product_tag?post=752571"}],"curies":[{"name":"wp","href":"https:\/\/api.w.org\/{rel}","templated":true}]}}