{"id":752570,"date":"2025-08-28T05:19:27","date_gmt":"2025-08-28T02:19:27","guid":{"rendered":"https:\/\/roveyayinevi.com.tr\/index.php\/urun\/kirilmaz-cekirdek\/"},"modified":"2026-04-16T03:05:57","modified_gmt":"2026-04-16T00:05:57","slug":"kirilmaz-cekirdek","status":"publish","type":"product","link":"https:\/\/roveyayinevi.com.tr\/index.php\/urun\/kirilmaz-cekirdek\/","title":{"rendered":"K\u0131r\u0131lmaz \u00c7ekirdek"},"content":{"rendered":"<p>Galaksiler d\u00f6nerek savrulurkenS\u00fcr\u00fcklenir g\u00fcne\u015f d\u00fcnya ve ay\u0130nsan ya\u015far bir r\u00fcyadaBir nefes al\u0131\u015f kadar<\/p>\n","protected":false},"excerpt":{"rendered":"<p>Galaksiler d\u00f6nerek savrulurkenS\u00fcr\u00fcklenir g\u00fcne\u015f d\u00fcnya ve ay\u0130nsan ya\u015far bir r\u00fcyadaBir nefes al\u0131\u015f kadar<\/p>\n","protected":false},"featured_media":0,"template":"","meta":{"_monsterinsights_skip_tracking":false,"_monsterinsights_sitenote_active":false,"_monsterinsights_sitenote_note":"","_monsterinsights_sitenote_category":0},"product_brand":[],"product_cat":[12291,12509],"product_tag":[],"class_list":{"0":"post-752570","1":"product","2":"type-product","3":"status-publish","5":"product_cat-edebiyat","6":"product_cat-siir","7":"pa_cilt-ciltsiz","8":"pa_tur-kitap","9":"pa_yayinevi-kitap-muptelasi-yayinlari","10":"pa_yazar-umit-kardas","12":"first","13":"instock","14":"sale","15":"shipping-taxable","16":"purchasable","17":"product-type-simple"},"_links":{"self":[{"href":"https:\/\/roveyayinevi.com.tr\/index.php\/wp-json\/wp\/v2\/product\/752570","targetHints":{"allow":["GET"]}}],"collection":[{"href":"https:\/\/roveyayinevi.com.tr\/index.php\/wp-json\/wp\/v2\/product"}],"about":[{"href":"https:\/\/roveyayinevi.com.tr\/index.php\/wp-json\/wp\/v2\/types\/product"}],"wp:attachment":[{"href":"https:\/\/roveyayinevi.com.tr\/index.php\/wp-json\/wp\/v2\/media?parent=752570"}],"wp:term":[{"taxonomy":"product_brand","embeddable":true,"href":"https:\/\/roveyayinevi.com.tr\/index.php\/wp-json\/wp\/v2\/product_brand?post=752570"},{"taxonomy":"product_cat","embeddable":true,"href":"https:\/\/roveyayinevi.com.tr\/index.php\/wp-json\/wp\/v2\/product_cat?post=752570"},{"taxonomy":"product_tag","embeddable":true,"href":"https:\/\/roveyayinevi.com.tr\/index.php\/wp-json\/wp\/v2\/product_tag?post=752570"}],"curies":[{"name":"wp","href":"https:\/\/api.w.org\/{rel}","templated":true}]}}