{"id":752569,"date":"2025-08-28T05:19:26","date_gmt":"2025-08-28T02:19:26","guid":{"rendered":"https:\/\/roveyayinevi.com.tr\/index.php\/urun\/benim-adim-zeynep\/"},"modified":"2026-04-13T03:11:53","modified_gmt":"2026-04-13T00:11:53","slug":"benim-adim-zeynep","status":"publish","type":"product","link":"https:\/\/roveyayinevi.com.tr\/index.php\/urun\/benim-adim-zeynep\/","title":{"rendered":"Benim Ad\u0131m Zeynep"},"content":{"rendered":"<p>O, bu topraklarda kad\u0131n olman\u0131n makus talihini yenerken isminden, y\u00fcz\u00fcnden olmu\u015f bir kad\u0131n\u2026 Erkek \u015fiddetine ba\u015fkald\u0131r\u0131p kendi sava\u015f\u0131n\u0131 vererek, bu girdaptan kurtulabilmi\u015f ender kad\u0131nlardan biri\u2026 Her d\u00fc\u015ft\u00fc\u011f\u00fcnde kalkmay\u0131 ba\u015farm\u0131\u015f, uzat\u0131lan ellere s\u0131k\u0131 s\u0131k\u0131 tutunmu\u015f ve vazge\u00e7memenin m\u00fckafat\u0131n\u0131 eninde sonunda alm\u0131\u015f bir kad\u0131n\u2026 Bir zamanlar Eyl\u00fcl\u2019d\u00fc ad\u0131, \u015fimdiyse Zeynep\u2026 \u0130Y\u0130L\u0130K VE K\u00d6T\u00dcL\u00dcK ARASINDA CANHIRA\u015e B\u0130R M\u00dcCADELE \u201cK\u00f6t\u00fc insanlar, hep var oldu ve olacak. Pi\u015fman olup iyi olacak. \u0130yiyi oynayacak. Maskelerle dola\u015f\u0131yor k\u00f6t\u00fc insanlar. \u0130yilik takm\u0131\u015flar y\u00fczlerine, Ya iyi insanlar? Onlar da hep var oldu ve olacak.\u201d <\/p>\n","protected":false},"excerpt":{"rendered":"<p>O, bu topraklarda kad\u0131n olman\u0131n makus talihini yenerken isminden, y\u00fcz\u00fcnden olmu\u015f bir kad\u0131n\u2026 Erkek \u015fiddetine ba\u015fkald\u0131r\u0131p kendi sava\u015f\u0131n\u0131 vererek, bu girdaptan kurtulabilmi\u015f ender kad\u0131nlardan biri\u2026 Her<span class=\"excerpt-hellip\"> [\u2026]<\/span><\/p>\n","protected":false},"featured_media":0,"template":"","meta":{"_monsterinsights_skip_tracking":false,"_monsterinsights_sitenote_active":false,"_monsterinsights_sitenote_note":"","_monsterinsights_sitenote_category":0},"product_brand":[],"product_cat":[12291,18202],"product_tag":[],"class_list":{"0":"post-752569","1":"product","2":"type-product","3":"status-publish","5":"product_cat-edebiyat","6":"product_cat-hikaye","7":"pa_cilt-ciltsiz","8":"pa_tur-kitap","9":"pa_yayinevi-kitap-muptelasi-yayinlari","10":"pa_yazar-yasemin-gokay","12":"first","13":"instock","14":"sale","15":"shipping-taxable","16":"purchasable","17":"product-type-simple"},"_links":{"self":[{"href":"https:\/\/roveyayinevi.com.tr\/index.php\/wp-json\/wp\/v2\/product\/752569","targetHints":{"allow":["GET"]}}],"collection":[{"href":"https:\/\/roveyayinevi.com.tr\/index.php\/wp-json\/wp\/v2\/product"}],"about":[{"href":"https:\/\/roveyayinevi.com.tr\/index.php\/wp-json\/wp\/v2\/types\/product"}],"wp:attachment":[{"href":"https:\/\/roveyayinevi.com.tr\/index.php\/wp-json\/wp\/v2\/media?parent=752569"}],"wp:term":[{"taxonomy":"product_brand","embeddable":true,"href":"https:\/\/roveyayinevi.com.tr\/index.php\/wp-json\/wp\/v2\/product_brand?post=752569"},{"taxonomy":"product_cat","embeddable":true,"href":"https:\/\/roveyayinevi.com.tr\/index.php\/wp-json\/wp\/v2\/product_cat?post=752569"},{"taxonomy":"product_tag","embeddable":true,"href":"https:\/\/roveyayinevi.com.tr\/index.php\/wp-json\/wp\/v2\/product_tag?post=752569"}],"curies":[{"name":"wp","href":"https:\/\/api.w.org\/{rel}","templated":true}]}}