{"id":752568,"date":"2025-08-28T05:19:24","date_gmt":"2025-08-28T02:19:24","guid":{"rendered":"https:\/\/roveyayinevi.com.tr\/index.php\/urun\/ben-sana-sustum\/"},"modified":"2026-04-12T03:09:47","modified_gmt":"2026-04-12T00:09:47","slug":"ben-sana-sustum","status":"publish","type":"product","link":"https:\/\/roveyayinevi.com.tr\/index.php\/urun\/ben-sana-sustum\/","title":{"rendered":"Ben Sana Sustum"},"content":{"rendered":"<p>Susuyorum anlasana Sabr\u0131m s\u00fckutum sana Teslimiyetim sana Avu\u00e7lar\u0131na b\u0131rak\u0131yorum Bin bir ad\u0131m yorgunu y\u00fcre\u011fimi\u2026 <\/p>\n","protected":false},"excerpt":{"rendered":"<p>Susuyorum anlasana Sabr\u0131m s\u00fckutum sana Teslimiyetim sana Avu\u00e7lar\u0131na b\u0131rak\u0131yorum Bin bir ad\u0131m yorgunu y\u00fcre\u011fimi\u2026<\/p>\n","protected":false},"featured_media":0,"template":"","meta":{"_monsterinsights_skip_tracking":false,"_monsterinsights_sitenote_active":false,"_monsterinsights_sitenote_note":"","_monsterinsights_sitenote_category":0},"product_brand":[],"product_cat":[12291,12509],"product_tag":[],"class_list":{"0":"post-752568","1":"product","2":"type-product","3":"status-publish","5":"product_cat-edebiyat","6":"product_cat-siir","7":"pa_cilt-ciltsiz","8":"pa_tur-kitap","9":"pa_yayinevi-kitap-muptelasi-yayinlari","10":"pa_yazar-huseyin-erdinc","12":"first","13":"instock","14":"sale","15":"shipping-taxable","16":"purchasable","17":"product-type-simple"},"_links":{"self":[{"href":"https:\/\/roveyayinevi.com.tr\/index.php\/wp-json\/wp\/v2\/product\/752568","targetHints":{"allow":["GET"]}}],"collection":[{"href":"https:\/\/roveyayinevi.com.tr\/index.php\/wp-json\/wp\/v2\/product"}],"about":[{"href":"https:\/\/roveyayinevi.com.tr\/index.php\/wp-json\/wp\/v2\/types\/product"}],"wp:attachment":[{"href":"https:\/\/roveyayinevi.com.tr\/index.php\/wp-json\/wp\/v2\/media?parent=752568"}],"wp:term":[{"taxonomy":"product_brand","embeddable":true,"href":"https:\/\/roveyayinevi.com.tr\/index.php\/wp-json\/wp\/v2\/product_brand?post=752568"},{"taxonomy":"product_cat","embeddable":true,"href":"https:\/\/roveyayinevi.com.tr\/index.php\/wp-json\/wp\/v2\/product_cat?post=752568"},{"taxonomy":"product_tag","embeddable":true,"href":"https:\/\/roveyayinevi.com.tr\/index.php\/wp-json\/wp\/v2\/product_tag?post=752568"}],"curies":[{"name":"wp","href":"https:\/\/api.w.org\/{rel}","templated":true}]}}